{"id":14508,"date":"2024-04-11T22:28:38","date_gmt":"2024-04-11T20:28:38","guid":{"rendered":"http:\/\/santagostinorimini.it\/new_sito\/?page_id=14508"},"modified":"2025-11-06T11:07:49","modified_gmt":"2025-11-06T10:07:49","slug":"incamminiamoci","status":"publish","type":"page","link":"https:\/\/santagostinorimini.it\/new_sito\/comunita\/i-nostri-gruppi\/incamminiamoci\/","title":{"rendered":"Incamminiamoci"},"content":{"rendered":"<div data-colibri-id=\"14508-c1\" class=\"style-7107 style-local-14508-c1 position-relative\">\n  <!---->\n  <div data-colibri-component=\"section\" data-colibri-id=\"14508-c2\" id=\"blank\" class=\"h-section h-section-global-spacing d-flex align-items-lg-center align-items-md-center align-items-center style-7108 style-local-14508-c2 position-relative\">\n    <!---->\n    <!---->\n    <div class=\"h-section-grid-container h-section-boxed-container\">\n      <!---->\n      <div data-colibri-id=\"14508-c3\" class=\"h-row-container gutters-row-lg-2 gutters-row-md-2 gutters-row-0 gutters-row-v-lg-2 gutters-row-v-md-2 gutters-row-v-2 style-11661 style-local-14508-c3 position-relative\">\n        <!---->\n        <div class=\"h-row justify-content-lg-center justify-content-md-center justify-content-center align-items-lg-stretch align-items-md-stretch align-items-stretch gutters-col-lg-2 gutters-col-md-2 gutters-col-0 gutters-col-v-lg-2 gutters-col-v-md-2 gutters-col-v-2\">\n          <!---->\n          <div class=\"h-column h-column-container d-flex h-col-lg-12 h-col-md-12 h-col-12 style-11662-outer style-local-14508-c4-outer\">\n            <div data-colibri-id=\"14508-c4\" class=\"d-flex h-flex-basis h-column__inner h-px-lg-2 h-px-md-2 h-px-2 v-inner-lg-2 v-inner-md-2 v-inner-2 style-11662 style-local-14508-c4 position-relative\">\n              <!---->\n              <!---->\n              <div class=\"w-100 h-y-container h-column__content h-column__v-align flex-basis-100 align-self-lg-start align-self-md-start align-self-start\">\n                <!---->\n                <div data-colibri-id=\"14508-c5\" class=\"h-text h-text-component style-11649 style-local-14508-c5 position-relative h-element\">\n                  <!---->\n                  <!---->\n                  <div class=\"\">\n                    <p>Tanti bambini che abitano i nostri locali e la nostra chiesa sono per noi un segno di enorme bellezza. Ripartendo dai piccoli cerchiamo di reimparare a sorridere, a gioire, a vivere a pieno la relazione con il nostro amico Ges\u00f9.&nbsp;Con\n                      i bambini vogliamo accogliere anche le loro famiglie, un modo per riallacciare i rapporti con chi magari nel tempo aveva perso i contatti con la parrocchia e\/o non aveva mai conosciuto la nostra realt\u00e0. Infatti, il catechismo non\n                      \u00e8 solo per i nostri bambini, ma \u00e8 anche testimonianza di vita per tutta la comunit\u00e0.<\/p>\n                  <\/div>\n                <\/div>\n              <\/div>\n            <\/div>\n          <\/div>\n        <\/div>\n      <\/div>\n      <div data-colibri-id=\"14508-c6\" class=\"h-row-container gutters-row-lg-2 gutters-row-md-2 gutters-row-0 gutters-row-v-lg-2 gutters-row-v-md-2 gutters-row-v-2 style-11651 style-local-14508-c6 position-relative\">\n        <!---->\n        <div class=\"h-row justify-content-lg-center justify-content-md-center justify-content-center align-items-lg-stretch align-items-md-stretch align-items-stretch gutters-col-lg-2 gutters-col-md-2 gutters-col-0 gutters-col-v-lg-2 gutters-col-v-md-2 gutters-col-v-2\">\n          <!---->\n          <div class=\"h-column h-column-container d-flex h-col-lg-auto h-col-md-auto h-col-auto style-11659-outer style-local-14508-c7-outer\">\n            <div data-colibri-id=\"14508-c7\" class=\"d-flex h-flex-basis h-column__inner h-px-lg-2 h-px-md-2 h-px-2 v-inner-lg-2 v-inner-md-2 v-inner-2 style-11659 style-local-14508-c7 position-relative\">\n              <!---->\n              <!---->\n              <div class=\"w-100 h-y-container h-column__content h-column__v-align flex-basis-100 align-self-lg-start align-self-md-start align-self-start\">\n                <!---->\n                <div data-colibri-id=\"14508-c8\" class=\"h-global-transition-all h-heading style-11665 style-local-14508-c8 position-relative h-element\">\n                  <!---->\n                  <div class=\"h-heading__outer style-11665 style-local-14508-c8\">\n                    <!---->\n                    <!---->\n                    <h2 class=\"\">\u201cINCAMMINIAMOCI\u201d<\/h2>\n                  <\/div>\n                <\/div>\n                <div data-colibri-id=\"14508-c9\" class=\"h-text h-text-component style-11657 style-local-14508-c9 position-relative h-element\">\n                  <!---->\n                  <!---->\n                  <div class=\"\">\n                    <p>\u00e8 un percorso&nbsp;che la Parrocchia&nbsp;propone alle famiglie&nbsp;che hanno&nbsp;<strong>bambini dai 3 ai 6 anni.<\/strong><\/p>\n                    <p>Scopo del percorso:<\/p>\n                  <\/div>\n                <\/div>\n                <div data-colibri-id=\"14508-c10\" class=\"h-text h-text-component style-11650 style-local-14508-c10 position-relative h-element\">\n                  <!---->\n                  <!---->\n                  <div class=\"\">\n                    <ul>\n                      <li>Approfondimento della scelta del battesimo dei figli:&nbsp;cosa significa, quanto sia importante e quale impegno comporta l\u2019avere battezzato i figli.<\/li>\n                    <\/ul>\n                  <\/div>\n                <\/div>\n                <div data-colibri-id=\"14508-c11\" class=\"h-text h-text-component style-11664 style-local-14508-c11 position-relative h-element\">\n                  <!---->\n                  <!---->\n                  <div class=\"\">\n                    <ul>\n                      <li>Amicizia tra famiglie che, pur facendo parte della stessa parrocchia, non hanno ancora avuto occasioni per conoscersi.<\/li>\n                    <\/ul>\n                  <\/div>\n                <\/div>\n                <div data-colibri-id=\"14508-c12\" class=\"h-text h-text-component style-11663 style-local-14508-c12 position-relative h-element\">\n                  <!---->\n                  <!---->\n                  <div class=\"\">\n                    <ul>\n                      <li>Confidenza con la comunit\u00e0 parrocchiale che, alla domenica, si raduna per celebrare la S. Messa, avvenimento centrale della fede cristiana.\n                        <br>\n                      <\/li>\n                    <\/ul>\n                    <p>\n                      <br>\n                    <\/p>\n                  <\/div>\n                <\/div>\n                <div data-colibri-id=\"14508-c19\" class=\"h-text h-text-component style-11666 style-local-14508-c19 position-relative h-element\">\n                  <!---->\n                  <!---->\n                  <div class=\"\">\n                    <p>comunicare in parrocchia il numero telefonico&nbsp;oppure&nbsp;email\n                      <br>per essere informati sulle attivit\u00e0 proposte.<\/p>\n                  <\/div>\n                <\/div>\n              <\/div>\n            <\/div>\n          <\/div>\n          <div class=\"h-column h-column-container d-flex h-col-lg-auto h-col-md-auto h-col-auto style-11658-outer style-local-14508-c13-outer\">\n            <div data-colibri-id=\"14508-c13\" class=\"d-flex h-flex-basis h-column__inner h-px-lg-2 h-px-md-2 h-px-2 v-inner-lg-2 v-inner-md-2 v-inner-2 style-11658 style-local-14508-c13 position-relative\">\n              <!---->\n              <!---->\n              <div class=\"w-100 h-y-container h-column__content h-column__v-align flex-basis-100 align-self-lg-start align-self-md-start align-self-start\">\n                <!---->\n                <div data-colibri-id=\"14508-c14\" class=\"d-block style-11653 style-local-14508-c14 position-relative h-element\">\n                  <!---->\n                  <div class=\"h-image__frame-container-outer\">\n                    <div class=\"h-image__frame-container\">\n                      <!---->\n                      <!---->\n                      <img loading=\"lazy\" decoding=\"async\" width=\"800\" height=\"600\" src=\"https:\/\/santagostinorimini.it\/new_sito\/wp-content\/uploads\/2025\/11\/incamminiamoci.jpg\" class=\"wp-image-31547 style-11653-image style-local-14508-c14-image\" alt=\"\" srcset=\"https:\/\/santagostinorimini.it\/new_sito\/wp-content\/uploads\/2025\/11\/incamminiamoci.jpg 800w, https:\/\/santagostinorimini.it\/new_sito\/wp-content\/uploads\/2025\/11\/incamminiamoci-300x225.jpg 300w, https:\/\/santagostinorimini.it\/new_sito\/wp-content\/uploads\/2025\/11\/incamminiamoci-768x576.jpg 768w\" sizes=\"auto, (max-width: 800px) 100vw, 800px\" \/>\n                      <div class=\"h-image__frame h-hide-lg h-hide-md h-hide-sm style-11653-frameImage style-local-14508-c14-frameImage\"><\/div>\n                    <\/div>\n                  <\/div>\n                <\/div>\n              <\/div>\n            <\/div>\n          <\/div>\n        <\/div>\n      <\/div>\n    <\/div>\n  <\/div>\n<\/div>","protected":false},"excerpt":{"rendered":"<p>Tanti bambini che abitano i nostri locali e la nostra chiesa sono per noi un segno di enorme bellezza. Ripartendo dai piccoli cerchiamo di reimparare a sorridere, a gioire, a vivere a pieno la relazione con il nostro amico Ges\u00f9.&nbsp;Con i bambini vogliamo accogliere anche le loro famiglie, un modo per riallacciare i rapporti con [&hellip;]<\/p>\n","protected":false},"author":5,"featured_media":0,"parent":304,"menu_order":0,"comment_status":"closed","ping_status":"closed","template":"page-templates\/full-width-page.php","meta":{"iawp_total_views":52,"footnotes":""},"class_list":["post-14508","page","type-page","status-publish","hentry"],"_links":{"self":[{"href":"https:\/\/santagostinorimini.it\/new_sito\/wp-json\/wp\/v2\/pages\/14508","targetHints":{"allow":["GET"]}}],"collection":[{"href":"https:\/\/santagostinorimini.it\/new_sito\/wp-json\/wp\/v2\/pages"}],"about":[{"href":"https:\/\/santagostinorimini.it\/new_sito\/wp-json\/wp\/v2\/types\/page"}],"author":[{"embeddable":true,"href":"https:\/\/santagostinorimini.it\/new_sito\/wp-json\/wp\/v2\/users\/5"}],"replies":[{"embeddable":true,"href":"https:\/\/santagostinorimini.it\/new_sito\/wp-json\/wp\/v2\/comments?post=14508"}],"version-history":[{"count":13,"href":"https:\/\/santagostinorimini.it\/new_sito\/wp-json\/wp\/v2\/pages\/14508\/revisions"}],"predecessor-version":[{"id":31612,"href":"https:\/\/santagostinorimini.it\/new_sito\/wp-json\/wp\/v2\/pages\/14508\/revisions\/31612"}],"up":[{"embeddable":true,"href":"https:\/\/santagostinorimini.it\/new_sito\/wp-json\/wp\/v2\/pages\/304"}],"wp:attachment":[{"href":"https:\/\/santagostinorimini.it\/new_sito\/wp-json\/wp\/v2\/media?parent=14508"}],"curies":[{"name":"wp","href":"https:\/\/api.w.org\/{rel}","templated":true}]}}