{"id":16164,"date":"2024-04-17T16:43:17","date_gmt":"2024-04-17T14:43:17","guid":{"rendered":"http:\/\/santagostinorimini.it\/new_sito\/?page_id=16164"},"modified":"2025-11-07T16:31:32","modified_gmt":"2025-11-07T15:31:32","slug":"adulti","status":"publish","type":"page","link":"https:\/\/santagostinorimini.it\/new_sito\/comunita\/i-nostri-gruppi\/adulti\/","title":{"rendered":"Adulti"},"content":{"rendered":"<div data-colibri-id=\"16164-c1\" class=\"style-11766 style-local-16164-c1 position-relative\">\n  <!---->\n  <div data-colibri-component=\"section\" data-colibri-id=\"16164-c2\" id=\"testimonials-2\" class=\"h-section h-section-global-spacing d-flex align-items-lg-center align-items-md-center align-items-center style-11781 style-local-16164-c2 position-relative\">\n    <!---->\n    <!---->\n    <div class=\"h-section-grid-container h-section-boxed-container\">\n      <div data-colibri-id=\"16164-c18\" class=\"h-row-container gutters-row-lg-2 gutters-row-md-2 gutters-row-0 gutters-row-v-lg-2 gutters-row-v-md-2 gutters-row-v-2 style-11789 style-local-16164-c18 position-relative\">\n        <!---->\n        <div class=\"h-row justify-content-lg-center justify-content-md-center justify-content-center align-items-lg-stretch align-items-md-stretch align-items-stretch gutters-col-lg-2 gutters-col-md-2 gutters-col-0 gutters-col-v-lg-2 gutters-col-v-md-2 gutters-col-v-2\">\n          <!---->\n          <div class=\"h-column h-column-container d-flex h-col-lg-auto h-col-md-auto h-col-auto style-11790-outer style-local-16164-c19-outer\">\n            <div data-colibri-id=\"16164-c19\" class=\"d-flex h-flex-basis h-column__inner h-px-lg-2 h-px-md-2 h-px-2 v-inner-lg-2 v-inner-md-2 v-inner-2 style-11790 style-local-16164-c19 position-relative\">\n              <!---->\n              <!---->\n              <div class=\"w-100 h-y-container h-column__content h-column__v-align flex-basis-100 align-self-lg-start align-self-md-start align-self-start\">\n                <!---->\n                <div data-colibri-id=\"16164-c20\" class=\"h-global-transition-all h-heading style-11791 style-local-16164-c20 position-relative h-element\">\n                  <!---->\n                  <div class=\"h-heading__outer style-11791 style-local-16164-c20\">\n                    <!---->\n                    <!---->\n                    <h2 class=\"\">Testimonianze<\/h2>\n                  <\/div>\n                <\/div>\n              <\/div>\n            <\/div>\n          <\/div>\n        <\/div>\n      <\/div>\n      <div data-colibri-id=\"16164-c3\" class=\"h-row-container gutters-row-lg-2 gutters-row-md-2 gutters-row-0 gutters-row-v-lg-2 gutters-row-v-md-2 gutters-row-v-2 style-11782 style-local-16164-c3 position-relative\">\n        <!---->\n        <div class=\"h-row justify-content-lg-center justify-content-md-center justify-content-center align-items-lg-stretch align-items-md-stretch align-items-stretch gutters-col-lg-2 gutters-col-md-2 gutters-col-0 gutters-col-v-lg-2 gutters-col-v-md-2 gutters-col-v-2\">\n          <!---->\n          <div class=\"h-column h-column-container d-flex h-col-lg-4 h-col-md-6 h-col-12 style-11783-outer style-local-16164-c4-outer\">\n            <div data-colibri-id=\"16164-c4\" class=\"d-flex h-flex-basis h-column__inner h-px-lg-2 h-px-md-2 h-px-3 v-inner-lg-2 v-inner-md-2 v-inner-3 style-11783 style-local-16164-c4 position-relative\">\n              <!---->\n              <!---->\n              <div class=\"w-100 h-y-container h-column__content h-column__v-align flex-basis-100 align-self-lg-start align-self-md-start align-self-start\">\n                <!---->\n                <div data-colibri-id=\"16164-c55\" class=\"h-global-transition-all h-heading style-11862 style-local-16164-c55 position-relative h-element\">\n                  <!---->\n                  <div class=\"h-heading__outer style-11862 style-local-16164-c55\">\n                    <!---->\n                    <!---->\n                    <h4 class=\"\">PELLEGRINAGGIO GIUBILARE<\/h4>\n                  <\/div>\n                <\/div>\n                <div data-colibri-id=\"16164-c5\" class=\"h-text h-text-component style-11794 style-local-16164-c5 position-relative h-element\">\n                  <!---->\n                  <!---->\n                  <div class=\"\">\n                    <p> LORETO 19 ottobre 2025<\/p>\n                  <\/div>\n                <\/div>\n                <div data-colibri-id=\"16164-c6\" class=\"h-icon style-11784 style-local-16164-c6 position-relative h-element\">\n                  <!----><span class=\"h-svg-icon h-icon__icon style-11784-icon style-local-16164-c6-icon\"><!--Icon by Font Awesome (https:\/\/fontawesome.com)-->\n    <svg version=\"1.1\" xmlns=\"http:\/\/www.w3.org\/2000\/svg\" xmlns:xlink=\"http:\/\/www.w3.org\/1999\/xlink\" id=\"quote-right\" viewBox=\"0 0 1664 1896.0833\">\n      <path d=\"M768 320v704q0 104-40.5 198.5T618 1386t-163.5 109.5T256 1536h-64q-26 0-45-19t-19-45v-128q0-26 19-45t45-19h64q106 0 181-75t75-181v-32q0-40-28-68t-68-28H192q-80 0-136-56T0 704V320q0-80 56-136t136-56h384q80 0 136 56t56 136zm896 0v704q0 104-40.5 198.5T1514 1386t-163.5 109.5T1152 1536h-64q-26 0-45-19t-19-45v-128q0-26 19-45t45-19h64q106 0 181-75t75-181v-32q0-40-28-68t-68-28h-224q-80 0-136-56t-56-136V320q0-80 56-136t136-56h384q80 0 136 56t56 136z\"><\/path>\n    <\/svg><\/span><\/div>\n                <div data-colibri-id=\"16164-c7\" class=\"h-text h-text-component style-11785 style-local-16164-c7 position-relative h-element\">\n                  <!---->\n                  <!---->\n                  <div class=\"\">\n                    <p><span style=\"color: rgb(8, 8, 9); font-family: &quot;Segoe UI Historic&quot;, &quot;Segoe UI&quot;, Helvetica, Arial, sans-serif; font-size: 15px; font-weight: 400;\">Sono giunta sulla piazza dove sorge il Santuario della Santa Casa di Loreto, in un pomeriggio soleggiato. Osservando la \u201cmarea\u201d di gente che sta arrivando, il mio pensiero va ad immaginare un\u2019enorme vasca dove poter iniziare un meraviglioso, salutare ed unico \u201cbagno spirituale\u201d. Vedo passare e sostare anche persone ammalate, in carrozzina ed il mio cuore si intenerisce, si riempie di gratitudine, tanta gratitudine\u2026 Successivamente \u201cm\u2019immergo\u201d nel bagno vero e proprio entrando nel Santuario, dove, dopo aver partecipato con devozione alla Santa Messa, entro e mi soffermo in preghiera nella casa di Maria, la madre di Ges\u00f9 e madre nostra. Le pietre delle pareti alle quali posso appoggiarmi, toccarle con mano implorante, mi parlano di Nazareth, un modello di fede di speranza. Quando mi inginocchio e guardo l\u2019immagine della Madonna, la mia preghiera si fa pi\u00f9 intensa e penso che Maria l\u00ec dentro, \u00e8 diventato piccola piccola e tanto umile davanti ad una richiesta sconvolgente, ma che l&#8217;ha conquistata: il suo s\u00ec al Signore! Grazie Maria per il bene che ci vuoi!<\/span><\/p>\n                  <\/div>\n                <\/div>\n                <div data-colibri-id=\"16164-c8\" class=\"h-global-transition-all h-heading style-11787 style-local-16164-c8 position-relative h-element\">\n                  <!---->\n                  <div class=\"h-heading__outer style-11787 style-local-16164-c8\">\n                    <!---->\n                    <!---->\n                    <h5 class=\"\">RITA&nbsp;L.&nbsp;<\/h5>\n                  <\/div>\n                <\/div>\n                <div data-colibri-id=\"16164-c53\" class=\"style-11860 style-local-16164-c53 position-relative h-element\">\n                  <!---->\n                <\/div>\n                <div data-colibri-id=\"16164-c27\" class=\"d-block style-11846 style-local-16164-c27 position-relative h-element\">\n                  <!---->\n                  <div class=\"h-image__frame-container-outer\">\n                    <div class=\"h-image__frame-container\">\n                      <!---->\n                      <!---->\n                      <img loading=\"lazy\" decoding=\"async\" width=\"1188\" height=\"671\" src=\"https:\/\/santagostinorimini.it\/new_sito\/wp-content\/uploads\/2025\/11\/cropped-cropped-4cfe5389-d983-4483-9f35-f2b3c4383bd5.jpg\" class=\"wp-image-32129 style-11846-image style-local-16164-c27-image\" alt=\"\" srcset=\"https:\/\/santagostinorimini.it\/new_sito\/wp-content\/uploads\/2025\/11\/cropped-cropped-4cfe5389-d983-4483-9f35-f2b3c4383bd5.jpg 1188w, https:\/\/santagostinorimini.it\/new_sito\/wp-content\/uploads\/2025\/11\/cropped-cropped-4cfe5389-d983-4483-9f35-f2b3c4383bd5-300x169.jpg 300w, https:\/\/santagostinorimini.it\/new_sito\/wp-content\/uploads\/2025\/11\/cropped-cropped-4cfe5389-d983-4483-9f35-f2b3c4383bd5-1024x578.jpg 1024w, https:\/\/santagostinorimini.it\/new_sito\/wp-content\/uploads\/2025\/11\/cropped-cropped-4cfe5389-d983-4483-9f35-f2b3c4383bd5-768x434.jpg 768w\" sizes=\"auto, (max-width: 1188px) 100vw, 1188px\" \/>\n                      <div class=\"h-image__frame h-hide-lg h-hide-md h-hide-sm style-11846-frameImage style-local-16164-c27-frameImage\"><\/div>\n                    <\/div>\n                  <\/div>\n                <\/div>\n              <\/div>\n            <\/div>\n          <\/div>\n          <div class=\"h-column h-column-container d-flex h-col-lg-4 h-col-md-6 h-col-12 style-11783-outer style-local-16164-c9-outer\">\n            <div data-colibri-id=\"16164-c9\" class=\"d-flex h-flex-basis h-column__inner h-px-lg-2 h-px-md-2 h-px-3 v-inner-lg-2 v-inner-md-2 v-inner-3 style-11783 style-local-16164-c9 position-relative\">\n              <!---->\n              <!---->\n              <div class=\"w-100 h-y-container h-column__content h-column__v-align flex-basis-100 align-self-lg-start align-self-md-start align-self-start\">\n                <!---->\n                <div data-colibri-id=\"16164-c56\" class=\"h-global-transition-all h-heading style-11863 style-local-16164-c56 position-relative h-element\">\n                  <!---->\n                  <div class=\"h-heading__outer style-11863 style-local-16164-c56\">\n                    <!---->\n                    <!---->\n                    <h4 class=\"\">PELLEGRINAGGIO GIUBILARE<\/h4>\n                  <\/div>\n                <\/div>\n                <div data-colibri-id=\"16164-c10\" class=\"h-text h-text-component style-11795 style-local-16164-c10 position-relative h-element\">\n                  <!---->\n                  <!---->\n                  <div class=\"\">\n                    <p>LORETO&nbsp;19 ottobre 2025<\/p>\n                  <\/div>\n                <\/div>\n                <div data-colibri-id=\"16164-c11\" class=\"h-icon style-11784 style-local-16164-c11 position-relative h-element\">\n                  <!----><span class=\"h-svg-icon h-icon__icon style-11784-icon style-local-16164-c11-icon\"><!--Icon by Font Awesome (https:\/\/fontawesome.com)-->\n    <svg version=\"1.1\" xmlns=\"http:\/\/www.w3.org\/2000\/svg\" xmlns:xlink=\"http:\/\/www.w3.org\/1999\/xlink\" id=\"quote-right\" viewBox=\"0 0 1664 1896.0833\">\n      <path d=\"M768 320v704q0 104-40.5 198.5T618 1386t-163.5 109.5T256 1536h-64q-26 0-45-19t-19-45v-128q0-26 19-45t45-19h64q106 0 181-75t75-181v-32q0-40-28-68t-68-28H192q-80 0-136-56T0 704V320q0-80 56-136t136-56h384q80 0 136 56t56 136zm896 0v704q0 104-40.5 198.5T1514 1386t-163.5 109.5T1152 1536h-64q-26 0-45-19t-19-45v-128q0-26 19-45t45-19h64q106 0 181-75t75-181v-32q0-40-28-68t-68-28h-224q-80 0-136-56t-56-136V320q0-80 56-136t136-56h384q80 0 136 56t56 136z\"><\/path>\n    <\/svg><\/span><\/div>\n                <div data-colibri-id=\"16164-c12\" class=\"h-text h-text-component style-11785 style-local-16164-c12 position-relative h-element\">\n                  <!---->\n                  <!---->\n                  <div class=\"\">\n                    <p><span style=\"color: rgb(8, 8, 9); font-family: &quot;Segoe UI Historic&quot;, &quot;Segoe UI&quot;, Helvetica, Arial, sans-serif; font-size: 15px; font-weight: 400;\">Partecipare al Giubileo della Speranza \u00e8 stata per me un\u2019esperienza intensa e profonda. Ho sentito l\u2019Unit\u00e0 e la Solidariet\u00e0 della Famiglia spirituale, ritrovando tante anime e condividendo momenti di amore fraterno, pace e sostegno reciproco. Essere l\u00ec, tutti insieme noi di Rimini, con il nostro Vescovo e tutti i sacerdoti, e i cari Don Renato e Don Dino della Parrocchia di Sant&#8217;Agostino ha reso questo momento ancora pi\u00f9 significativo. Sul piazzale di Loreto, con il suono dello Shofar come un richiamo antico, e poi all\u2019interno del santuario, ho percepito l\u2019Amore materno della Madonna che accoglie e protegge ogni figlio. La veste della Madonna l\u2019ho sentita come un vero nido, che ci avvolge e custodisce. Questo Giubileo mi ha fatto sentire quanto sia preziosa la Comunit\u00e0 di Fede, quanto sia bello camminare insieme e sentirsi sorretti dalla presenza materna di Maria, guida e protezione per tutti noi.&nbsp;<\/span><\/p>\n                  <\/div>\n                <\/div>\n                <div data-colibri-id=\"16164-c13\" class=\"h-global-transition-all h-heading style-11787 style-local-16164-c13 position-relative h-element\">\n                  <!---->\n                  <div class=\"h-heading__outer style-11787 style-local-16164-c13\">\n                    <!---->\n                    <!---->\n                    <h5 class=\"\">LAURA D.<\/h5>\n                  <\/div>\n                <\/div>\n                <div data-colibri-id=\"16164-c52\" class=\"style-11859 style-local-16164-c52 position-relative h-element\">\n                  <!---->\n                <\/div>\n                <div data-colibri-id=\"16164-c33\" class=\"d-block style-11846 style-local-16164-c33 position-relative h-element\">\n                  <!---->\n                  <div class=\"h-image__frame-container-outer\">\n                    <div class=\"h-image__frame-container\">\n                      <!---->\n                      <!---->\n                      <img loading=\"lazy\" decoding=\"async\" width=\"788\" height=\"537\" src=\"https:\/\/santagostinorimini.it\/new_sito\/wp-content\/uploads\/2025\/11\/cropped-cropped-cropped-cropped-f33eee31-5556-43ae-bad6-2ed2f5e8770a.jpg\" class=\"wp-image-32161 style-11846-image style-local-16164-c33-image\" alt=\"\" srcset=\"https:\/\/santagostinorimini.it\/new_sito\/wp-content\/uploads\/2025\/11\/cropped-cropped-cropped-cropped-f33eee31-5556-43ae-bad6-2ed2f5e8770a.jpg 788w, https:\/\/santagostinorimini.it\/new_sito\/wp-content\/uploads\/2025\/11\/cropped-cropped-cropped-cropped-f33eee31-5556-43ae-bad6-2ed2f5e8770a-300x204.jpg 300w, https:\/\/santagostinorimini.it\/new_sito\/wp-content\/uploads\/2025\/11\/cropped-cropped-cropped-cropped-f33eee31-5556-43ae-bad6-2ed2f5e8770a-768x523.jpg 768w, https:\/\/santagostinorimini.it\/new_sito\/wp-content\/uploads\/2025\/11\/cropped-cropped-cropped-cropped-f33eee31-5556-43ae-bad6-2ed2f5e8770a-474x324.jpg 474w\" sizes=\"auto, (max-width: 788px) 100vw, 788px\" \/>\n                      <div class=\"h-image__frame h-hide-lg h-hide-md h-hide-sm style-11846-frameImage style-local-16164-c33-frameImage\"><\/div>\n                    <\/div>\n                  <\/div>\n                <\/div>\n              <\/div>\n            <\/div>\n          <\/div>\n          <div class=\"h-column h-column-container d-flex h-col-lg-4 h-col-md-6 h-col-12 style-11793-outer style-local-16164-c14-outer\">\n            <div data-colibri-id=\"16164-c14\" class=\"d-flex h-flex-basis h-column__inner h-px-lg-2 h-px-md-2 h-px-2 v-inner-lg-2 v-inner-md-2 v-inner-2 style-11793 style-local-16164-c14 position-relative\">\n              <!---->\n              <!---->\n              <div class=\"w-100 h-y-container h-column__content h-column__v-align flex-basis-100 align-self-lg-start align-self-md-start align-self-start\">\n                <!---->\n                <div data-colibri-id=\"16164-c57\" class=\"h-global-transition-all h-heading style-11864 style-local-16164-c57 position-relative h-element\">\n                  <!---->\n                  <div class=\"h-heading__outer style-11864 style-local-16164-c57\">\n                    <!---->\n                    <!---->\n                    <h4 class=\"\">CONCERTO PER S. AGOSTINO<\/h4>\n                  <\/div>\n                <\/div>\n                <div data-colibri-id=\"16164-c15\" class=\"h-text h-text-component style-11839 style-local-16164-c15 position-relative h-element\">\n                  <!---->\n                  <!---->\n                  <div class=\"\">\n                    <p>28 agosto 2025<\/p>\n                  <\/div>\n                <\/div>\n                <div data-colibri-id=\"16164-c16\" class=\"h-icon style-11838 style-local-16164-c16 position-relative h-element\">\n                  <!----><span class=\"h-svg-icon h-icon__icon style-11838-icon style-local-16164-c16-icon\"><!--Icon by Font Awesome (https:\/\/fontawesome.com)-->\n    <svg version=\"1.1\" xmlns=\"http:\/\/www.w3.org\/2000\/svg\" xmlns:xlink=\"http:\/\/www.w3.org\/1999\/xlink\" id=\"quote-right\" viewBox=\"0 0 1664 1896.0833\">\n      <path d=\"M768 320v704q0 104-40.5 198.5T618 1386t-163.5 109.5T256 1536h-64q-26 0-45-19t-19-45v-128q0-26 19-45t45-19h64q106 0 181-75t75-181v-32q0-40-28-68t-68-28H192q-80 0-136-56T0 704V320q0-80 56-136t136-56h384q80 0 136 56t56 136zm896 0v704q0 104-40.5 198.5T1514 1386t-163.5 109.5T1152 1536h-64q-26 0-45-19t-19-45v-128q0-26 19-45t45-19h64q106 0 181-75t75-181v-32q0-40-28-68t-68-28h-224q-80 0-136-56t-56-136V320q0-80 56-136t136-56h384q80 0 136 56t56 136z\"><\/path>\n    <\/svg><\/span><\/div>\n                <div data-colibri-id=\"16164-c17\" class=\"h-text h-text-component style-11836 style-local-16164-c17 position-relative h-element\">\n                  <!---->\n                  <!---->\n                  <div class=\"\">\n                    <p>Di solito non scrivo, ma stavolta ho piacere di fare un&#8217;eccezione per ringraziare la parrocchia per aver promosso e ospitato il Concerto per Sant&#8217;Agostino, giunto alla seconda edizione.\n                      <br>Grazie ad un&#8217;idea nata in seno al Consiglio Pastorale Parrocchiale, infatti, da due anni la parrocchia riesce a dare spazio ad un evento culturale di qualit\u00e0 &#8211; e anche identitario &#8211; proprio per il focus dato al &#8216;nostro&#8217; S. Agostino,\n                      Dottore della Chiesa.\n                      <br>Desidero ringraziare anche chi ha speso parole di elogio (in privato) sull&#8217;iniziativa, con il desiderio che possa crescere e coinvolgere un sempre maggior numero di persone.\n                      <br>L&#8217;evento di ieri sera nasce non solo grazie alla disponibilit\u00e0 e all&#8217;accoglienza del parroco, ma anche per l&#8217;impegno di un imprecisato numero di volontari che ha donato il suo tempo per immaginarlo e realizzarlo.\n                      <br>Una spinta che ha trovato nell&#8217;organista Annalisa Lotti la &#8216;chiave&#8217; che ha reso possibile coinvolgere i musicisti e la soprano che, ieri sera, hanno interpretato, a mio parere con grazia, un repertorio non semplice.&nbsp;Anche la\n                      scelta delle letture ha avuto bisogno di tempo e decantazione, cos\u00ec come l&#8217;introduzione scritta e letta da Anna Gorrieri. Senza dimenticare i due lettori &#8211; Gabriella e Daniele &#8211; e Cesare che ha dedicato tempo ad impaginare, rapidamente\n                      e bene, il programma della serata che il pubblico ha trovato sulle panche.\n                      <br>Ultima considerazione: l&#8217;assoluta libert\u00e0 creativa il parroco ha lasciato agli organizzatori e la sobriet\u00e0 con la quale, alla fine, ha desiderato ringraziare tutti; dedicando un pensiero doveroso anche alla pace, di cui il mondo\n                      &#8211; dal nostro stesso cuore, alle famiglie; dalle comunit\u00e0, agli Stati &#8211; ha sempre bisogno.<\/p>\n                  <\/div>\n                <\/div>\n                <div data-colibri-id=\"16164-c21\" class=\"h-global-transition-all h-heading style-11840 style-local-16164-c21 position-relative h-element\">\n                  <!---->\n                  <div class=\"h-heading__outer style-11840 style-local-16164-c21\">\n                    <!---->\n                    <!---->\n                    <h5 class=\"\">RICCARDO B.<\/h5>\n                  <\/div>\n                <\/div>\n                <div data-colibri-id=\"16164-c54\" class=\"style-11861 style-local-16164-c54 position-relative h-element\">\n                  <!---->\n                <\/div>\n                <div data-colibri-id=\"16164-c39\" class=\"d-block style-11846 style-local-16164-c39 position-relative h-element\">\n                  <!---->\n                  <div class=\"h-image__frame-container-outer\">\n                    <div class=\"h-image__frame-container\">\n                      <!---->\n                      <!---->\n                      <img loading=\"lazy\" decoding=\"async\" width=\"1496\" height=\"811\" src=\"https:\/\/santagostinorimini.it\/new_sito\/wp-content\/uploads\/2025\/11\/cropped-cropped-7d1f5f3a-8860-488f-9c28-42f031822734.jpg\" class=\"wp-image-32131 style-11846-image style-local-16164-c39-image\" alt=\"\" srcset=\"https:\/\/santagostinorimini.it\/new_sito\/wp-content\/uploads\/2025\/11\/cropped-cropped-7d1f5f3a-8860-488f-9c28-42f031822734.jpg 1496w, https:\/\/santagostinorimini.it\/new_sito\/wp-content\/uploads\/2025\/11\/cropped-cropped-7d1f5f3a-8860-488f-9c28-42f031822734-300x163.jpg 300w, https:\/\/santagostinorimini.it\/new_sito\/wp-content\/uploads\/2025\/11\/cropped-cropped-7d1f5f3a-8860-488f-9c28-42f031822734-1024x555.jpg 1024w, https:\/\/santagostinorimini.it\/new_sito\/wp-content\/uploads\/2025\/11\/cropped-cropped-7d1f5f3a-8860-488f-9c28-42f031822734-768x416.jpg 768w\" sizes=\"auto, (max-width: 1496px) 100vw, 1496px\" \/>\n                      <div class=\"h-image__frame h-hide-lg h-hide-md h-hide-sm style-11846-frameImage style-local-16164-c39-frameImage\"><\/div>\n                    <\/div>\n                  <\/div>\n                <\/div>\n              <\/div>\n            <\/div>\n          <\/div>\n        <\/div>\n      <\/div>\n    <\/div>\n  <\/div>\n<\/div>","protected":false},"excerpt":{"rendered":"<p>Testimonianze PELLEGRINAGGIO GIUBILARE LORETO 19 ottobre 2025 Sono giunta sulla piazza dove sorge il Santuario della Santa Casa di Loreto, in un pomeriggio soleggiato. Osservando la \u201cmarea\u201d di gente che sta arrivando, il mio pensiero va ad immaginare un\u2019enorme vasca dove poter iniziare un meraviglioso, salutare ed unico \u201cbagno spirituale\u201d. Vedo passare e sostare anche [&hellip;]<\/p>\n","protected":false},"author":5,"featured_media":0,"parent":304,"menu_order":0,"comment_status":"closed","ping_status":"closed","template":"page-templates\/full-width-page.php","meta":{"iawp_total_views":47,"footnotes":""},"class_list":["post-16164","page","type-page","status-publish","hentry"],"_links":{"self":[{"href":"https:\/\/santagostinorimini.it\/new_sito\/wp-json\/wp\/v2\/pages\/16164","targetHints":{"allow":["GET"]}}],"collection":[{"href":"https:\/\/santagostinorimini.it\/new_sito\/wp-json\/wp\/v2\/pages"}],"about":[{"href":"https:\/\/santagostinorimini.it\/new_sito\/wp-json\/wp\/v2\/types\/page"}],"author":[{"embeddable":true,"href":"https:\/\/santagostinorimini.it\/new_sito\/wp-json\/wp\/v2\/users\/5"}],"replies":[{"embeddable":true,"href":"https:\/\/santagostinorimini.it\/new_sito\/wp-json\/wp\/v2\/comments?post=16164"}],"version-history":[{"count":16,"href":"https:\/\/santagostinorimini.it\/new_sito\/wp-json\/wp\/v2\/pages\/16164\/revisions"}],"predecessor-version":[{"id":32177,"href":"https:\/\/santagostinorimini.it\/new_sito\/wp-json\/wp\/v2\/pages\/16164\/revisions\/32177"}],"up":[{"embeddable":true,"href":"https:\/\/santagostinorimini.it\/new_sito\/wp-json\/wp\/v2\/pages\/304"}],"wp:attachment":[{"href":"https:\/\/santagostinorimini.it\/new_sito\/wp-json\/wp\/v2\/media?parent=16164"}],"curies":[{"name":"wp","href":"https:\/\/api.w.org\/{rel}","templated":true}]}}