{"id":16196,"date":"2024-04-17T17:58:59","date_gmt":"2024-04-17T15:58:59","guid":{"rendered":"http:\/\/santagostinorimini.it\/new_sito\/?page_id=16196"},"modified":"2025-11-06T10:05:14","modified_gmt":"2025-11-06T09:05:14","slug":"famiglie","status":"publish","type":"page","link":"https:\/\/santagostinorimini.it\/new_sito\/comunita\/i-nostri-gruppi\/famiglie\/","title":{"rendered":"Famiglie"},"content":{"rendered":"<div data-colibri-id=\"16196-c1\" class=\"style-7117 style-local-16196-c1 position-relative\">\n  <!---->\n  <div data-colibri-component=\"section\" data-colibri-id=\"16196-c2\" id=\"blank\" class=\"h-section h-section-global-spacing d-flex align-items-lg-center align-items-md-center align-items-center style-7118 style-local-16196-c2 position-relative\">\n    <!---->\n    <!---->\n    <div class=\"h-section-grid-container h-section-boxed-container\">\n      <!---->\n      <div data-colibri-id=\"16196-c3\" class=\"h-row-container gutters-row-lg-2 gutters-row-md-2 gutters-row-0 gutters-row-v-lg-2 gutters-row-v-md-2 gutters-row-v-2 style-11628 style-local-16196-c3 position-relative\">\n        <!---->\n        <div class=\"h-row justify-content-lg-center justify-content-md-center justify-content-center align-items-lg-stretch align-items-md-stretch align-items-stretch gutters-col-lg-2 gutters-col-md-2 gutters-col-0 gutters-col-v-lg-2 gutters-col-v-md-2 gutters-col-v-2\">\n          <!---->\n          <div class=\"h-column h-column-container d-flex h-col-lg-auto h-col-md-auto h-col-auto style-11629-outer style-local-16196-c4-outer\">\n            <div data-colibri-id=\"16196-c4\" class=\"d-flex h-flex-basis h-column__inner h-px-lg-2 h-px-md-2 h-px-2 v-inner-lg-2 v-inner-md-2 v-inner-2 style-11629 style-local-16196-c4 position-relative\">\n              <!---->\n              <!---->\n              <div class=\"w-100 h-y-container h-column__content h-column__v-align flex-basis-100 align-self-lg-start align-self-md-start align-self-start\">\n                <!---->\n                <div data-colibri-id=\"16196-c29\" class=\"h-global-transition-all h-heading style-11641 style-local-16196-c29 position-relative h-element\">\n                  <!---->\n                  <div class=\"h-heading__outer style-11641 style-local-16196-c29\">\n                    <!---->\n                    <!---->\n                    <h4 class=\"\">dalla Lettera Pastorale\n                      <br>del Vescovo Nicol\u00f2 &#8211; cap. 2<\/h4>\n                  <\/div>\n                <\/div>\n                <div data-colibri-id=\"16196-c28\" class=\"h-text h-text-component style-11640 style-local-16196-c28 position-relative h-element\">\n                  <!---->\n                  <!---->\n                  <div class=\"\">\n                    <p>Tutti siamo nati e viviamo all\u2019interno di una famiglia: pap\u00e0, mamma, nonni, figli, fratelli, sorelle, zii, cugini, nipoti, cognati, suoceri, nuore. Ges\u00f9 stesso \u00e8 cresciuto sotto lo sguardo di san Giuseppe e della beata Vergine Maria.\n                      <br>La famiglia \u00e8 la prima palestra in cui si impara ad amare il prossimo come se stessi.&nbsp;Il nucleo famigliare \u00e8 il luogo dove l\u2019amore f iorisce e diventa fecondo. E i nonni sono un grande dono di Dio.\n                      <br>Poich\u00e9 Dio \u00e8 amore, nella famiglia c\u2019\u00e8 una particolare presenza di Dio, e quindi, contemporaneamente, l\u2019opera divisiva del diavolo \u00e8 pi\u00f9 intensa. [&#8230;]\n                      <br>\u00c8 importante essere disponibili ad offrire tutto, a sacrificare ogni cosa per mantenere l\u2019unit\u00e0, la freschezza e la gioia della coppia e poi della famiglia.<\/p>\n                  <\/div>\n                <\/div>\n              <\/div>\n            <\/div>\n          <\/div>\n          <div class=\"h-column h-column-container d-flex h-col-lg-auto h-col-md-auto h-col-auto style-11633-outer style-local-16196-c20-outer\">\n            <div data-colibri-id=\"16196-c20\" class=\"d-flex h-flex-basis h-column__inner h-px-lg-2 h-px-md-2 h-px-2 v-inner-lg-2 v-inner-md-2 v-inner-2 style-11633 style-local-16196-c20 position-relative\">\n              <!---->\n              <!---->\n              <div class=\"w-100 h-y-container h-column__content h-column__v-align flex-basis-100 align-self-lg-start align-self-md-start align-self-start\">\n                <!---->\n                <div data-colibri-id=\"16196-c21\" class=\"h-text h-text-component style-11634 style-local-16196-c21 position-relative h-element\">\n                  <!---->\n                  <!---->\n                  <div class=\"\">\n                    <p>Lettera pastorale del Vescovo Nicol\u00f2\n                      <br>Capitolo 2: La famiglia e la comunit\u00e0<\/p>\n                  <\/div>\n                <\/div>\n                <div data-colibri-id=\"16196-c8\" class=\"h-x-container style-11631 style-local-16196-c8 position-relative h-element\">\n                  <!---->\n                  <div class=\"h-x-container-inner style-dynamic-16196-c8-group style-11631-spacing style-local-16196-c8-spacing\"><span class=\"h-link__outer style-11632-outer style-local-16196-c9-outer d-inline-flex h-element\"><a h-use-smooth-scroll=\"true\" href=\"https:\/\/www.diocesi.rimini.it\/wp-content\/uploads\/sites\/2\/2024\/10\/Lettera-pastorale-2024.pdf\"  data-colibri-id=\"16196-c9\" class=\"d-flex w-100 align-items-center h-link style-11632 style-local-16196-c9 position-relative\"><!----><!----> <span>leggi (da pag 28 a 47)<\/span><\/a>\n                    <\/span>\n                  <\/div>\n                <\/div>\n                <div data-colibri-id=\"16196-c31\" class=\"h-row-container gutters-row-lg-2 gutters-row-md-2 gutters-row-0 gutters-row-v-lg-2 gutters-row-v-md-2 gutters-row-v-2 style-11643 style-local-16196-c31 position-relative\">\n                  <!---->\n                  <div class=\"h-row justify-content-lg-center justify-content-md-center justify-content-center align-items-lg-stretch align-items-md-stretch align-items-stretch gutters-col-lg-2 gutters-col-md-2 gutters-col-0 gutters-col-v-lg-2 gutters-col-v-md-2 gutters-col-v-2\">\n                    <!---->\n                    <div class=\"h-column h-column-container d-flex h-col-lg-auto h-col-md-auto h-col-auto style-11644-outer style-local-16196-c32-outer\">\n                      <div data-colibri-id=\"16196-c32\" class=\"d-flex h-flex-basis h-column__inner h-px-lg-2 h-px-md-2 h-px-2 v-inner-lg-2 v-inner-md-2 v-inner-2 style-11644 style-local-16196-c32 position-relative\">\n                        <!---->\n                        <!---->\n                        <div class=\"w-100 h-y-container h-column__content h-column__v-align flex-basis-100 align-self-lg-start align-self-md-start align-self-start\">\n                          <!---->\n                          <div data-colibri-id=\"16196-c10\" class=\"d-block style-7126 style-local-16196-c10 position-relative h-element\">\n                            <!---->\n                            <div class=\"h-image__frame-container-outer\">\n                              <div class=\"h-image__frame-container\">\n                                <!---->\n                                <!---->\n                                <img loading=\"lazy\" decoding=\"async\" width=\"815\" height=\"1189\" src=\"https:\/\/santagostinorimini.it\/new_sito\/wp-content\/uploads\/2024\/10\/lettera-pastorale.jpg\" class=\"wp-image-26241 style-7126-image style-local-16196-c10-image\" alt=\"\" srcset=\"https:\/\/santagostinorimini.it\/new_sito\/wp-content\/uploads\/2024\/10\/lettera-pastorale.jpg 815w, https:\/\/santagostinorimini.it\/new_sito\/wp-content\/uploads\/2024\/10\/lettera-pastorale-206x300.jpg 206w, https:\/\/santagostinorimini.it\/new_sito\/wp-content\/uploads\/2024\/10\/lettera-pastorale-702x1024.jpg 702w, https:\/\/santagostinorimini.it\/new_sito\/wp-content\/uploads\/2024\/10\/lettera-pastorale-768x1120.jpg 768w\" sizes=\"auto, (max-width: 815px) 100vw, 815px\" \/>\n                                <div class=\"h-image__frame h-hide-lg h-hide-md h-hide-sm style-7126-frameImage style-local-16196-c10-frameImage\"><\/div>\n                              <\/div>\n                            <\/div>\n                          <\/div>\n                        <\/div>\n                      <\/div>\n                    <\/div>\n                  <\/div>\n                <\/div>\n              <\/div>\n            <\/div>\n          <\/div>\n          <div class=\"h-column h-column-container d-flex h-col-lg-auto h-col-md-auto h-col-auto style-11642-outer style-local-16196-c30-outer\">\n            <div data-colibri-id=\"16196-c30\" class=\"d-flex h-flex-basis h-column__inner h-px-lg-2 h-px-md-2 h-px-2 v-inner-lg-2 v-inner-md-2 v-inner-2 style-11642 style-local-16196-c30 position-relative\">\n              <!---->\n              <!---->\n              <div class=\"w-100 h-y-container h-column__content h-column__v-align flex-basis-100 align-self-lg-start align-self-md-start align-self-start\">\n                <!---->\n                <div data-colibri-id=\"16196-c24\" class=\"h-global-transition-all h-heading style-11616 style-local-16196-c24 position-relative h-element\">\n                  <!---->\n                  <div class=\"h-heading__outer style-11616 style-local-16196-c24\">\n                    <!---->\n                    <!---->\n                    <h2 class=\"\">Per la riflessione<\/h2>\n                  <\/div>\n                <\/div>\n                <div data-colibri-id=\"16196-c13\" class=\"h-x-container style-11619 style-local-16196-c13 position-relative h-element\">\n                  <!---->\n                  <div class=\"h-x-container-inner style-dynamic-16196-c13-group style-11619-spacing style-local-16196-c13-spacing\"><span class=\"h-link__outer style-11620-outer style-local-16196-c14-outer d-inline-flex h-element\"><a h-use-smooth-scroll=\"true\" href=\"https:\/\/donrenatobartoli.wordpress.com\/2025\/11\/05\/stare-insieme-per-sempre-si-puo-non-e-facile-ma-bisogna-volerlo\/\"  data-colibri-id=\"16196-c14\" class=\"d-flex w-100 align-items-center h-link style-11620 style-local-16196-c14 position-relative\"><!----><span  class=\"h-svg-icon h-link__icon style-11620-icon style-local-16196-c14-icon\"><!--Icon by Font Awesome (https:\/\/fontawesome.com)-->\n    <svg version=\"1.1\" xmlns=\"http:\/\/www.w3.org\/2000\/svg\" xmlns:xlink=\"http:\/\/www.w3.org\/1999\/xlink\" id=\"play\" viewBox=\"0 0 1408 1896.0833\">\n      <path d=\"M1384 927L56 1665q-23 13-39.5 3T0 1632V160q0-26 16.5-36t39.5 3l1328 738q23 13 23 31t-23 31z\"><\/path>\n    <\/svg><\/span> <span>Stare insieme per sempre si pu\u00f2. Non \u00e8 facile, ma bisogna volerlo.<\/span><\/a>\n                    <\/span>\n                  <\/div>\n                <\/div>\n                <div data-colibri-id=\"16196-c15\" class=\"d-block style-11630 style-local-16196-c15 position-relative h-element\">\n                  <!---->\n                  <div class=\"h-image__frame-container-outer\">\n                    <div class=\"h-image__frame-container\">\n                      <!---->\n                      <!---->\n                      <img loading=\"lazy\" decoding=\"async\" width=\"800\" height=\"602\" src=\"https:\/\/santagostinorimini.it\/new_sito\/wp-content\/uploads\/2025\/11\/Anziani_amore-1.jpg\" class=\"wp-image-31454 style-11630-image style-local-16196-c15-image\" alt=\"\" srcset=\"https:\/\/santagostinorimini.it\/new_sito\/wp-content\/uploads\/2025\/11\/Anziani_amore-1.jpg 800w, https:\/\/santagostinorimini.it\/new_sito\/wp-content\/uploads\/2025\/11\/Anziani_amore-1-300x226.jpg 300w, https:\/\/santagostinorimini.it\/new_sito\/wp-content\/uploads\/2025\/11\/Anziani_amore-1-768x578.jpg 768w\" sizes=\"auto, (max-width: 800px) 100vw, 800px\" \/>\n                      <div class=\"h-image__frame h-hide-lg h-hide-md h-hide-sm style-11630-frameImage style-local-16196-c15-frameImage\"><\/div>\n                    <\/div>\n                  <\/div>\n                <\/div>\n              <\/div>\n            <\/div>\n          <\/div>\n        <\/div>\n      <\/div>\n    <\/div>\n  <\/div>\n<\/div>","protected":false},"excerpt":{"rendered":"<p>dalla Lettera Pastorale del Vescovo Nicol\u00f2 &#8211; cap. 2 Tutti siamo nati e viviamo all\u2019interno di una famiglia: pap\u00e0, mamma, nonni, figli, fratelli, sorelle, zii, cugini, nipoti, cognati, suoceri, nuore. Ges\u00f9 stesso \u00e8 cresciuto sotto lo sguardo di san Giuseppe e della beata Vergine Maria. La famiglia \u00e8 la prima palestra in cui si impara [&hellip;]<\/p>\n","protected":false},"author":5,"featured_media":0,"parent":304,"menu_order":0,"comment_status":"closed","ping_status":"closed","template":"page-templates\/full-width-page.php","meta":{"iawp_total_views":27,"footnotes":""},"class_list":["post-16196","page","type-page","status-publish","hentry"],"_links":{"self":[{"href":"https:\/\/santagostinorimini.it\/new_sito\/wp-json\/wp\/v2\/pages\/16196","targetHints":{"allow":["GET"]}}],"collection":[{"href":"https:\/\/santagostinorimini.it\/new_sito\/wp-json\/wp\/v2\/pages"}],"about":[{"href":"https:\/\/santagostinorimini.it\/new_sito\/wp-json\/wp\/v2\/types\/page"}],"author":[{"embeddable":true,"href":"https:\/\/santagostinorimini.it\/new_sito\/wp-json\/wp\/v2\/users\/5"}],"replies":[{"embeddable":true,"href":"https:\/\/santagostinorimini.it\/new_sito\/wp-json\/wp\/v2\/comments?post=16196"}],"version-history":[{"count":20,"href":"https:\/\/santagostinorimini.it\/new_sito\/wp-json\/wp\/v2\/pages\/16196\/revisions"}],"predecessor-version":[{"id":31523,"href":"https:\/\/santagostinorimini.it\/new_sito\/wp-json\/wp\/v2\/pages\/16196\/revisions\/31523"}],"up":[{"embeddable":true,"href":"https:\/\/santagostinorimini.it\/new_sito\/wp-json\/wp\/v2\/pages\/304"}],"wp:attachment":[{"href":"https:\/\/santagostinorimini.it\/new_sito\/wp-json\/wp\/v2\/media?parent=16196"}],"curies":[{"name":"wp","href":"https:\/\/api.w.org\/{rel}","templated":true}]}}