{"id":17071,"date":"2024-04-18T18:15:04","date_gmt":"2024-04-18T16:15:04","guid":{"rendered":"http:\/\/santagostinorimini.it\/new_sito\/?page_id=17071"},"modified":"2025-11-08T08:55:45","modified_gmt":"2025-11-08T07:55:45","slug":"gruppo-liturgico","status":"publish","type":"page","link":"https:\/\/santagostinorimini.it\/new_sito\/attivita\/gruppo-liturgico\/","title":{"rendered":"Gruppo Liturgico"},"content":{"rendered":"<div data-colibri-id=\"17071-c1\" class=\"style-7127 style-local-17071-c1 position-relative\">\n  <!---->\n  <div data-colibri-component=\"section\" data-colibri-id=\"17071-c2\" id=\"blank-2\" class=\"h-section h-section-global-spacing d-flex align-items-lg-center align-items-md-center align-items-center style-7136 style-local-17071-c2 position-relative\">\n    <!---->\n    <!---->\n    <div class=\"h-section-grid-container h-section-boxed-container\">\n      <!---->\n      <div data-colibri-id=\"17071-c10\" class=\"h-row-container gutters-row-lg-2 gutters-row-md-2 gutters-row-0 gutters-row-v-lg-2 gutters-row-v-md-2 gutters-row-v-2 style-11925 style-local-17071-c10 position-relative\">\n        <!---->\n        <div class=\"h-row justify-content-lg-center justify-content-md-center justify-content-center align-items-lg-stretch align-items-md-stretch align-items-stretch gutters-col-lg-2 gutters-col-md-2 gutters-col-0 gutters-col-v-lg-2 gutters-col-v-md-2 gutters-col-v-2\">\n          <!---->\n          <div class=\"h-column h-column-container d-flex h-col-lg-auto h-col-md-auto h-col-auto style-11926-outer style-local-17071-c11-outer\">\n            <div data-colibri-id=\"17071-c11\" class=\"d-flex h-flex-basis h-column__inner h-px-lg-2 h-px-md-2 h-px-2 v-inner-lg-2 v-inner-md-2 v-inner-2 style-11926 style-local-17071-c11 position-relative\">\n              <!---->\n              <!---->\n              <div class=\"w-100 h-y-container h-column__content h-column__v-align flex-basis-100 align-self-lg-start align-self-md-start align-self-start\">\n                <!---->\n                <div data-colibri-id=\"17071-c12\" class=\"h-global-transition-all h-heading style-11927 style-local-17071-c12 position-relative h-element\">\n                  <!---->\n                  <div class=\"h-heading__outer style-11927 style-local-17071-c12\">\n                    <!---->\n                    <!---->\n                    <h2 class=\"\">Inno ufficiale\n                      <br>del Giubileo 2025<\/h2>\n                  <\/div>\n                <\/div>\n                <div data-colibri-id=\"17071-c22\" class=\"h-row-container gutters-row-lg-2 gutters-row-md-2 gutters-row-0 gutters-row-v-lg-2 gutters-row-v-md-2 gutters-row-v-2 style-11937 style-local-17071-c22 position-relative\">\n                  <!---->\n                  <div class=\"h-row justify-content-lg-center justify-content-md-center justify-content-center align-items-lg-stretch align-items-md-stretch align-items-stretch gutters-col-lg-2 gutters-col-md-2 gutters-col-0 gutters-col-v-lg-2 gutters-col-v-md-2 gutters-col-v-2\">\n                    <!---->\n                    <div class=\"h-column h-column-container d-flex h-col-lg-auto h-col-md-auto h-col-auto style-11939-outer style-local-17071-c24-outer\">\n                      <div data-colibri-id=\"17071-c24\" class=\"d-flex h-flex-basis h-column__inner h-px-lg-2 h-px-md-2 h-px-2 v-inner-lg-2 v-inner-md-2 v-inner-2 style-11939 style-local-17071-c24 position-relative\">\n                        <!---->\n                        <!---->\n                        <div class=\"w-100 h-y-container h-column__content h-column__v-align flex-basis-100 align-self-lg-start align-self-md-start align-self-start\">\n                          <!---->\n                          <div data-colibri-id=\"17071-c16\" class=\"d-block style-11931 style-local-17071-c16 position-relative h-element\">\n                            <!---->\n                            <div class=\"h-image__frame-container-outer\">\n                              <div class=\"h-image__frame-container\">\n                                <!---->\n                                <!---->\n                                <img loading=\"lazy\" decoding=\"async\" width=\"380\" height=\"380\" src=\"https:\/\/santagostinorimini.it\/new_sito\/wp-content\/uploads\/2024\/06\/Logo-Giubileo2025-1.png\" class=\"wp-image-20613 style-11931-image style-local-17071-c16-image\" alt=\"\" srcset=\"https:\/\/santagostinorimini.it\/new_sito\/wp-content\/uploads\/2024\/06\/Logo-Giubileo2025-1.png 380w, https:\/\/santagostinorimini.it\/new_sito\/wp-content\/uploads\/2024\/06\/Logo-Giubileo2025-1-300x300.png 300w, https:\/\/santagostinorimini.it\/new_sito\/wp-content\/uploads\/2024\/06\/Logo-Giubileo2025-1-150x150.png 150w\" sizes=\"auto, (max-width: 380px) 100vw, 380px\" \/>\n                                <div class=\"h-image__frame h-hide-lg h-hide-md h-hide-sm style-11931-frameImage style-local-17071-c16-frameImage\"><\/div>\n                              <\/div>\n                            <\/div>\n                          <\/div>\n                        <\/div>\n                      <\/div>\n                    <\/div>\n                  <\/div>\n                <\/div>\n                <div data-colibri-id=\"17071-c27\" class=\"icon-list d-flex justify-content-lg-center justify-content-md-center justify-content-center style-11942 style-local-17071-c27 position-relative h-element\">\n                  <!---->\n                  <ul class=\"ul-list-icon vertical-on-desktop vertical-on-tablet vertical-on-mobile justify-content-lg-center justify-content-md-center justify-content-center\">\n                    <!---->\n                    <li class=\"list-item no-gutters\">\n                      <!---->\n                      <div class=\"list-container-divider d-flex justify-content-lg-center justify-content-md-center justify-content-center first-el-spacer\"><\/div>\n                      <a href=\"https:\/\/youtu.be\/xQNCSeykhFk\" h-use-smooth-scroll=\"true\" class=\"item-link no-gutters\">\n                        <div class=\"d-flex h-col no-gutters align-items-lg-center align-items-md-center align-items-center list-item-text-wrapper\">\n                          <div class=\"d-flex\"><span class=\"h-svg-icon style-11942-icon style-local-17071-c27-icon\"><!--Icon by Font Awesome (https:\/\/fontawesome.com)-->\n    <svg version=\"1.1\" xmlns=\"http:\/\/www.w3.org\/2000\/svg\" xmlns:xlink=\"http:\/\/www.w3.org\/1999\/xlink\" id=\"film\" viewBox=\"0 0 1920 1896.0833\">\n      <path d=\"M384 1600v-128q0-26-19-45t-45-19H192q-26 0-45 19t-19 45v128q0 26 19 45t45 19h128q26 0 45-19t19-45zm0-384v-128q0-26-19-45t-45-19H192q-26 0-45 19t-19 45v128q0 26 19 45t45 19h128q26 0 45-19t19-45zm0-384V704q0-26-19-45t-45-19H192q-26 0-45 19t-19 45v128q0 26 19 45t45 19h128q26 0 45-19t19-45zm1024 768v-512q0-26-19-45t-45-19H576q-26 0-45 19t-19 45v512q0 26 19 45t45 19h768q26 0 45-19t19-45zM384 448V320q0-26-19-45t-45-19H192q-26 0-45 19t-19 45v128q0 26 19 45t45 19h128q26 0 45-19t19-45zm1408 1152v-128q0-26-19-45t-45-19h-128q-26 0-45 19t-19 45v128q0 26 19 45t45 19h128q26 0 45-19t19-45zm-384-768V320q0-26-19-45t-45-19H576q-26 0-45 19t-19 45v512q0 26 19 45t45 19h768q26 0 45-19t19-45zm384 384v-128q0-26-19-45t-45-19h-128q-26 0-45 19t-19 45v128q0 26 19 45t45 19h128q26 0 45-19t19-45zm0-384V704q0-26-19-45t-45-19h-128q-26 0-45 19t-19 45v128q0 26 19 45t45 19h128q26 0 45-19t19-45zm0-384V320q0-26-19-45t-45-19h-128q-26 0-45 19t-19 45v128q0 26 19 45t45 19h128q26 0 45-19t19-45zm128-160v1344q0 66-47 113t-113 47H160q-66 0-113-47T0 1632V288q0-66 47-113t113-47h1600q66 0 113 47t47 113z\"><\/path>\n    <\/svg><\/span><\/div> <span class=\"list-text d-block\"><span>audiovideo con testo <\/span><\/span>\n                        <\/div>\n                      <\/a>\n                      <div class=\"list-container-divider d-flex justify-content-lg-center justify-content-md-center justify-content-center\">\n                        <!---->\n                      <\/div>\n                    <\/li>\n                    <li class=\"list-item no-gutters\">\n                      <!---->\n                      <!---->\n                      <a href=\"https:\/\/santagostinorimini.it\/new_sito\/wp-content\/uploads\/2025\/11\/CappellaGSV_SISTINA_Inno-GIUBILEO.m4a\" h-use-smooth-scroll=\"true\" class=\"item-link no-gutters\">\n                        <div class=\"d-flex h-col no-gutters align-items-lg-center align-items-md-center align-items-center list-item-text-wrapper\">\n                          <div class=\"d-flex\"><span class=\"h-svg-icon style-11942-icon style-local-17071-c27-icon\"><!--Icon by Font Awesome (https:\/\/fontawesome.com)-->\n    <svg version=\"1.1\" xmlns=\"http:\/\/www.w3.org\/2000\/svg\" xmlns:xlink=\"http:\/\/www.w3.org\/1999\/xlink\" id=\"volume-up\" viewBox=\"0 0 1664 1896.0833\">\n      <path d=\"M768 352v1088q0 26-19 45t-45 19-45-19l-333-333H64q-26 0-45-19t-19-45V704q0-26 19-45t45-19h262l333-333q19-19 45-19t45 19 19 45zm384 544q0 76-42.5 141.5T997 1131q-10 5-25 5-26 0-45-18.5t-19-45.5q0-21 12-35.5t29-25 34-23 29-36 12-56.5-12-56.5-29-36-34-23-29-25-12-35.5q0-27 19-45.5t45-18.5q15 0 25 5 70 27 112.5 93t42.5 142zm256 0q0 153-85 282.5T1098 1367q-13 5-25 5-27 0-46-19t-19-45q0-39 39-59 56-29 76-44 74-54 115.5-135.5T1280 896t-41.5-173.5T1123 587q-20-15-76-44-39-20-39-59 0-26 19-45t45-19q13 0 26 5 140 59 225 188.5t85 282.5zm256 0q0 230-127 422.5T1199 1602q-13 5-26 5-26 0-45-19t-19-45q0-36 39-59 7-4 22.5-10.5t22.5-10.5q46-25 82-51 123-91 192-227t69-289-69-289-192-227q-36-26-82-51-7-4-22.5-10.5T1148 308q-39-23-39-59 0-26 19-45t45-19q13 0 26 5 211 91 338 283.5T1664 896z\"><\/path>\n    <\/svg><\/span><\/div> <span class=\"list-text d-block\"><span>solo audio<\/span><\/span>\n                        <\/div>\n                      <\/a>\n                      <div class=\"list-container-divider d-flex justify-content-lg-center justify-content-md-center justify-content-center\" style=\"display: none;\">\n                        <!---->\n                      <\/div>\n                      <div class=\"list-container-divider d-flex justify-content-lg-center justify-content-md-center justify-content-center last-el-spacer\"><\/div>\n                    <\/li>\n                  <\/ul>\n                <\/div>\n                <div data-colibri-id=\"17071-c14\" class=\"h-global-transition-all h-heading style-11929 style-local-17071-c14 position-relative h-element\">\n                  <!---->\n                  <div class=\"h-heading__outer style-11929 style-local-17071-c14\">\n                    <!---->\n                    <!---->\n                    <h3 class=\"\">Pellegrini di speranza<\/h3>\n                  <\/div>\n                <\/div>\n                <div data-colibri-id=\"17071-c19\" class=\"h-text h-text-component style-11934 style-local-17071-c19 position-relative h-element\">\n                  <!---->\n                  <!---->\n                  <div class=\"\">\n                    <p><span style=\"font-weight: 400; font-size: 16px; font-family: Lato; color: rgb(70, 112, 127);\">Testo: Pierangelo Sequeri<br>Musica: Francesco Meneghello<\/span><\/p>\n                  <\/div>\n                <\/div>\n                <div data-colibri-id=\"17071-c28\" class=\"h-divider style-11944 style-local-17071-c28 position-relative h-element\">\n                  <!----><span class=\"h-divider__line style-11944-line style-local-17071-c28-line style-11944-line style-local-17071-c28-line\"><\/span><\/div>\n                <div data-colibri-id=\"17071-c13\" class=\"h-text h-text-component style-11928 style-local-17071-c13 position-relative h-element\">\n                  <!---->\n                  <!---->\n                  <div class=\"\">\n                    <p><strong style=\"font-weight: 700;\">Fiamma viva della mia speranza<br>questo canto giunga fino a Te!<br>Grembo eterno d\u2019infinita vita<br>nel cammino io confido in Te.<\/strong><\/p>\n                    <p>Ogni lingua, popolo e nazione\n                      <br>trova luce nella tua Parola.\n                      <br>Figli e figlie fragili e dispersi\n                      <br>sono accolti nel tuo Figlio amato.<\/p>\n                    <p><strong style=\"font-weight: 700; font-size: 16px; font-family: Lato; color: rgb(70, 112, 127);\">Fiamma viva della mia speranza<br>questo canto giunga fino a Te!<br>Grembo eterno d\u2019infinita vita<br>nel cammino io confido in Te.<\/strong><\/p>\n                    <p>Dio ci guarda, tenero e paziente:\n                      <br>nasce l\u2019alba di un futuro nuovo.\n                      <br>Nuovi Cieli Terra fatta nuova:\n                      <br>passa i muri Spirito di vita.<\/p>\n                    <p><strong style=\"color: rgb(70, 112, 127); font-family: Lato; font-size: 16px; font-weight: 700;\">Fiamma viva della mia speranza<br>questo canto giunga fino a Te!<br>Grembo eterno d\u2019infinita vita<br>nel cammino io confido in Te.<\/strong><\/p>\n                    <p>Alza gli occhi, muoviti col vento,\n                      <br>serra il passo: viene Dio, nel tempo.\n                      <br>Guarda il Figlio che s\u2019\u00e8 fatto Uomo:\n                      <br>mille e mille trovano la via.<\/p>\n                    <p><strong style=\"color: rgb(70, 112, 127); font-family: Lato; font-size: 16px; font-weight: 700;\">Fiamma viva della mia speranza<br>questo canto giunga fino a Te!<br>Grembo eterno d\u2019infinita vita<br>nel cammino io confido in Te.<\/strong><\/p>\n                    <p>\n                      <br>\n                    <\/p>\n                  <\/div>\n                <\/div>\n              <\/div>\n            <\/div>\n          <\/div>\n          <div class=\"h-column h-column-container d-flex h-col-lg-auto h-col-md-auto h-col-auto style-11932-outer style-local-17071-c17-outer\">\n            <div data-colibri-id=\"17071-c17\" class=\"d-flex h-flex-basis h-column__inner h-px-lg-2 h-px-md-2 h-px-2 v-inner-lg-2 v-inner-md-2 v-inner-2 style-11932 style-local-17071-c17 position-relative\">\n              <!---->\n              <!---->\n              <div class=\"w-100 h-y-container h-column__content h-column__v-align flex-basis-100 align-self-lg-start align-self-md-start align-self-start\">\n                <!---->\n                <div data-colibri-id=\"17071-c18\" class=\"h-text h-text-component style-11933 style-local-17071-c18 position-relative h-element\">\n                  <!---->\n                  <!---->\n                  <div class=\"\">\n                    <p>Durante il cammino, molto spesso affiora sulle labbra il canto, quasi sia un compagno fidato nell\u2019esprimere i motivi del viandante. Questo vale pure per la vita della fede che \u00e8 un pellegrinaggio alla luce del Signore Risorto. Le Sacre\n                      Scritture sono intrise di canto e i Salmi ne sono un esempio eclatante: le preghiere del popolo di Israele erano scritte per essere cantate, e nel canto presentare davanti al Signore le vicende pi\u00f9 umane. La tradizione della Chiesa\n                      non fa che prolungare questo connubio, facendo del canto e della musica uno dei polmoni della propria liturgia. Il Giubileo, che di per s\u00e9 si esprime come evento di popolo in pellegrinaggio verso la Porta Santa, trova anch\u2019esso nel\n                      canto uno dei modi per dare voce al proprio motto, \u201cPellegrini di speranza\u201d.\n                      <br>\n                    <\/p>\n                    <p>Il testo preparato da Pierangelo Sequeri, e musicato da Francesco Meneghello, intercetta i numerosi temi dell\u2019Anno santo. Innanzitutto il motto, \u201cPellegrini di speranza\u201d, trova la migliore eco biblica in alcune pagine del profeta Isaia\n                      (Isaia 9 e Isaia 60). I temi della creazione, della fraternit\u00e0, della tenerezza di Dio e della speranza nella destinazione risuonano in una lingua che non \u00e8 \u201ctecnicamente\u201d teologica, bench\u00e9 lo sia nella sostanza e nelle allusioni,\n                      cos\u00ec da farla risuonare eloquente alle orecchie del nostro tempo.<\/p>\n                    <p>Passo dopo passo, il popolo dei credenti nel pellegrinaggio di ogni giorno si appoggia confidente alla fonte della Vita. Il canto che sorga spontaneo durante il cammino (cf. Agostino,&nbsp;<em>Discorsi<\/em>, 256) \u00e8 rivolto a Dio. \u00c8\n                      un canto carico della speranza di essere liberati e sostenuti. \u00c8 un canto accompagnato dall\u2019augurio che giunga alle orecchie di Colui che lo fa sgorgare. \u00c8 Dio che come fiamma sempre viva tiene accesa la speranza e d\u00e0 energia al\n                      passo del popolo che cammina.<\/p>\n                    <p>Il profeta Isaia a pi\u00f9 riprese vede la famiglia degli uomini e delle donne, figli e figlie, che tornano dalla loro dispersione, raccolti alla luce della Parola di Dio: \u201cIl popolo che camminava nelle tenebre ha visto una grande luce\u201d\n                      (Isaia 9,1). La luce \u00e8 quella del Figlio fatto Uomo, Ges\u00f9, che con la propria Parola raccoglie ogni popolo e nazione. \u00c8 la fiamma viva di Ges\u00f9 che muove il passo: \u201c\u00c1lzati, rivestiti di luce, perch\u00e9 viene la tua luce, la gloria del\n                      Signore brilla sopra di te\u201d (Isaia, 60,1).<\/p>\n                    <p>La speranza cristiana \u00e8 dinamica e illumina il pellegrinaggio della vita, mostrando il volto dei fratelli e delle sorelle, compagni nel cammino. Non \u00e8 un vagabondare da lupi solitari, ma un cammino di popolo, confidente e lieto, che\n                      si muove verso una destinazione Nuova. Il soffio dello Spirito di vita non manca di rischiarare l\u2019alba del futuro che si appresta a sorgere. Il Padre celeste osserva con pazienza e tenerezza il pellegrinaggio dei suoi figli e spalanca\n                      loro la Via, indicando Ges\u00f9, il suo Figlio, che diventa spazio di cammino per tutti.<\/p>\n                    <p>\n                      <br>\n                    <\/p>\n                  <\/div>\n                <\/div>\n              <\/div>\n            <\/div>\n          <\/div>\n          <div class=\"h-column h-column-container d-flex h-col-lg-auto h-col-md-auto h-col-auto style-11930-outer style-local-17071-c15-outer\">\n            <div data-colibri-id=\"17071-c15\" class=\"d-flex h-flex-basis h-column__inner h-ui-empty-state-container h-px-lg-2 h-px-md-2 h-px-2 v-inner-lg-2 v-inner-md-2 v-inner-2 style-11930 style-local-17071-c15 position-relative\">\n              <!---->\n              <!---->\n              <div class=\"w-100 h-y-container h-column__content h-column__v-align flex-basis-100\">\n                <!---->\n              <\/div>\n            <\/div>\n          <\/div>\n        <\/div>\n      <\/div>\n    <\/div>\n  <\/div>\n<\/div>","protected":false},"excerpt":{"rendered":"<p>Inno ufficiale del Giubileo 2025 audiovideo con testo solo audio Pellegrini di speranza Testo: Pierangelo SequeriMusica: Francesco Meneghello Fiamma viva della mia speranzaquesto canto giunga fino a Te!Grembo eterno d\u2019infinita vitanel cammino io confido in Te. Ogni lingua, popolo e nazione trova luce nella tua Parola. Figli e figlie fragili e dispersi sono accolti nel [&hellip;]<\/p>\n","protected":false},"author":5,"featured_media":0,"parent":214,"menu_order":0,"comment_status":"closed","ping_status":"closed","template":"page-templates\/full-width-page.php","meta":{"iawp_total_views":35,"footnotes":""},"class_list":["post-17071","page","type-page","status-publish","hentry"],"_links":{"self":[{"href":"https:\/\/santagostinorimini.it\/new_sito\/wp-json\/wp\/v2\/pages\/17071","targetHints":{"allow":["GET"]}}],"collection":[{"href":"https:\/\/santagostinorimini.it\/new_sito\/wp-json\/wp\/v2\/pages"}],"about":[{"href":"https:\/\/santagostinorimini.it\/new_sito\/wp-json\/wp\/v2\/types\/page"}],"author":[{"embeddable":true,"href":"https:\/\/santagostinorimini.it\/new_sito\/wp-json\/wp\/v2\/users\/5"}],"replies":[{"embeddable":true,"href":"https:\/\/santagostinorimini.it\/new_sito\/wp-json\/wp\/v2\/comments?post=17071"}],"version-history":[{"count":11,"href":"https:\/\/santagostinorimini.it\/new_sito\/wp-json\/wp\/v2\/pages\/17071\/revisions"}],"predecessor-version":[{"id":32453,"href":"https:\/\/santagostinorimini.it\/new_sito\/wp-json\/wp\/v2\/pages\/17071\/revisions\/32453"}],"up":[{"embeddable":true,"href":"https:\/\/santagostinorimini.it\/new_sito\/wp-json\/wp\/v2\/pages\/214"}],"wp:attachment":[{"href":"https:\/\/santagostinorimini.it\/new_sito\/wp-json\/wp\/v2\/media?parent=17071"}],"curies":[{"name":"wp","href":"https:\/\/api.w.org\/{rel}","templated":true}]}}