{"id":25092,"date":"2024-10-13T16:40:38","date_gmt":"2024-10-13T14:40:38","guid":{"rendered":"https:\/\/santagostinorimini.it\/new_sito\/?page_id=25092"},"modified":"2024-11-25T17:57:00","modified_gmt":"2024-11-25T16:57:00","slug":"anziani","status":"publish","type":"page","link":"https:\/\/santagostinorimini.it\/new_sito\/comunita\/i-nostri-gruppi\/anziani\/","title":{"rendered":"Anziani"},"content":{"rendered":"<div data-colibri-id=\"25092-c1\" class=\"style-9956 style-local-25092-c1 position-relative\">\r\n  <!---->\r\n  <div data-colibri-component=\"section\" data-colibri-id=\"25092-c2\" id=\"custom\" class=\"h-section h-section-global-spacing d-flex align-items-lg-center align-items-md-center align-items-center style-9961 style-local-25092-c2 position-relative\">\r\n    <!---->\r\n    <!---->\r\n    <div class=\"h-section-grid-container h-section-boxed-container\">\r\n      <!---->\r\n      <div data-colibri-id=\"25092-c3\" class=\"h-row-container gutters-row-lg-2 gutters-row-md-2 gutters-row-0 gutters-row-v-lg-2 gutters-row-v-md-2 gutters-row-v-2 style-9962 style-local-25092-c3 position-relative\">\r\n        <!---->\r\n        <div class=\"h-row justify-content-lg-center justify-content-md-center justify-content-center align-items-lg-stretch align-items-md-stretch align-items-stretch gutters-col-lg-2 gutters-col-md-2 gutters-col-0 gutters-col-v-lg-2 gutters-col-v-md-2 gutters-col-v-2\">\r\n          <!---->\r\n          <div class=\"h-column h-column-container d-flex h-col-lg-auto h-col-md-auto h-col-auto style-9963-outer style-local-25092-c4-outer\">\r\n            <div data-colibri-id=\"25092-c4\" class=\"d-flex h-flex-basis h-column__inner h-px-lg-1 h-px-md-1 h-px-1 v-inner-lg-1 v-inner-md-1 v-inner-1 style-9963 style-local-25092-c4 position-relative\">\r\n              <!---->\r\n              <!---->\r\n              <div class=\"w-100 h-y-container h-column__content h-column__v-align flex-basis-100 align-self-lg-start align-self-md-start align-self-start\">\r\n                <!---->\r\n                <div data-colibri-id=\"25092-c5\" class=\"h-text h-text-component style-10276 style-local-25092-c5 position-relative h-element\">\r\n                  <!---->\r\n                  <!---->\r\n                  <div class=\"\">\r\n                    <h4><span style=\"color: rgb(128, 0, 128);\">CANTICO DI UN ANZIANO<\/span><\/h4>\r\n                    <p>Benedetti quelli che&nbsp;mi guardano con simpatia.<\/p>\r\n                    <p>Benedetti quelli che comprendono&nbsp;il mio camminare stanco.<\/p>\r\n                    <p>Benedetti quelli che parlano a voce alta&nbsp;per minimizzare la mia sordit\u00e0<\/p>\r\n                    <p>Benedetti quelli che stringono con calore le mie mani tremanti.<\/p>\r\n                    <p>Benedetti quelli che s\u2019interessano&nbsp;della mia lontana giovinezza<\/p>\r\n                    <p>Benedetti quelli che non si stancano&nbsp;di ascoltare i miei discorsi gi\u00e0 tante volte ripetuti.<\/p>\r\n                    <p>Benedetti quelli che comprendono&nbsp;il mio bisogno di affetto.<\/p>\r\n                    <p>Benedetti quelli che mi regalano&nbsp;frammenti del loro tempo.<\/p>\r\n                    <p>Benedetti quelli che si ricordano&nbsp;della mia solitudine.<\/p>\r\n                    <p>Benedetti quelli che mi sono vicini&nbsp;nella sofferenza.<\/p>\r\n                    <p>Benedetti quelli che rallegrano&nbsp;gli ultimi giorni della mia vita<\/p>\r\n                    <p>Benedetti quelli che mi sono vicini nel momento del passaggio.<\/p>\r\n                    <p>Quando entrer\u00f2 nella vita senza fine&nbsp;mi ricorder\u00f2 di loro presso il Signore Ges\u00f9.<\/p>\r\n                    <p>\r\n                      <br>\r\n                    <\/p>\r\n                  <\/div>\r\n                <\/div>\r\n              <\/div>\r\n            <\/div>\r\n          <\/div>\r\n          <div class=\"h-column h-column-container d-flex h-col-lg-auto h-col-md-auto h-col-auto style-9964-outer style-local-25092-c6-outer\">\r\n            <div data-colibri-id=\"25092-c6\" class=\"d-flex h-flex-basis h-column__inner h-px-lg-0 h-px-md-0 h-px-0 v-inner-lg-0 v-inner-md-0 v-inner-0 style-9964 style-local-25092-c6 position-relative\">\r\n              <!---->\r\n              <!---->\r\n              <div class=\"w-100 h-y-container h-column__content h-column__v-align flex-basis-100 align-self-lg-start align-self-md-start align-self-start\">\r\n                <!---->\r\n                <div data-colibri-id=\"25092-c7\" class=\"h-row-container gutters-row-lg-2 gutters-row-md-2 gutters-row-0 gutters-row-v-lg-2 gutters-row-v-md-2 gutters-row-v-2 style-10309 style-local-25092-c7 position-relative\">\r\n                  <!---->\r\n                  <div class=\"h-row justify-content-lg-center justify-content-md-center justify-content-center align-items-lg-stretch align-items-md-stretch align-items-stretch gutters-col-lg-2 gutters-col-md-2 gutters-col-0 gutters-col-v-lg-2 gutters-col-v-md-2 gutters-col-v-2\">\r\n                    <!---->\r\n                    <div class=\"h-column h-column-container d-flex h-col-lg-auto h-col-md-auto h-col-auto style-10310-outer style-local-25092-c8-outer\">\r\n                      <div data-colibri-id=\"25092-c8\" class=\"d-flex h-flex-basis h-column__inner h-px-lg-2 h-px-md-2 h-px-2 v-inner-lg-2 v-inner-md-2 v-inner-2 style-10310 style-local-25092-c8 position-relative\">\r\n                        <!---->\r\n                        <!---->\r\n                        <div class=\"w-100 h-y-container h-column__content h-column__v-align flex-basis-100 align-self-lg-start align-self-md-start align-self-start\">\r\n                          <!---->\r\n                          <div data-colibri-id=\"25092-c9\" class=\"d-block style-10308 style-local-25092-c9 position-relative h-element\">\r\n                            <!---->\r\n                            <div class=\"h-image__frame-container-outer\">\r\n                              <div class=\"h-image__frame-container\">\r\n                                <!---->\r\n                                <!---->\r\n                                <img loading=\"lazy\" decoding=\"async\" width=\"80\" height=\"67\" src=\"https:\/\/santagostinorimini.it\/new_sito\/wp-content\/uploads\/2024\/10\/emoticon2.jpg\" class=\"wp-image-25091 style-10308-image style-local-25092-c9-image\" alt=\"\" \/>\r\n                                <div class=\"h-image__frame h-hide-lg h-hide-md h-hide-sm style-10308-frameImage style-local-25092-c9-frameImage\"><\/div>\r\n                              <\/div>\r\n                            <\/div>\r\n                          <\/div>\r\n                        <\/div>\r\n                      <\/div>\r\n                    <\/div>\r\n                  <\/div>\r\n                <\/div>\r\n                <div data-colibri-id=\"25092-c10\" class=\"h-row-container gutters-row-lg-2 gutters-row-md-2 gutters-row-0 gutters-row-v-lg-2 gutters-row-v-md-2 gutters-row-v-2 style-10282 style-local-25092-c10 position-relative\">\r\n                  <!---->\r\n                  <div class=\"h-row justify-content-lg-center justify-content-md-center justify-content-center align-items-lg-stretch align-items-md-stretch align-items-stretch gutters-col-lg-2 gutters-col-md-2 gutters-col-0 gutters-col-v-lg-2 gutters-col-v-md-2 gutters-col-v-2\">\r\n                    <!---->\r\n                    <div class=\"h-column h-column-container d-flex h-col-lg-auto h-col-md-auto h-col-auto style-10283-outer style-local-25092-c11-outer\">\r\n                      <div data-colibri-id=\"25092-c11\" class=\"d-flex h-flex-basis h-column__inner h-px-lg-2 h-px-md-2 h-px-2 v-inner-lg-2 v-inner-md-2 v-inner-2 style-10283 style-local-25092-c11 position-relative\">\r\n                        <!---->\r\n                        <!---->\r\n                        <div class=\"w-100 h-y-container h-column__content h-column__v-align flex-basis-100 align-self-lg-start align-self-md-start align-self-start\">\r\n                          <!---->\r\n                          <div data-colibri-id=\"25092-c12\" class=\"h-x-container style-10273 style-local-25092-c12 position-relative h-element\">\r\n                            <!---->\r\n                            <div class=\"h-x-container-inner style-dynamic-25092-c12-group style-10273-spacing style-local-25092-c12-spacing\"><span class=\"h-link__outer style-10274-outer style-local-25092-c13-outer d-inline-flex h-element\"><a h-use-smooth-scroll=\"true\" href=\"https:\/\/youtu.be\/qCYpk0ivqjo\"  data-colibri-id=\"25092-c13\" class=\"d-flex w-100 align-items-center h-link style-10274 style-local-25092-c13 position-relative\"><!----><span  class=\"h-svg-icon h-link__icon style-10274-icon style-local-25092-c13-icon\"><!--Icon by Font Awesome (https:\/\/fontawesome.com)-->\r\n    <svg version=\"1.1\" xmlns=\"http:\/\/www.w3.org\/2000\/svg\" xmlns:xlink=\"http:\/\/www.w3.org\/1999\/xlink\" id=\"play\" viewBox=\"0 0 1408 1896.0833\">\r\n      <path d=\"M1384 927L56 1665q-23 13-39.5 3T0 1632V160q0-26 16.5-36t39.5 3l1328 738q23 13 23 31t-23 31z\"><\/path>\r\n    <\/svg><\/span> <span>Scelte difficili<\/span><\/a>\r\n                              <\/span>\r\n                            <\/div>\r\n                          <\/div>\r\n                          <div data-colibri-id=\"25092-c28\" class=\"d-block style-10313 style-local-25092-c28 position-relative h-element\">\r\n                            <!---->\r\n                            <div class=\"h-image__frame-container-outer\">\r\n                              <a href=\"https:\/\/youtu.be\/qCYpk0ivqjo\" h-use-smooth-scroll=\"true\" class=\"image-link\">\r\n                                <div class=\"h-image__frame-container\">\r\n                                  <!---->\r\n                                  <!---->\r\n                                  <img loading=\"lazy\" decoding=\"async\" width=\"856\" height=\"581\" src=\"https:\/\/santagostinorimini.it\/new_sito\/wp-content\/uploads\/2024\/10\/scelte.jpg\" class=\"wp-image-25983 style-10313-image style-local-25092-c28-image\" alt=\"\" srcset=\"https:\/\/santagostinorimini.it\/new_sito\/wp-content\/uploads\/2024\/10\/scelte.jpg 856w, https:\/\/santagostinorimini.it\/new_sito\/wp-content\/uploads\/2024\/10\/scelte-300x204.jpg 300w, https:\/\/santagostinorimini.it\/new_sito\/wp-content\/uploads\/2024\/10\/scelte-768x521.jpg 768w\" sizes=\"auto, (max-width: 856px) 100vw, 856px\" \/>\r\n                                  <div class=\"h-image__frame h-hide-lg h-hide-md h-hide-sm style-10313-frameImage style-local-25092-c28-frameImage\"><\/div>\r\n                                <\/div>\r\n                              <\/a>\r\n                            <\/div>\r\n                          <\/div>\r\n                        <\/div>\r\n                      <\/div>\r\n                    <\/div>\r\n                  <\/div>\r\n                <\/div>\r\n                <div data-colibri-id=\"25092-c31\" class=\"d-block style-10317 style-local-25092-c31 position-relative h-element\">\r\n                  <!---->\r\n                  <div class=\"h-image__frame-container-outer\">\r\n                    <div class=\"h-image__frame-container\">\r\n                      <!---->\r\n                      <!---->\r\n                      <img loading=\"lazy\" decoding=\"async\" width=\"1030\" height=\"292\" src=\"https:\/\/santagostinorimini.it\/new_sito\/wp-content\/uploads\/2024\/10\/Senzanome-1030x292-1.jpg\" class=\"wp-image-25992 style-10317-image style-local-25092-c31-image\" alt=\"\" srcset=\"https:\/\/santagostinorimini.it\/new_sito\/wp-content\/uploads\/2024\/10\/Senzanome-1030x292-1.jpg 1030w, https:\/\/santagostinorimini.it\/new_sito\/wp-content\/uploads\/2024\/10\/Senzanome-1030x292-1-300x85.jpg 300w, https:\/\/santagostinorimini.it\/new_sito\/wp-content\/uploads\/2024\/10\/Senzanome-1030x292-1-1024x290.jpg 1024w, https:\/\/santagostinorimini.it\/new_sito\/wp-content\/uploads\/2024\/10\/Senzanome-1030x292-1-768x218.jpg 768w\" sizes=\"auto, (max-width: 1030px) 100vw, 1030px\" \/>\r\n                      <div class=\"h-image__frame h-hide-lg h-hide-md h-hide-sm style-10317-frameImage style-local-25092-c31-frameImage\"><\/div>\r\n                    <\/div>\r\n                  <\/div>\r\n                <\/div>\r\n                <div data-colibri-id=\"25092-c26\" class=\"style-10311 style-local-25092-c26 position-relative h-element\">\r\n                  <!---->\r\n                <\/div>\r\n                <div data-colibri-id=\"25092-c16\" class=\"h-row-container gutters-row-lg-1 gutters-row-md-1 gutters-row-0 gutters-row-v-lg-1 gutters-row-v-md-1 gutters-row-v-1 style-10286 style-local-25092-c16 position-relative\">\r\n                  <!---->\r\n                  <div class=\"h-row justify-content-lg-center justify-content-md-center justify-content-center align-items-lg-stretch align-items-md-stretch align-items-stretch gutters-col-lg-1 gutters-col-md-1 gutters-col-0 gutters-col-v-lg-1 gutters-col-v-md-1 gutters-col-v-1\">\r\n                    <!---->\r\n                    <div class=\"h-column h-column-container d-flex h-col-lg-auto h-col-md-auto h-col-auto style-10287-outer style-local-25092-c17-outer\">\r\n                      <div data-colibri-id=\"25092-c17\" class=\"d-flex h-flex-basis h-column__inner h-px-lg-2 h-px-md-2 h-px-2 v-inner-lg-2 v-inner-md-2 v-inner-2 style-10287 style-local-25092-c17 position-relative\">\r\n                        <!---->\r\n                        <!---->\r\n                        <div class=\"w-100 h-y-container h-column__content h-column__v-align flex-basis-100 align-self-lg-start align-self-md-start align-self-start\">\r\n                          <!---->\r\n                          <div data-colibri-id=\"25092-c30\" class=\"d-block style-10316 style-local-25092-c30 position-relative h-element\">\r\n                            <!---->\r\n                            <div class=\"h-image__frame-container-outer\">\r\n                              <div class=\"h-image__frame-container\">\r\n                                <!---->\r\n                                <!---->\r\n                                <img loading=\"lazy\" decoding=\"async\" width=\"773\" height=\"800\" src=\"https:\/\/santagostinorimini.it\/new_sito\/wp-content\/uploads\/2024\/10\/IMG_5355.jpg\" class=\"wp-image-25984 style-10316-image style-local-25092-c30-image\" alt=\"\" srcset=\"https:\/\/santagostinorimini.it\/new_sito\/wp-content\/uploads\/2024\/10\/IMG_5355.jpg 773w, https:\/\/santagostinorimini.it\/new_sito\/wp-content\/uploads\/2024\/10\/IMG_5355-290x300.jpg 290w, https:\/\/santagostinorimini.it\/new_sito\/wp-content\/uploads\/2024\/10\/IMG_5355-768x795.jpg 768w\" sizes=\"auto, (max-width: 773px) 100vw, 773px\" \/>\r\n                                <div class=\"h-image__frame h-hide-lg h-hide-md h-hide-sm style-10316-frameImage style-local-25092-c30-frameImage\"><\/div>\r\n                              <\/div>\r\n                            <\/div>\r\n                          <\/div>\r\n                        <\/div>\r\n                      <\/div>\r\n                    <\/div>\r\n                  <\/div>\r\n                <\/div>\r\n              <\/div>\r\n            <\/div>\r\n          <\/div>\r\n          <div class=\"h-column h-column-container d-flex h-col-lg-auto h-col-md-auto h-col-auto style-9965-outer style-local-25092-c19-outer\">\r\n            <div data-colibri-id=\"25092-c19\" class=\"d-flex h-flex-basis h-column__inner h-px-lg-2 h-px-md-2 h-px-2 v-inner-lg-2 v-inner-md-2 v-inner-2 style-9965 style-local-25092-c19 position-relative\">\r\n              <!---->\r\n              <!---->\r\n              <div class=\"w-100 h-y-container h-column__content h-column__v-align flex-basis-100 align-self-lg-start align-self-md-start align-self-start\">\r\n                <!---->\r\n                <div data-colibri-id=\"25092-c20\" class=\"h-row-container gutters-row-lg-0 gutters-row-md-0 gutters-row-0 gutters-row-v-lg-0 gutters-row-v-md-0 gutters-row-v-0 style-9969 style-local-25092-c20 position-relative\">\r\n                  <!---->\r\n                  <div class=\"h-row justify-content-lg-center justify-content-md-center justify-content-center align-items-lg-stretch align-items-md-stretch align-items-stretch gutters-col-lg-0 gutters-col-md-0 gutters-col-0 gutters-col-v-lg-0 gutters-col-v-md-0 gutters-col-v-0\">\r\n                    <!---->\r\n                    <div class=\"h-column h-column-container d-flex h-col-lg-auto h-col-md-auto h-col-auto style-9970-outer style-local-25092-c21-outer\">\r\n                      <div data-colibri-id=\"25092-c21\" class=\"d-flex h-flex-basis h-column__inner h-px-lg-1 h-px-md-1 h-px-1 v-inner-lg-1 v-inner-md-1 v-inner-1 style-9970 style-local-25092-c21 position-relative\">\r\n                        <!---->\r\n                        <!---->\r\n                        <div class=\"w-100 h-y-container h-column__content h-column__v-align flex-basis-100 align-self-lg-start align-self-md-start align-self-start\">\r\n                          <!---->\r\n                          <div data-colibri-id=\"25092-c22\" class=\"d-block style-9967 style-local-25092-c22 position-relative h-element\">\r\n                            <!---->\r\n                            <div class=\"h-image__frame-container-outer\">\r\n                              <div class=\"h-image__frame-container\">\r\n                                <!---->\r\n                                <!---->\r\n                                <img loading=\"lazy\" decoding=\"async\" width=\"80\" height=\"67\" src=\"https:\/\/santagostinorimini.it\/new_sito\/wp-content\/uploads\/2024\/10\/emoticon2.jpg\" class=\"wp-image-25091 style-9967-image style-local-25092-c22-image\" alt=\"\" \/>\r\n                                <div class=\"h-image__frame h-hide-lg h-hide-md h-hide-sm style-9967-frameImage style-local-25092-c22-frameImage\"><\/div>\r\n                              <\/div>\r\n                            <\/div>\r\n                          <\/div>\r\n                        <\/div>\r\n                      <\/div>\r\n                    <\/div>\r\n                  <\/div>\r\n                <\/div>\r\n                <div data-colibri-id=\"25092-c23\" class=\"h-row-container gutters-row-lg-0 gutters-row-md-0 gutters-row-0 gutters-row-v-lg-0 gutters-row-v-md-0 gutters-row-v-0 style-9977 style-local-25092-c23 position-relative\">\r\n                  <!---->\r\n                  <div class=\"h-row justify-content-lg-center justify-content-md-center justify-content-center align-items-lg-stretch align-items-md-stretch align-items-stretch gutters-col-lg-0 gutters-col-md-0 gutters-col-0 gutters-col-v-lg-0 gutters-col-v-md-0 gutters-col-v-0\">\r\n                    <!---->\r\n                    <div class=\"h-column h-column-container d-flex h-col-lg-auto h-col-md-auto h-col-auto style-9978-outer style-local-25092-c24-outer\">\r\n                      <div data-colibri-id=\"25092-c24\" class=\"d-flex h-flex-basis h-column__inner h-px-lg-1 h-px-md-1 h-px-1 v-inner-lg-1 v-inner-md-1 v-inner-1 style-9978 style-local-25092-c24 position-relative\">\r\n                        <!---->\r\n                        <!---->\r\n                        <div class=\"w-100 h-y-container h-column__content h-column__v-align flex-basis-100 align-self-lg-start align-self-md-start align-self-start\">\r\n                          <!---->\r\n                          <div data-colibri-id=\"25092-c25\" class=\"h-text h-text-component style-9968 style-local-25092-c25 position-relative h-element\">\r\n                            <!---->\r\n                            <!---->\r\n                            <div class=\"\">\r\n                              <p>TRATTORIA LO SCOGLIO<\/p>\r\n                              <p>&nbsp;Un gruppo di amiche di 40 anni pensa a&nbsp;dove incontrarsi per il pranzo.&nbsp;Infine viene&nbsp;concordato di andare alla Trattoria Lo Scoglio, perch\u00e9 i camerieri&nbsp;sono belli.<\/p>\r\n                              <p>Dieci anni dopo, all&#8217;et\u00e0 di 50&nbsp;anni, ancora una volta le amiche vagliano dove incontrarsi per&nbsp;il pranzo. Infine concordano che si vedranno alla Trattoria Lo Scoglio perch\u00e9 il cibo \u00e8 buono e la selezione dei&nbsp;vini\r\n                                eccellente.<\/p>\r\n                              <p>Dieci anni dopo, all&#8217;et\u00e0 di 60 anni, le amiche nuovamente esaminano dove riunirsi per&nbsp;il pranzo e alla fine concordano per la Trattoria Lo Scoglio, perch\u00e9 e&#8217; un posto tranquillo con una bellissima vista sul&nbsp;mare<\/p>\r\n                              <p>Dieci anni dopo, all&#8217;et\u00e0 di 70 anni, le amiche discutono su dove fare il loro pranzetto decennale e&nbsp;la scelta cade&nbsp;sulla Trattoria Lo Scoglio perch\u00e9 il ristorante \u00e8 accessibile ai disabili e ha&nbsp;l&#8217;ascensore.<\/p>\r\n                              <p>Dieci anni dopo, all&#8217;et\u00e0 di 80 anni, le amiche devono scegliere dove incontrarsi per il pranzo. Infine decidono all&#8217;unanimit\u00e0 di trovarsi alla Trattoria Lo Scoglio, perch\u00e9 non ci sono mai state prima.<\/p>\r\n                              <p>\r\n                                <br>\r\n                              <\/p>\r\n                              <p>\r\n                                <br>\r\n                              <\/p>\r\n                              <p>\r\n                                <br>\r\n                              <\/p>\r\n                            <\/div>\r\n                          <\/div>\r\n                        <\/div>\r\n                      <\/div>\r\n                    <\/div>\r\n                  <\/div>\r\n                <\/div>\r\n              <\/div>\r\n            <\/div>\r\n          <\/div>\r\n        <\/div>\r\n      <\/div>\r\n    <\/div>\r\n  <\/div>\r\n<\/div>","protected":false},"excerpt":{"rendered":"<p>CANTICO DI UN ANZIANO Benedetti quelli che&nbsp;mi guardano con simpatia. Benedetti quelli che comprendono&nbsp;il mio camminare stanco. Benedetti quelli che parlano a voce alta&nbsp;per minimizzare la mia sordit\u00e0 Benedetti quelli che stringono con calore le mie mani tremanti. Benedetti quelli che s\u2019interessano&nbsp;della mia lontana giovinezza Benedetti quelli che non si stancano&nbsp;di ascoltare i miei discorsi [&hellip;]<\/p>\n","protected":false},"author":5,"featured_media":0,"parent":304,"menu_order":0,"comment_status":"closed","ping_status":"closed","template":"page-templates\/full-width-page.php","meta":{"iawp_total_views":57,"footnotes":""},"class_list":["post-25092","page","type-page","status-publish","hentry"],"_links":{"self":[{"href":"https:\/\/santagostinorimini.it\/new_sito\/wp-json\/wp\/v2\/pages\/25092","targetHints":{"allow":["GET"]}}],"collection":[{"href":"https:\/\/santagostinorimini.it\/new_sito\/wp-json\/wp\/v2\/pages"}],"about":[{"href":"https:\/\/santagostinorimini.it\/new_sito\/wp-json\/wp\/v2\/types\/page"}],"author":[{"embeddable":true,"href":"https:\/\/santagostinorimini.it\/new_sito\/wp-json\/wp\/v2\/users\/5"}],"replies":[{"embeddable":true,"href":"https:\/\/santagostinorimini.it\/new_sito\/wp-json\/wp\/v2\/comments?post=25092"}],"version-history":[{"count":20,"href":"https:\/\/santagostinorimini.it\/new_sito\/wp-json\/wp\/v2\/pages\/25092\/revisions"}],"predecessor-version":[{"id":26088,"href":"https:\/\/santagostinorimini.it\/new_sito\/wp-json\/wp\/v2\/pages\/25092\/revisions\/26088"}],"up":[{"embeddable":true,"href":"https:\/\/santagostinorimini.it\/new_sito\/wp-json\/wp\/v2\/pages\/304"}],"wp:attachment":[{"href":"https:\/\/santagostinorimini.it\/new_sito\/wp-json\/wp\/v2\/media?parent=25092"}],"curies":[{"name":"wp","href":"https:\/\/api.w.org\/{rel}","templated":true}]}}