{"id":27284,"date":"2024-12-09T12:28:11","date_gmt":"2024-12-09T11:28:11","guid":{"rendered":"https:\/\/santagostinorimini.it\/new_sito\/?page_id=27284"},"modified":"2024-12-09T20:46:26","modified_gmt":"2024-12-09T19:46:26","slug":"mons-giuseppe-vasini","status":"publish","type":"page","link":"https:\/\/santagostinorimini.it\/new_sito\/mons-giuseppe-vasini\/","title":{"rendered":"Mons. Giuseppe Vasini"},"content":{"rendered":"\n<figure class=\"wp-block-image size-full\"><img loading=\"lazy\" decoding=\"async\" width=\"381\" height=\"357\" src=\"https:\/\/santagostinorimini.it\/new_sito\/wp-content\/uploads\/2024\/12\/mons-Giuseppe-Vasini.jpg\" alt=\"\" class=\"wp-image-27290\" srcset=\"https:\/\/santagostinorimini.it\/new_sito\/wp-content\/uploads\/2024\/12\/mons-Giuseppe-Vasini.jpg 381w, https:\/\/santagostinorimini.it\/new_sito\/wp-content\/uploads\/2024\/12\/mons-Giuseppe-Vasini-300x281.jpg 300w\" sizes=\"auto, (max-width: 381px) 100vw, 381px\" \/><\/figure>\n\n\n\n<p>FU DIRETTTORE DELL&#8217;UFFICIO AMMINISTRATIVO DIOCESANO E UNO DEI FONDATORI A RIMIMI DI &#8220;RINASCITA CRISTIANA&#8221;<\/p>\n\n\n\n<p>Gioved\u00ec 3 marzo, all&#8217;et\u00e0 di 77, si \u00e8 spento Mons. Giuseppe Vasinl, Canonico Penitenziere della Cattedrale.<\/p>\n\n\n\n<p>Nato a Bellaria il 22 gennaio 1906, \u00e8 stato ordinato sacerdote il 3 giugno del &#8217;28. Fino al 1931 ha svolto la funzione di cappellano nella parrocchia di Faetano e sino al &#8217;34 \u00e8 stato parroco di San Felice di Montefiore Conca. Dal &#8217;34 al &#8217;41 \u00e8 stato parroco a S. Martino in Riparotta e dal &#8217;41 al &#8217;57 parroco di Sant&#8217;Agostino di Rimini. In questo periodo fu iniziatore, animatore e responsabile del Movimento Rinascita Cristiana.<\/p>\n\n\n\n<p>La guerra era appena passata, la citt\u00e0 distratta, tutto era da ricostruire: case, chiese, associazioni, cultura. Mancava tutto fuorch\u00e8 l&#8217;ardore della ripresa. Don Vasini, da poco parroco di Sant&#8217;Agostino, mise a disposizione la sua canonica e, assieme a don Pasolini, don Polverelli, la prof. Massani, Pasquinelli, Campedelli, Di BIasi e Tosi inizi\u00f2 gli incontri per far rinascere [&#8216;Azione Cattolica, il CIF, la Protezione della Giovane e i Convegni di Maria Cristina. Questi ultimi erano in un periodo di trasformazione. Nel maggio del &#8217;46 infatti vennero a Rimini Vera Castellet e Corinna Pellati per proporre il nuovo metodo del Movimento di Rinascita Cristiana.<\/p>\n\n\n\n<p>Non era facile accettare un apostolato in ambiente borghese, non era facile allora la preghiera comunitaria e la meditazione comune sul Vangelo, ma don Vasini accett\u00f2 di essere il primo assistente del Movimento e partecip\u00f2 assieme a due signore riminesi, all&#8217;udienza concessa a Rinascita da Pio XII nel febbraio del &#8217;47. Fu presente ai primi congressi e fu membroi del primo Consiglio Nazionale. Educ\u00f2 ad una spiritualit\u00e0 solida, incentrata sulla devozione all Spirito Santo e al Sacro Cuore (programm\u00f2 una S. Messa ogni primo venerd\u00ec del mese  con meditazioni-lezioni tenute prima da Mons. Bruschi, poi da don Ancarani e da don Calandrini).<\/p>\n\n\n\n<p>Nel &#8217;54 fu nominato Direttore dell&#8217;Ufficio Amministrativo Diocesano, incarico che tenne fino al 1963. Dal &#8217;57 al &#8217;63 fu pure Economo del Seminario. In questo periodo fu costruito il nuovo Seminario a Covignano e Mons. Vasini segu\u00ec con grande impegno i lavori. Dal &#8217;57 fu Canonico della Cattedrale e dal &#8217;64 fu nominato Canonico Penitenziere.<\/p>\n\n\n\n<p>La lunga malattia non gli permise, negli ultimi anni, una partecipazione attiva alla vita pastorale. Gli rimaneva da offrire la sua sofferenza. Uno fra gli ultimi momenti belli della sua vita, l&#8217;incontro e l&#8217;abbracdo con il Papa in Duomo in occasione della visita agli ammalati.<\/p>\n\n\n\n<p>I funerall si sono svolti sabato pomeriggio 5 marzo in Duomo. Ha presieduto la concelebrazione, con circa 30 sacerdoti, il nostro Vescovo Mons. Locatelli che neIl&#8217;omelia ha tracciato la figura spirituale del sacerdote scomparso.<\/p>\n","protected":false},"excerpt":{"rendered":"<p>FU DIRETTTORE DELL&#8217;UFFICIO AMMINISTRATIVO DIOCESANO E UNO DEI FONDATORI A RIMIMI DI &#8220;RINASCITA CRISTIANA&#8221; Gioved\u00ec 3 marzo, all&#8217;et\u00e0 di 77, si \u00e8 spento Mons. Giuseppe Vasinl, Canonico Penitenziere della Cattedrale. Nato a Bellaria il 22 gennaio 1906, \u00e8 stato ordinato sacerdote il 3 giugno del &#8217;28. Fino al 1931 ha svolto la funzione di cappellano [&hellip;]<\/p>\n","protected":false},"author":5,"featured_media":0,"parent":0,"menu_order":0,"comment_status":"closed","ping_status":"closed","template":"","meta":{"iawp_total_views":5,"footnotes":""},"class_list":["post-27284","page","type-page","status-publish","hentry"],"_links":{"self":[{"href":"https:\/\/santagostinorimini.it\/new_sito\/wp-json\/wp\/v2\/pages\/27284","targetHints":{"allow":["GET"]}}],"collection":[{"href":"https:\/\/santagostinorimini.it\/new_sito\/wp-json\/wp\/v2\/pages"}],"about":[{"href":"https:\/\/santagostinorimini.it\/new_sito\/wp-json\/wp\/v2\/types\/page"}],"author":[{"embeddable":true,"href":"https:\/\/santagostinorimini.it\/new_sito\/wp-json\/wp\/v2\/users\/5"}],"replies":[{"embeddable":true,"href":"https:\/\/santagostinorimini.it\/new_sito\/wp-json\/wp\/v2\/comments?post=27284"}],"version-history":[{"count":3,"href":"https:\/\/santagostinorimini.it\/new_sito\/wp-json\/wp\/v2\/pages\/27284\/revisions"}],"predecessor-version":[{"id":27313,"href":"https:\/\/santagostinorimini.it\/new_sito\/wp-json\/wp\/v2\/pages\/27284\/revisions\/27313"}],"wp:attachment":[{"href":"https:\/\/santagostinorimini.it\/new_sito\/wp-json\/wp\/v2\/media?parent=27284"}],"curies":[{"name":"wp","href":"https:\/\/api.w.org\/{rel}","templated":true}]}}