{"id":312,"date":"2021-01-19T21:06:47","date_gmt":"2021-01-19T20:06:47","guid":{"rendered":"http:\/\/santagostinorimini.it\/new_sito\/?page_id=312"},"modified":"2025-10-01T19:51:22","modified_gmt":"2025-10-01T17:51:22","slug":"ministranti","status":"publish","type":"page","link":"https:\/\/santagostinorimini.it\/new_sito\/attivita\/ministranti\/","title":{"rendered":"Ministranti"},"content":{"rendered":"<div data-colibri-id=\"312-c1\" class=\"style-1126 style-local-312-c1 position-relative\">\r\n  <!---->\r\n  <div data-colibri-component=\"section\" data-colibri-id=\"312-c2\" id=\"custom\" class=\"h-section h-section-global-spacing d-flex align-items-lg-center align-items-md-center align-items-center style-1127 style-local-312-c2 position-relative\">\r\n    <!---->\r\n    <!---->\r\n    <div class=\"h-section-grid-container h-section-boxed-container\">\r\n      <!---->\r\n      <div data-colibri-id=\"312-c3\" class=\"h-row-container gutters-row-lg-2 gutters-row-md-2 gutters-row-0 gutters-row-v-lg-2 gutters-row-v-md-2 gutters-row-v-2 style-1128 style-local-312-c3 position-relative\">\r\n        <!---->\r\n        <div class=\"h-row justify-content-lg-center justify-content-md-center justify-content-center align-items-lg-stretch align-items-md-stretch align-items-stretch gutters-col-lg-2 gutters-col-md-2 gutters-col-0 gutters-col-v-lg-2 gutters-col-v-md-2 gutters-col-v-2\">\r\n          <!---->\r\n          <div class=\"h-column h-column-container d-flex h-col-lg-auto h-col-md-auto h-col-auto style-1129-outer style-local-312-c4-outer\">\r\n            <div data-colibri-id=\"312-c4\" class=\"d-flex h-flex-basis h-column__inner h-px-lg-2 h-px-md-2 h-px-2 v-inner-lg-2 v-inner-md-2 v-inner-2 style-1129 style-local-312-c4 position-relative\">\r\n              <!---->\r\n              <!---->\r\n              <div class=\"w-100 h-y-container h-column__content h-column__v-align flex-basis-100 align-self-lg-start align-self-md-start align-self-start\">\r\n                <!---->\r\n                <div data-colibri-id=\"312-c5\" class=\"h-lead h-text h-text-component style-1131 style-local-312-c5 position-relative h-element\">\r\n                  <!---->\r\n                  <!---->\r\n                  <div class=\"\">\r\n                    <p>Com\u2019\u00e8 bello scoprire che la fede ci fa uscire da noi stessi, dal nostro isolamento e, proprio perch\u00e9 ricolmi della gioia di essere amici di Cristo Signore, ci fa muovere verso gli altri, rendendoci naturalmente missionari! Ministranti\r\n                      missionari: cos\u00ec vi vuole Ges\u00f9!<\/p>\r\n                    <p>Papa Francesco<\/p>\r\n                  <\/div>\r\n                <\/div>\r\n                <div data-colibri-id=\"312-c6\" class=\"h-text h-text-component style-1130 style-local-312-c6 position-relative h-element\">\r\n                  <!---->\r\n                  <!---->\r\n                  <div class=\"\">\r\n                    <p>Siamo nati dal desiderio di stare pi\u00f9 vicino a Ges\u00f9 nel servizio all\u2019 altare durante la celebrazione eucaristica domenicale, specialmente quella delle ore 11,&nbsp;e durante i momenti pi\u00f9 importanti dell\u2019anno liturgico (veglia di Natale,\r\n                      Triduo Pasquale, Corpus Domini&#8230;)<\/p>\r\n                    <p>Copriamo una fascia d\u2019et\u00e0 che va dagli 8 anni fino alle Scuole Superiori e accogliamo ragazzi e ragazze.<\/p>\r\n                    <p>Alcune volte, durante l\u2019anno, ci ritroviamo un\u2019oretta la domenica mattina prima della Messa delle 11 per approfondire la conoscenza dei gesti liturgici che costituiscono in pratica il nostro servizio, ma soprattutto per rendere pi\u00f9\r\n                      forte la nostra amicizia con Ges\u00f9!<\/p>\r\n                    <p>La caratteristica principale del nostro servizio \u00e8 la vivacit\u00e0 e la curiosit\u00e0 accompagnati sempre dal sorriso ed i pi\u00f9 piccoli vengono aiutati dai pi\u00f9 grandi.<\/p>\r\n                    <p>All&#8217;inizio dell&#8217;Anno Pastorale che coincide con la Festa parrocchiale siamo soliti celebrare insieme la Messa con il mandato ai ministranti: un momento molto bello ed intenso in cui ci prendiamo l\u2019impegno di vivere la Messa come momento\r\n                      centrale della settimana insieme al parroco e agli altri ministri, con tutta la comunit\u00e0.<\/p>\r\n                    <p>Partecipiamo alla Giornata diocesana dei ministranti che viene organizzata ogni anno dalla pastorale vocazionale insieme all\u2019Ufficio liturgico diocesano. Facciamo parte del Gruppo liturgico parrocchiale insieme agli altri Ministri\r\n                      istituiti. Ogni anno e in ogni momento dell\u2019anno accogliamo con gioia chi vorr\u00e0 aiutarci in questo servizio!<\/p>\r\n                    <p>\r\n                      <br>\r\n                    <\/p>\r\n                  <\/div>\r\n                <\/div>\r\n                <div data-colibri-id=\"312-c7\" class=\"style-1540 style-local-312-c7 position-relative h-element\">\r\n                  <!---->\r\n                  <div class=\"h-global-transition-all h-global-transition h-global-transition-all h-contact-form-shortcode\"><\/div>\r\n                <\/div>\r\n              <\/div>\r\n            <\/div>\r\n          <\/div>\r\n        <\/div>\r\n      <\/div>\r\n    <\/div>\r\n  <\/div>\r\n<\/div>","protected":false},"excerpt":{"rendered":"<p>Com\u2019\u00e8 bello scoprire che la fede ci fa uscire da noi stessi, dal nostro isolamento e, proprio perch\u00e9 ricolmi della gioia di essere amici di Cristo Signore, ci fa muovere verso gli altri, rendendoci naturalmente missionari! Ministranti missionari: cos\u00ec vi vuole Ges\u00f9! Papa Francesco Siamo nati dal desiderio di stare pi\u00f9 vicino a Ges\u00f9 nel [&hellip;]<\/p>\n","protected":false},"author":1,"featured_media":0,"parent":214,"menu_order":2,"comment_status":"closed","ping_status":"closed","template":"page-templates\/homepage.php","meta":{"iawp_total_views":50,"footnotes":""},"class_list":["post-312","page","type-page","status-publish","hentry"],"_links":{"self":[{"href":"https:\/\/santagostinorimini.it\/new_sito\/wp-json\/wp\/v2\/pages\/312","targetHints":{"allow":["GET"]}}],"collection":[{"href":"https:\/\/santagostinorimini.it\/new_sito\/wp-json\/wp\/v2\/pages"}],"about":[{"href":"https:\/\/santagostinorimini.it\/new_sito\/wp-json\/wp\/v2\/types\/page"}],"author":[{"embeddable":true,"href":"https:\/\/santagostinorimini.it\/new_sito\/wp-json\/wp\/v2\/users\/1"}],"replies":[{"embeddable":true,"href":"https:\/\/santagostinorimini.it\/new_sito\/wp-json\/wp\/v2\/comments?post=312"}],"version-history":[{"count":9,"href":"https:\/\/santagostinorimini.it\/new_sito\/wp-json\/wp\/v2\/pages\/312\/revisions"}],"predecessor-version":[{"id":17031,"href":"https:\/\/santagostinorimini.it\/new_sito\/wp-json\/wp\/v2\/pages\/312\/revisions\/17031"}],"up":[{"embeddable":true,"href":"https:\/\/santagostinorimini.it\/new_sito\/wp-json\/wp\/v2\/pages\/214"}],"wp:attachment":[{"href":"https:\/\/santagostinorimini.it\/new_sito\/wp-json\/wp\/v2\/media?parent=312"}],"curies":[{"name":"wp","href":"https:\/\/api.w.org\/{rel}","templated":true}]}}