{"id":320,"date":"2021-01-19T21:10:04","date_gmt":"2021-01-19T20:10:04","guid":{"rendered":"http:\/\/santagostinorimini.it\/new_sito\/?page_id=320"},"modified":"2024-05-30T20:09:20","modified_gmt":"2024-05-30T18:09:20","slug":"santagostino","status":"publish","type":"page","link":"https:\/\/santagostinorimini.it\/new_sito\/chiese\/santagostino\/","title":{"rendered":"Sant&#8217;Agostino"},"content":{"rendered":"<div data-colibri-id=\"320-c1\" class=\"style-1168 style-local-320-c1 position-relative\">\n  <!---->\n  <div data-colibri-component=\"section\" data-colibri-id=\"320-c2\" id=\"custom\" class=\"h-section h-section-global-spacing d-flex align-items-lg-center align-items-md-center align-items-center style-1246 style-local-320-c2 position-relative\">\n    <!---->\n    <!---->\n    <div class=\"h-section-grid-container h-section-boxed-container\">\n      <!---->\n      <div data-colibri-id=\"320-c3\" class=\"h-row-container gutters-row-lg-2 gutters-row-md-2 gutters-row-0 gutters-row-v-lg-2 gutters-row-v-md-2 gutters-row-v-2 style-1247 style-local-320-c3 position-relative\">\n        <!---->\n        <div class=\"h-row justify-content-lg-center justify-content-md-center justify-content-center align-items-lg-stretch align-items-md-stretch align-items-stretch gutters-col-lg-2 gutters-col-md-2 gutters-col-0 gutters-col-v-lg-2 gutters-col-v-md-2 gutters-col-v-2\">\n          <!---->\n          <div class=\"h-column h-column-container d-flex h-col-lg-auto h-col-md-auto h-col-auto style-1248-outer style-local-320-c4-outer\">\n            <div data-colibri-id=\"320-c4\" class=\"d-flex h-flex-basis h-column__inner h-px-lg-2 h-px-md-2 h-px-2 v-inner-lg-2 v-inner-md-2 v-inner-2 style-1248 style-local-320-c4 position-relative\">\n              <!---->\n              <!---->\n              <div class=\"w-100 h-y-container h-column__content h-column__v-align flex-basis-100 align-self-lg-start align-self-md-start align-self-start\">\n                <!---->\n                <div data-colibri-id=\"320-c5\" class=\"h-text h-text-component style-1251 style-local-320-c5 position-relative h-element\">\n                  <!---->\n                  <!---->\n                  <div class=\"\">\n                    <p>La Chiesa di Sant\u2019Agostino, sita nel centro storico di Rimini, \u00e8 una delle chiese pi\u00f9 grandi della Diocesi di Rimini. \u00c8 l\u2019unica nella provincia di Rimini che conserva, almeno esternamente, un carattere architettonico medievale. L\u2019attuale\n                      aspetto \u00e8 dovuto ai restauri e all\u2019isolamento operati negli anni Venti e Trenta del Novecento.<\/p>\n                    <p>La parte meglio conservata e pi\u00f9 suggestiva \u00e8 quella dell\u2019abside e del campanile (alto ben 55 metri), di forme moderatamente gotiche. I portali in pietra appartengono al XVII e XVIII secolo, e sono sormontati entrambi da un\u2019aquila\n                      che \u00e8 il simbolo \u201capocalittico\u201d di san Giovanni Evangelista.<\/p>\n                    <p>\n                      <br>\n                    <\/p>\n                  <\/div>\n                <\/div>\n              <\/div>\n            <\/div>\n          <\/div>\n          <div class=\"h-column h-column-container d-flex h-col-lg-auto h-col-md-auto h-col-auto style-1249-outer style-local-320-c6-outer\">\n            <div data-colibri-id=\"320-c6\" class=\"d-flex h-flex-basis h-column__inner h-px-lg-2 h-px-md-2 h-px-2 v-inner-lg-2 v-inner-md-2 v-inner-2 style-1249 style-local-320-c6 position-relative\">\n              <!---->\n              <!---->\n              <div class=\"w-100 h-y-container h-column__content h-column__v-align flex-basis-100 align-self-lg-start align-self-md-start align-self-start\">\n                <!---->\n                <div data-colibri-id=\"320-c7\" class=\"d-block style-1250 style-local-320-c7 position-relative h-element\">\n                  <!---->\n                  <div class=\"h-image__frame-container-outer\">\n                    <div class=\"h-image__frame-container\">\n                      <!---->\n                      <!---->\n                      <img loading=\"lazy\" decoding=\"async\" width=\"800\" height=\"600\" src=\"http:\/\/santagostinorimini.it\/new_sito\/wp-content\/uploads\/2021\/01\/santagostino-1.jpg\" class=\"wp-image-1816 style-1250-image style-local-320-c7-image\" alt=\"\" srcset=\"https:\/\/santagostinorimini.it\/new_sito\/wp-content\/uploads\/2021\/01\/santagostino-1.jpg 800w, https:\/\/santagostinorimini.it\/new_sito\/wp-content\/uploads\/2021\/01\/santagostino-1-300x225.jpg 300w, https:\/\/santagostinorimini.it\/new_sito\/wp-content\/uploads\/2021\/01\/santagostino-1-768x576.jpg 768w\" sizes=\"auto, (max-width: 800px) 100vw, 800px\" \/>\n                      <div class=\"h-image__frame h-hide-lg h-hide-md h-hide-sm style-1250-frameImage style-local-320-c7-frameImage\"><\/div>\n                    <\/div>\n                  <\/div>\n                <\/div>\n              <\/div>\n            <\/div>\n          <\/div>\n        <\/div>\n      <\/div>\n      <div data-colibri-id=\"320-c8\" class=\"h-row-container gutters-row-lg-2 gutters-row-md-2 gutters-row-0 gutters-row-v-lg-2 gutters-row-v-md-2 gutters-row-v-2 style-1252 style-local-320-c8 position-relative\">\n        <!---->\n        <div class=\"h-row justify-content-lg-center justify-content-md-center justify-content-center align-items-lg-stretch align-items-md-stretch align-items-stretch gutters-col-lg-2 gutters-col-md-2 gutters-col-0 gutters-col-v-lg-2 gutters-col-v-md-2 gutters-col-v-2\">\n          <!---->\n          <div class=\"h-column h-column-container d-flex h-col-lg-auto h-col-md-auto h-col-auto style-1253-outer style-local-320-c9-outer\">\n            <div data-colibri-id=\"320-c9\" class=\"d-flex h-flex-basis h-column__inner h-px-lg-2 h-px-md-2 h-px-2 v-inner-lg-2 v-inner-md-2 v-inner-2 style-1253 style-local-320-c9 position-relative\">\n              <!---->\n              <!---->\n              <div class=\"w-100 h-y-container h-column__content h-column__v-align flex-basis-100 align-self-lg-start align-self-md-start align-self-start\">\n                <!---->\n                <div data-colibri-id=\"320-c10\" class=\"h-text h-text-component style-1254 style-local-320-c10 position-relative h-element\">\n                  <!---->\n                  <!---->\n                  <div class=\"\">\n                    <p>La chiesa \u00e8 sempre stata dedicata a san Giovanni evangelista; ma, essendo appartenuta agli Eremiti dell\u2019Ordine agostiniano, viene comunemente detta di Sant\u2019Agostino.&nbsp;<\/p>\n                    <p>La costruzione \u00e8 databile agli ultimi decenni del Duecento ed \u00e8 dovuta agli Eremitani di sant\u2019Agostino, ai quali nel 1256 era stata concessa l\u2019antica e modesta chiesa parrocchiale dedicata a san Giovanni Evangelista, posta proprio\n                      al centro della citt\u00e0. Gli Eremitani la ricostruirono molto pi\u00f9 grande, forse a partire dal 1287, quando riuscirono a concludere positivamente una vertenza con la vicina parrocchia dei Santi Giovanni e Paolo. Con il tempo la chiesa\n                      si arricch\u00ec di altari, cappelle e opere d\u2019arte, almeno fino a quando gli Agostiniani furono soppressi e dispersi dal governo napoleonico nel 1797.<\/p>\n                    <p>Nella parete di fondo del presbiterio, dietro all\u2019altare, ora si possono di nuovo ammirare gli originari affreschi trecenteschi, con una maestosa raffigurazione di Cristo in trono fra i santi Giovanni Evangelista e Giovanni Battista,\n                      nella lunetta; una grande Madonna in trono con il Bambino, al centro; e pi\u00f9 in basso la scena del &#8220;Noli me tangere&#8221;. Sulle pareti laterali, in due registri sovrapposti, sono affrescate storie della vita di san Giovanni Evangelista\n                      e di sant\u2019Agostino. Tutta la decorazione \u00e8 opera di pittori riminesi (probabilmente i fratelli Giovanni e Giuliano Zangolo, considerati i fondatori della \u201cscuola riminese del Trecento\u201d, tributaria di Giotto, che la eseguirono nei\n                      primi decenni del Trecento, forse dopo il terremoto che aveva colpito la citt\u00e0 nel 1308 e prima del Capitolo generale degli Agostiniani che si tenne proprio in questa chiesa nel 1318.<\/p>\n                    <p>Degli stessi pittori la chiesa custodisce sulla parete di destra della navata un grande Crocifisso dipinto su tavola sagomata, esemplato su quello eseguito da Giotto alla fine del Duecento per la chiesa riminese dei Francescani, oggi\n                      nota come la Cattedrale di Rimini.<\/p>\n                    <p>Sulla parete sinistra, invece dopo il primo altare, si trova oggi il moderno sepolcro del Beato riminese Alberto Marvelli (1918-1946), canonizzato il 5 settembre 2004; al di sopra di questo \u00e8 appeso un affresco trecentesco di scuola\n                      riminese raffigurante la Madonna in trono con il Bambino fra i santi Giovanni Evangelista e Agostino, staccato nel 1990 da un locale adiacente alla chiesa, parte dell\u2019antico monastero agostiniano.<\/p>\n                  <\/div>\n                <\/div>\n                <div data-colibri-id=\"320-c11\" class=\"h-x-container style-1255 style-local-320-c11 position-relative h-element\">\n                  <!---->\n                  <div class=\"h-x-container-inner style-dynamic-320-c11-group style-1255-spacing style-local-320-c11-spacing\"><span class=\"h-button__outer style-1256-outer style-local-320-c12-outer d-inline-flex h-element\"><a h-use-smooth-scroll=\"true\" href=\"https:\/\/www.google.com\/maps\/place\/Chiesa+di+S.+Agostino\/@44.0593074,12.5662656,3a,90y,344.53h,96.4t\/data=!3m8!1e1!3m6!1sAF1QipOLFC10c-ge9QqYiS7Vd0TIKacZOCQQ1YbhN2Au!2e10!3e11!6shttps:%2F%2Flh5.googleusercontent.com%2Fp%2FAF1QipOLFC10c-ge9QqYiS7Vd0TIKacZOCQQ1YbhN2Au%3Dw224-h298-k-no-pi-10-ya211.99998-ro-0-fo100!7i8192!8i4096!4m7!3m6!1s0x0:0xa3c21d529dbd7104!8m2!3d44.0597026!4d12.5659293!14m1!1BCgIgARICCAI\"  data-colibri-id=\"320-c12\" class=\"d-flex w-100 align-items-center h-button justify-content-lg-center justify-content-md-center justify-content-center style-1256 style-local-320-c12 position-relative\"><!----><!----> <span>VISITA LA CHIESA<\/span><\/a>\n                    <\/span>\n                  <\/div>\n                <\/div>\n              <\/div>\n            <\/div>\n          <\/div>\n        <\/div>\n      <\/div>\n      <div data-colibri-id=\"320-c13\" class=\"h-row-container gutters-row-lg-2 gutters-row-md-2 gutters-row-0 gutters-row-v-lg-2 gutters-row-v-md-2 gutters-row-v-2 style-1259 style-local-320-c13 position-relative\">\n        <!---->\n        <div class=\"h-row justify-content-lg-center justify-content-md-center justify-content-center align-items-lg-stretch align-items-md-stretch align-items-stretch gutters-col-lg-2 gutters-col-md-2 gutters-col-0 gutters-col-v-lg-2 gutters-col-v-md-2 gutters-col-v-2\">\n          <!---->\n          <div class=\"h-column h-column-container d-flex h-col-lg-auto h-col-md-auto h-col-auto style-1260-outer style-local-320-c14-outer\">\n            <div data-colibri-id=\"320-c14\" class=\"d-flex h-flex-basis h-column__inner h-px-lg-2 h-px-md-2 h-px-2 v-inner-lg-2 v-inner-md-2 v-inner-2 style-1260 style-local-320-c14 position-relative\">\n              <!---->\n              <!---->\n              <div class=\"w-100 h-y-container h-column__content h-column__v-align flex-basis-100 align-self-lg-start align-self-md-start align-self-start\">\n                <!---->\n                <div data-colibri-id=\"320-c15\" class=\"style-1258 style-local-320-c15 position-relative h-element\">\n                  <!---->\n                  <div class=\"h-global-transition-all h-global-transition h-global-transition-all h-contact-form-shortcode\"><\/div>\n                <\/div>\n              <\/div>\n            <\/div>\n          <\/div>\n        <\/div>\n      <\/div>\n      <div data-colibri-id=\"320-c16\" class=\"h-row-container gutters-row-lg-0 gutters-row-md-3 gutters-row-0 gutters-row-v-lg-0 gutters-row-v-md-3 gutters-row-v-0 style-4943 style-local-320-c16 position-relative\">\n        <!---->\n        <div class=\"h-row justify-content-lg-center justify-content-md-center justify-content-center align-items-lg-stretch align-items-md-stretch align-items-stretch gutters-col-lg-0 gutters-col-md-3 gutters-col-0 gutters-col-v-lg-0 gutters-col-v-md-3 gutters-col-v-0\">\n          <!---->\n          <div class=\"h-column h-column-container d-flex h-col-lg-6 h-col-md-6 h-col-12 style-4944-outer style-local-320-c17-outer\">\n            <div data-colibri-id=\"320-c17\" class=\"d-flex h-flex-basis h-column__inner h-px-lg-2 h-px-md-2 h-px-2 v-inner-lg-2 v-inner-md-2 v-inner-2 style-4944 style-local-320-c17 position-relative\">\n              <!---->\n              <!---->\n              <div class=\"w-100 h-y-container h-column__content h-column__v-align flex-basis-100 align-self-lg-start align-self-md-start align-self-start\">\n                <!---->\n                <div data-colibri-id=\"320-c23\" class=\"h-x-container style-8109 style-local-320-c23 position-relative h-element\">\n                  <!---->\n                  <div class=\"h-x-container-inner style-dynamic-320-c23-group style-8109-spacing style-local-320-c23-spacing\"><span class=\"h-button__outer style-8110-outer style-local-320-c24-outer d-inline-flex h-element\"><a h-use-smooth-scroll=\"true\" href=\"http:\/\/santagostinorimini.it\/new_sito\/visita-orante\/\" target=\"_blank\" data-colibri-id=\"320-c24\" class=\"d-flex w-100 align-items-center h-button justify-content-lg-center justify-content-md-center justify-content-center style-8110 style-local-320-c24 position-relative\" rel=\"noopener\"><!----><!----> <span>VISITA ORANTE<\/span><\/a>\n                    <\/span>\n                  <\/div>\n                <\/div>\n              <\/div>\n            <\/div>\n          <\/div>\n          <div class=\"h-column h-column-container d-flex h-col-lg-6 h-col-md-6 h-col-12 style-7073-outer style-local-320-c20-outer\">\n            <div data-colibri-id=\"320-c20\" class=\"d-flex h-flex-basis h-column__inner h-px-lg-2 h-px-md-2 h-px-2 v-inner-lg-2 v-inner-md-2 v-inner-2 style-7073 style-local-320-c20 position-relative\">\n              <!---->\n              <!---->\n              <div class=\"w-100 h-y-container h-column__content h-column__v-align flex-basis-100 align-self-lg-start align-self-md-start align-self-start\">\n                <!---->\n                <div data-colibri-id=\"320-c25\" class=\"h-x-container style-8111 style-local-320-c25 position-relative h-element\">\n                  <!---->\n                  <div class=\"h-x-container-inner style-dynamic-320-c25-group style-8111-spacing style-local-320-c25-spacing\"><span class=\"h-button__outer style-8112-outer style-local-320-c26-outer d-inline-flex h-element\"><a h-use-smooth-scroll=\"true\" href=\"http:\/\/santagostinorimini.it\/new_sito\/santi-nella-chiesa-di-s-agostino\/\"  data-colibri-id=\"320-c26\" class=\"d-flex w-100 align-items-center h-button justify-content-lg-center justify-content-md-center justify-content-center style-8112 style-local-320-c26 position-relative\"><!----><!----> <span>I SANTI DELLA CHIESA<\/span><\/a>\n                    <\/span>\n                  <\/div>\n                <\/div>\n              <\/div>\n            <\/div>\n          <\/div>\n        <\/div>\n      <\/div>\n    <\/div>\n  <\/div>\n<\/div>","protected":false},"excerpt":{"rendered":"<p>La Chiesa di Sant\u2019Agostino, sita nel centro storico di Rimini, \u00e8 una delle chiese pi\u00f9 grandi della Diocesi di Rimini. \u00c8 l\u2019unica nella provincia di Rimini che conserva, almeno esternamente, un carattere architettonico medievale. L\u2019attuale aspetto \u00e8 dovuto ai restauri e all\u2019isolamento operati negli anni Venti e Trenta del Novecento. La parte meglio conservata e [&hellip;]<\/p>\n","protected":false},"author":1,"featured_media":0,"parent":308,"menu_order":1,"comment_status":"closed","ping_status":"closed","template":"page-templates\/full-width-page.php","meta":{"iawp_total_views":132,"footnotes":""},"class_list":["post-320","page","type-page","status-publish","hentry"],"_links":{"self":[{"href":"https:\/\/santagostinorimini.it\/new_sito\/wp-json\/wp\/v2\/pages\/320","targetHints":{"allow":["GET"]}}],"collection":[{"href":"https:\/\/santagostinorimini.it\/new_sito\/wp-json\/wp\/v2\/pages"}],"about":[{"href":"https:\/\/santagostinorimini.it\/new_sito\/wp-json\/wp\/v2\/types\/page"}],"author":[{"embeddable":true,"href":"https:\/\/santagostinorimini.it\/new_sito\/wp-json\/wp\/v2\/users\/1"}],"replies":[{"embeddable":true,"href":"https:\/\/santagostinorimini.it\/new_sito\/wp-json\/wp\/v2\/comments?post=320"}],"version-history":[{"count":20,"href":"https:\/\/santagostinorimini.it\/new_sito\/wp-json\/wp\/v2\/pages\/320\/revisions"}],"predecessor-version":[{"id":20594,"href":"https:\/\/santagostinorimini.it\/new_sito\/wp-json\/wp\/v2\/pages\/320\/revisions\/20594"}],"up":[{"embeddable":true,"href":"https:\/\/santagostinorimini.it\/new_sito\/wp-json\/wp\/v2\/pages\/308"}],"wp:attachment":[{"href":"https:\/\/santagostinorimini.it\/new_sito\/wp-json\/wp\/v2\/media?parent=320"}],"curies":[{"name":"wp","href":"https:\/\/api.w.org\/{rel}","templated":true}]}}