{"id":324,"date":"2021-01-19T21:11:16","date_gmt":"2021-01-19T20:11:16","guid":{"rendered":"http:\/\/santagostinorimini.it\/new_sito\/?page_id=324"},"modified":"2025-11-09T10:21:18","modified_gmt":"2025-11-09T09:21:18","slug":"san-nicolo","status":"publish","type":"page","link":"https:\/\/santagostinorimini.it\/new_sito\/chiese\/san-nicolo\/","title":{"rendered":"San Nicol\u00f2"},"content":{"rendered":"<div data-colibri-id=\"324-c1\" class=\"style-1277 style-local-324-c1 position-relative\">\n  <!---->\n  <div data-colibri-component=\"section\" data-colibri-id=\"324-c2\" id=\"custom\" class=\"h-section h-section-global-spacing d-flex align-items-lg-center align-items-md-center align-items-center style-1278 style-local-324-c2 position-relative\">\n    <!---->\n    <!---->\n    <div class=\"h-section-grid-container h-section-boxed-container\">\n      <!---->\n      <div data-colibri-id=\"324-c3\" class=\"h-row-container gutters-row-lg-2 gutters-row-md-2 gutters-row-0 gutters-row-v-lg-2 gutters-row-v-md-2 gutters-row-v-2 style-1279 style-local-324-c3 position-relative\">\n        <!---->\n        <div class=\"h-row justify-content-lg-center justify-content-md-center justify-content-center align-items-lg-stretch align-items-md-stretch align-items-stretch gutters-col-lg-2 gutters-col-md-2 gutters-col-0 gutters-col-v-lg-2 gutters-col-v-md-2 gutters-col-v-2\">\n          <!---->\n          <div class=\"h-column h-column-container d-flex h-col-lg-auto h-col-md-auto h-col-auto style-1280-outer style-local-324-c4-outer\">\n            <div data-colibri-id=\"324-c4\" class=\"d-flex h-flex-basis h-column__inner h-px-lg-2 h-px-md-2 h-px-2 v-inner-lg-2 v-inner-md-2 v-inner-2 style-1280 style-local-324-c4 position-relative\">\n              <!---->\n              <!---->\n              <div class=\"w-100 h-y-container h-column__content h-column__v-align flex-basis-100 align-self-lg-start align-self-md-start align-self-start\">\n                <!---->\n                <div data-colibri-id=\"324-c5\" class=\"h-row-container gutters-row-lg-0 gutters-row-md-0 gutters-row-0 gutters-row-v-lg-0 gutters-row-v-md-0 gutters-row-v-0 style-7069 style-local-324-c5 position-relative\">\n                  <!---->\n                  <div class=\"h-row justify-content-lg-center justify-content-md-center justify-content-center align-items-lg-stretch align-items-md-stretch align-items-stretch gutters-col-lg-0 gutters-col-md-0 gutters-col-0 gutters-col-v-lg-0 gutters-col-v-md-0 gutters-col-v-0\">\n                    <!---->\n                    <div class=\"h-column h-column-container d-flex h-col-lg-auto h-col-md-auto h-col-auto style-7070-outer style-local-324-c6-outer\">\n                      <div data-colibri-id=\"324-c6\" class=\"d-flex h-flex-basis h-column__inner h-px-lg-1 h-px-md-1 h-px-1 v-inner-lg-1 v-inner-md-1 v-inner-1 style-7070 style-local-324-c6 position-relative\">\n                        <!---->\n                        <!---->\n                        <div class=\"w-100 h-y-container h-column__content h-column__v-align flex-basis-100 align-self-lg-start align-self-md-start align-self-start\">\n                          <!---->\n                          <div data-colibri-id=\"324-c7\" class=\"h-text h-text-component style-7072 style-local-324-c7 position-relative h-element\">\n                            <!---->\n                            <!---->\n                            <div class=\"\">\n                              <p>Attualmente la chiesa \u00e8 chiusa al culto<\/p>\n                            <\/div>\n                          <\/div>\n                        <\/div>\n                      <\/div>\n                    <\/div>\n                  <\/div>\n                <\/div>\n                <div data-colibri-id=\"324-c8\" class=\"h-text h-text-component style-1282 style-local-324-c8 position-relative h-element\">\n                  <!---->\n                  <!---->\n                  <div class=\"\">\n                    <p>La chiesa di San Nicol\u00f2 al Porto sorge sulla riva destra del porto canale. Vicino alla stazione di Rimini e al grattacielo, \u00e8 il lato della parrocchia pi\u00f9 propenso al mare. Un tempo si trovava sulla sponda sinistra del Marecchia, quando\n                      il fiume scorreva a Levante. Distrutta completamente ad eccezione del campanile, nell&#8217;ultima guerra, la nuova chiesa, consacrata il 10 aprile 1955, \u00e8 stata ricostruita dalle fondamenta nel dopoguerra, sul terreno dell\u2019antico complesso\n                      parrocchiale. Infatti, la sua origine risale al 1338 ed appartenne all&#8217;ordine dei Celestini, fondato da San Pier Celestino (Papa Celestino V).<\/p>\n                  <\/div>\n                <\/div>\n              <\/div>\n            <\/div>\n          <\/div>\n          <div class=\"h-column h-column-container d-flex h-col-lg-auto h-col-md-auto h-col-auto style-1281-outer style-local-324-c9-outer\">\n            <div data-colibri-id=\"324-c9\" class=\"d-flex h-flex-basis h-column__inner h-px-lg-2 h-px-md-2 h-px-2 v-inner-lg-2 v-inner-md-2 v-inner-2 style-1281 style-local-324-c9 position-relative\">\n              <!---->\n              <!---->\n              <div class=\"w-100 h-y-container h-column__content h-column__v-align flex-basis-100 align-self-lg-start align-self-md-start align-self-start\">\n                <!---->\n                <div data-colibri-id=\"324-c10\" class=\"d-block style-1283 style-local-324-c10 position-relative h-element\">\n                  <!---->\n                  <div class=\"h-image__frame-container-outer\">\n                    <div class=\"h-image__frame-container\">\n                      <!---->\n                      <!---->\n                      <img loading=\"lazy\" decoding=\"async\" width=\"800\" height=\"600\" src=\"https:\/\/santagostinorimini.it\/new_sito\/wp-content\/uploads\/2024\/04\/Chiesa-San-Nicolo-Rimini.jpg\" class=\"wp-image-14722 style-1283-image style-local-324-c10-image\" alt=\"\" srcset=\"https:\/\/santagostinorimini.it\/new_sito\/wp-content\/uploads\/2024\/04\/Chiesa-San-Nicolo-Rimini.jpg 800w, https:\/\/santagostinorimini.it\/new_sito\/wp-content\/uploads\/2024\/04\/Chiesa-San-Nicolo-Rimini-300x225.jpg 300w, https:\/\/santagostinorimini.it\/new_sito\/wp-content\/uploads\/2024\/04\/Chiesa-San-Nicolo-Rimini-768x576.jpg 768w\" sizes=\"auto, (max-width: 800px) 100vw, 800px\" \/>\n                      <div class=\"h-image__frame h-hide-lg h-hide-md h-hide-sm style-1283-frameImage style-local-324-c10-frameImage\"><\/div>\n                    <\/div>\n                  <\/div>\n                <\/div>\n              <\/div>\n            <\/div>\n          <\/div>\n        <\/div>\n      <\/div>\n      <div data-colibri-id=\"324-c11\" class=\"h-row-container gutters-row-lg-2 gutters-row-md-2 gutters-row-0 gutters-row-v-lg-2 gutters-row-v-md-2 gutters-row-v-2 style-1284 style-local-324-c11 position-relative\">\n        <!---->\n        <div class=\"h-row justify-content-lg-center justify-content-md-center justify-content-center align-items-lg-stretch align-items-md-stretch align-items-stretch gutters-col-lg-2 gutters-col-md-2 gutters-col-0 gutters-col-v-lg-2 gutters-col-v-md-2 gutters-col-v-2\">\n          <!---->\n          <div class=\"h-column h-column-container d-flex h-col-lg-auto h-col-md-auto h-col-auto style-1285-outer style-local-324-c12-outer\">\n            <div data-colibri-id=\"324-c12\" class=\"d-flex h-flex-basis h-column__inner h-px-lg-2 h-px-md-2 h-px-2 v-inner-lg-2 v-inner-md-2 v-inner-2 style-1285 style-local-324-c12 position-relative\">\n              <!---->\n              <!---->\n              <div class=\"w-100 h-y-container h-column__content h-column__v-align flex-basis-100 align-self-lg-start align-self-md-start align-self-start\">\n                <!---->\n                <div data-colibri-id=\"324-c13\" class=\"h-text h-text-component style-1286 style-local-324-c13 position-relative h-element\">\n                  <!---->\n                  <!---->\n                  <div class=\"\">\n                    <p>Dopo la soppressione napoleonica e la partenza dei monaci il 6 luglio 1797, fu istituita la Parrocchia di S. Nicol\u00f2 al Porto, il 29 Agosto 1797, con giurisdizione su tutto il territorio a mare: sinistra e destra del porto fino all&#8217;Ausa.\n                      Nel territorio parrocchiale, intorno al 1843, sorse lo Stabilimento Bagni ed ebbe inizio, per l\u2019operosit\u00e0 della Gente del Borgo Marina, la grande avventura del Turismo su cui oggi si basa l\u2019economia della citt\u00e0.<\/p>\n                    <p>Era stata rinnovata e restaurata nel 1862, nel 1916 e nel 1925. Nel 1925 furono scoperti nella volta della Cappella maggiore affreschi del secolo XIV, ora conservati, in parte, nella canonica.&nbsp;<\/p>\n                    <p>Nell\u2019abside abbiamo \u201cSan Nicol\u00f2 patrono dei marinai\u201d, copia del secentista riminese Lorenzo Gennari, allievo del Guercino.&nbsp;<\/p>\n                    <p>Sull&#8217;altare di destra troviamo &#8220;Crocifisso&#8221; sul tavolo che Luigi Tonini il Brandi e lo Zeri giudicano del &#8216;400 sull&#8217;altare di sinistra &#8220;Sant&#8217;Antonio che predica ai pesci&#8221; di Angelo Sarzi 1559 della scuola del Gignano. Nella chiesa\n                      \u00e8 conservata la reliquia di San Nicola di Bari.<\/p>\n                    <p><strong>Cappella di destra:<\/strong>\n                      <br>Tre dipinti: al centro, &#8220;Sant\u2019Antonio da Padova predica ai pesci&#8221;, olio su tela, ambito riminese, sec. XVII-XVIII. Sulla parete di destra si trova il &#8220;Martirio di S. Amato e Compagni&#8221;, olio su tela 1715. Sulla sinistra abbiamo &#8220;San\n                      Nicol\u00f2, patrono dei marinai&#8221;, del Masotti. olio su tela, sec. XVIII.<\/p>\n                    <p><strong>Cappella di sinistra:<\/strong>\n                      <br>Si possono notare tre statue: al centro dell\u2019altare quella del Sacro Cuore, fine 1800. Alla base, a sinistra, statua di San Giuseppe, fine 1800. Alla base, a destra, statua di Sant\u2019Antonio da Padova, in legno, sec. XVII-XVIII. Sulle\n                      pareti invece spiccano due dipinti: a destra &#8220;L\u2019Assunta&#8221;, sec. XVIII, a sinistra &#8220;La Madonna della cintola&#8221;, prima met\u00e0 del secolo XVIII, ambito romagnolo.<\/p>\n                    <p>In Sagrestia: &#8220;Ges\u00f9 crocifisso&#8221;, olio su tela del XVII, ambito riminese.<\/p>\n                    <p>Nella canonica, sul portone d\u2019ingresso, \u00e8 ben visibile l\u2019emblema in ferro dei Padri Celestini.<\/p>\n                    <p>All\u2019interno vi \u00e8 l\u2019antica Cappella Maggiore della chiesa dei Padri Celestini, oggi denominata Sala Celestina. Nella volta a crociera sono ancora ben visibili quattro affreschi trecenteschi di scuola riminese raffiguranti la creazione\n                      dell\u2019Universo, la creazione di Adamo ed Eva, la cacciata dal Paradiso ed il lavoro della terra.<\/p>\n                    <p>Il 9 maggio 2007 si \u00e8 svolta l\u2019inaugurazione della cappella dedicata alla venerazione della Reliquia di San Nicola.<\/p>\n                    <p>Da otto secoli, infatti, una prestigiosa Reliquia di San Nicola, consistente nell\u2019omero sinistro, \u00e8 custodita in questa chiesa. I bombardamenti della Seconda guerra mondiale, che distrussero la chiesa, lasciarono per\u00f2 intatta la cappella,\n                      detta &#8220;cappella celestina&#8221;, che gi\u00e0 allora custodiva la Reliquia. Questa veniva esposta alla venerazione dei fedeli in chiesa il 6 Dicembre, festa di S. Nicola, e in alcune altre occasioni. Con l&#8217;inaugurazione della nuova cappella\n                      oggi la reliquia \u00e8 accessibile ogni giorno.<\/p>\n                    <p>San Nicola di Myra \u00e8 tra i santi pi\u00f9 amati e venerati dalle Chiese ortodosse, sia greche, sia russe, sia slave, come pure dalla Chiesa Cattolica latina e dalle Chiese orientali cattoliche, per questo \u00e8 considerato un concreto \u201csimbolo\n                      ecumenico\u201d di unit\u00e0 e comunione tra Chiese sorelle.<\/p>\n                    <p>\n                      <br>\n                    <\/p>\n                  <\/div>\n                <\/div>\n              <\/div>\n            <\/div>\n          <\/div>\n        <\/div>\n      <\/div>\n    <\/div>\n  <\/div>\n<\/div>","protected":false},"excerpt":{"rendered":"<p>Attualmente la chiesa \u00e8 chiusa al culto La chiesa di San Nicol\u00f2 al Porto sorge sulla riva destra del porto canale. Vicino alla stazione di Rimini e al grattacielo, \u00e8 il lato della parrocchia pi\u00f9 propenso al mare. Un tempo si trovava sulla sponda sinistra del Marecchia, quando il fiume scorreva a Levante. Distrutta completamente [&hellip;]<\/p>\n","protected":false},"author":1,"featured_media":0,"parent":308,"menu_order":3,"comment_status":"closed","ping_status":"closed","template":"page-templates\/full-width-page.php","meta":{"iawp_total_views":49,"footnotes":""},"class_list":["post-324","page","type-page","status-publish","hentry"],"_links":{"self":[{"href":"https:\/\/santagostinorimini.it\/new_sito\/wp-json\/wp\/v2\/pages\/324","targetHints":{"allow":["GET"]}}],"collection":[{"href":"https:\/\/santagostinorimini.it\/new_sito\/wp-json\/wp\/v2\/pages"}],"about":[{"href":"https:\/\/santagostinorimini.it\/new_sito\/wp-json\/wp\/v2\/types\/page"}],"author":[{"embeddable":true,"href":"https:\/\/santagostinorimini.it\/new_sito\/wp-json\/wp\/v2\/users\/1"}],"replies":[{"embeddable":true,"href":"https:\/\/santagostinorimini.it\/new_sito\/wp-json\/wp\/v2\/comments?post=324"}],"version-history":[{"count":9,"href":"https:\/\/santagostinorimini.it\/new_sito\/wp-json\/wp\/v2\/pages\/324\/revisions"}],"predecessor-version":[{"id":32702,"href":"https:\/\/santagostinorimini.it\/new_sito\/wp-json\/wp\/v2\/pages\/324\/revisions\/32702"}],"up":[{"embeddable":true,"href":"https:\/\/santagostinorimini.it\/new_sito\/wp-json\/wp\/v2\/pages\/308"}],"wp:attachment":[{"href":"https:\/\/santagostinorimini.it\/new_sito\/wp-json\/wp\/v2\/media?parent=324"}],"curies":[{"name":"wp","href":"https:\/\/api.w.org\/{rel}","templated":true}]}}