{"id":3761,"date":"2021-07-26T10:17:03","date_gmt":"2021-07-26T08:17:03","guid":{"rendered":"http:\/\/santagostinorimini.it\/new_sito\/?page_id=3761"},"modified":"2025-11-06T18:56:14","modified_gmt":"2025-11-06T17:56:14","slug":"casa-s-maria-di-nazareth","status":"publish","type":"page","link":"https:\/\/santagostinorimini.it\/new_sito\/ambienti\/casa-s-maria-di-nazareth\/","title":{"rendered":"Casa Maria di Nazareth"},"content":{"rendered":"<div data-colibri-id=\"3761-c1\" class=\"style-1949 style-local-3761-c1 position-relative\">\n  <!---->\n  <div data-colibri-component=\"section\" data-colibri-id=\"3761-c2\" id=\"about\" class=\"h-section h-section-global-spacing d-flex align-items-lg-center align-items-md-center align-items-center style-1950 style-local-3761-c2 position-relative\">\n    <!---->\n    <!---->\n    <div class=\"h-section-grid-container h-section-boxed-container\">\n      <!---->\n      <div data-colibri-id=\"3761-c3\" class=\"h-row-container gutters-row-lg-2 gutters-row-md-2 gutters-row-2 gutters-row-v-lg-2 gutters-row-v-md-2 gutters-row-v-2 style-1951 style-local-3761-c3 position-relative\">\n        <!---->\n        <div class=\"h-row justify-content-lg-center justify-content-md-center justify-content-center align-items-lg-stretch align-items-md-stretch align-items-stretch gutters-col-lg-2 gutters-col-md-2 gutters-col-2 gutters-col-v-lg-2 gutters-col-v-md-2 gutters-col-v-2\">\n          <!---->\n          <div class=\"h-column h-column-container d-flex h-col-lg-auto h-col-md-auto h-col-auto style-1952-outer style-local-3761-c4-outer\">\n            <div data-colibri-id=\"3761-c4\" class=\"d-flex h-flex-basis h-column__inner h-px-lg-2 h-px-md-2 h-px-2 v-inner-lg-2 v-inner-md-2 v-inner-2 style-1952 style-local-3761-c4 position-relative\">\n              <!---->\n              <!---->\n              <div class=\"w-100 h-y-container h-column__content h-column__v-align flex-basis-100 align-self-lg-center align-self-md-center align-self-center\">\n                <!---->\n                <div data-colibri-id=\"3761-c5\" class=\"h-global-transition-all h-heading style-1954 style-local-3761-c5 position-relative h-element\">\n                  <!---->\n                  <div class=\"h-heading__outer style-1954 style-local-3761-c5\">\n                    <!---->\n                    <!---->\n                    <h2 class=\"\">Casa Maria di Nazareth detta <em style=\"font-family: &quot;Playfair Display&quot;; color: rgb(247, 144, 7);\">&#8220;Casa di Montecieco&#8221;<\/em><\/h2>\n                  <\/div>\n                <\/div>\n                <div data-colibri-id=\"3761-c39\" class=\"h-text h-text-component style-7085 style-local-3761-c39 position-relative h-element\">\n                  <!---->\n                  <!---->\n                  <div class=\"\">\n                    <p>ATTUALMENTE\n                      <br>la Casa \u00e8 affidata ad una Cooperativa\n                      <br>ed \u00e8 impegnata per l&#8217;accoglienza ai migranti.&nbsp;<\/p>\n                  <\/div>\n                <\/div>\n                <div data-colibri-id=\"3761-c40\" class=\"h-text h-text-component style-7088 style-local-3761-c40 position-relative h-element\">\n                  <!---->\n                  <!---->\n                  <div class=\"\">\n                    <p>NON E&#8217; POSSIBILE ACCOGLIERE ALTRE RICHIESTE <\/p>\n                  <\/div>\n                <\/div>\n              <\/div>\n            <\/div>\n          <\/div>\n          <div class=\"h-column h-column-container d-flex h-col-lg-auto h-col-md-auto h-col-auto style-1958-outer style-local-3761-c7-outer\">\n            <div data-colibri-id=\"3761-c7\" class=\"d-flex h-flex-basis h-column__inner h-px-lg-2 h-px-md-2 h-px-2 v-inner-lg-2 v-inner-md-2 v-inner-2 style-1958 style-local-3761-c7 position-relative\">\n              <!---->\n              <!---->\n              <div class=\"w-100 h-y-container h-column__content h-column__v-align flex-basis-100 align-self-lg-center align-self-md-center align-self-center\">\n                <!---->\n                <div data-colibri-id=\"3761-c8\" class=\"d-block style-1959 style-local-3761-c8 position-relative h-element\">\n                  <!---->\n                  <div class=\"h-image__frame-container-outer\">\n                    <div class=\"h-image__frame-container\">\n                      <!---->\n                      <!---->\n                      <img loading=\"lazy\" decoding=\"async\" width=\"2560\" height=\"1702\" src=\"https:\/\/santagostinorimini.it\/new_sito\/wp-content\/uploads\/2021\/01\/casa-nazareth-scaled.jpg\" class=\"wp-image-379 style-1959-image style-local-3761-c8-image\" alt=\"\" srcset=\"https:\/\/santagostinorimini.it\/new_sito\/wp-content\/uploads\/2021\/01\/casa-nazareth-scaled.jpg 2560w, https:\/\/santagostinorimini.it\/new_sito\/wp-content\/uploads\/2021\/01\/casa-nazareth-scaled-300x199.jpg 300w, https:\/\/santagostinorimini.it\/new_sito\/wp-content\/uploads\/2021\/01\/casa-nazareth-scaled-1024x681.jpg 1024w, https:\/\/santagostinorimini.it\/new_sito\/wp-content\/uploads\/2021\/01\/casa-nazareth-scaled-768x511.jpg 768w, https:\/\/santagostinorimini.it\/new_sito\/wp-content\/uploads\/2021\/01\/casa-nazareth-scaled-391x260.jpg 391w, https:\/\/santagostinorimini.it\/new_sito\/wp-content\/uploads\/2021\/01\/casa-nazareth-scaled-1536x1021.jpg 1536w, https:\/\/santagostinorimini.it\/new_sito\/wp-content\/uploads\/2021\/01\/casa-nazareth-scaled-2048x1362.jpg 2048w\" sizes=\"auto, (max-width: 2560px) 100vw, 2560px\" \/>\n                      <div class=\"h-image__frame h-hide-sm style-1959-frameImage style-local-3761-c8-frameImage\"><\/div>\n                    <\/div>\n                  <\/div>\n                <\/div>\n              <\/div>\n            <\/div>\n          <\/div>\n        <\/div>\n      <\/div>\n    <\/div>\n  <\/div>\n  <div data-colibri-component=\"section\" data-colibri-id=\"3761-c9\" id=\"custom\" class=\"h-section h-section-global-spacing d-flex align-items-lg-center align-items-md-center align-items-center style-1960 style-local-3761-c9 position-relative\">\n    <!---->\n    <!---->\n    <div class=\"h-section-grid-container h-section-boxed-container\">\n      <!---->\n      <div data-colibri-id=\"3761-c37\" class=\"h-row-container gutters-row-lg-2 gutters-row-md-2 gutters-row-0 gutters-row-v-lg-2 gutters-row-v-md-2 gutters-row-v-2 style-7082 style-local-3761-c37 position-relative\">\n        <!---->\n        <div class=\"h-row justify-content-lg-center justify-content-md-center justify-content-center align-items-lg-stretch align-items-md-stretch align-items-stretch gutters-col-lg-2 gutters-col-md-2 gutters-col-0 gutters-col-v-lg-2 gutters-col-v-md-2 gutters-col-v-2\">\n          <!---->\n          <div class=\"h-column h-column-container d-flex h-col-lg-auto h-col-md-auto h-col-auto style-7083-outer style-local-3761-c38-outer\">\n            <div data-colibri-id=\"3761-c38\" class=\"d-flex h-flex-basis h-column__inner h-px-lg-2 h-px-md-2 h-px-2 v-inner-lg-2 v-inner-md-2 v-inner-2 style-7083 style-local-3761-c38 position-relative\">\n              <!---->\n              <!---->\n              <div class=\"w-100 h-y-container h-column__content h-column__v-align flex-basis-100 align-self-lg-start align-self-md-start align-self-start\">\n                <!---->\n                <div data-colibri-id=\"3761-c43\" class=\"h-global-transition-all h-heading style-11756 style-local-3761-c43 position-relative h-element\">\n                  <!---->\n                  <div class=\"h-heading__outer style-11756 style-local-3761-c43\">\n                    <!---->\n                    <!---->\n                    <h2 class=\"\">DESCRIZIONE DELLA CASA<\/h2>\n                  <\/div>\n                <\/div>\n              <\/div>\n            <\/div>\n          <\/div>\n        <\/div>\n      <\/div>\n      <div data-colibri-id=\"3761-c10\" class=\"h-row-container gutters-row-lg-2 gutters-row-md-2 gutters-row-0 gutters-row-v-lg-2 gutters-row-v-md-2 gutters-row-v-2 style-1961 style-local-3761-c10 position-relative\">\n        <!---->\n        <div class=\"h-row justify-content-lg-center justify-content-md-center justify-content-center align-items-lg-stretch align-items-md-stretch align-items-stretch gutters-col-lg-2 gutters-col-md-2 gutters-col-0 gutters-col-v-lg-2 gutters-col-v-md-2 gutters-col-v-2\">\n          <!---->\n          <div class=\"h-column h-column-container d-flex h-col-lg-auto h-col-md-auto h-col-auto style-1962-outer style-local-3761-c11-outer\">\n            <div data-colibri-id=\"3761-c11\" class=\"d-flex h-flex-basis h-column__inner h-px-lg-2 h-px-md-2 h-px-2 v-inner-lg-2 v-inner-md-2 v-inner-2 style-1962 style-local-3761-c11 position-relative\">\n              <!---->\n              <!---->\n              <div class=\"w-100 h-y-container h-column__content h-column__v-align flex-basis-100 align-self-lg-center align-self-md-center align-self-center\">\n                <!---->\n                <div data-colibri-id=\"3761-c16\" class=\"h-global-transition-all h-heading style-1966 style-local-3761-c16 position-relative h-element\">\n                  <!---->\n                  <div class=\"h-heading__outer style-1966 style-local-3761-c16\">\n                    <!---->\n                    <!---->\n                    <h6 class=\"\">\u00c8 la casa adatta ad ogni gruppo che vuole un ritiro o una vacanza confortevole<\/h6>\n                  <\/div>\n                <\/div>\n                <div data-colibri-id=\"3761-c47\" class=\"h-text h-text-component style-11761 style-local-3761-c47 position-relative h-element\">\n                  <!---->\n                  <!---->\n                  <div class=\"\">\n                    <p>La &#8220;Casa S.Maria di Nazareth&#8221; \u00e8 di propriet\u00e0 della Parrocchia di S.Agostino (centro Storico di Rimini). \u00c8 stata messa a norma e interamente rinnovata nell&#8217;inverno 2009-2010.<\/p>\n                    <p>Priva di barriere architettonica \u00e8 munita di impianto di riscaldamento ed \u00e8 servita dal trasporto pubblico urbano (linea 16).<\/p>\n                  <\/div>\n                <\/div>\n                <div data-colibri-id=\"3761-c22\" class=\"style-1995 style-local-3761-c22 position-relative h-element\">\n                  <!---->\n                <\/div>\n              <\/div>\n            <\/div>\n          <\/div>\n          <div class=\"h-column h-column-container d-flex h-col-lg-auto h-col-md-auto h-col-auto style-11765-outer style-local-3761-c51-outer\">\n            <div data-colibri-id=\"3761-c51\" class=\"d-flex h-flex-basis h-column__inner h-px-lg-2 h-px-md-2 h-px-2 v-inner-lg-2 v-inner-md-2 v-inner-2 style-11765 style-local-3761-c51 position-relative\">\n              <!---->\n              <!---->\n              <div class=\"w-100 h-y-container h-column__content h-column__v-align flex-basis-100 align-self-lg-start align-self-md-start align-self-start\">\n                <!---->\n                <div data-colibri-id=\"3761-c17\" class=\"h-text h-text-component style-1967 style-local-3761-c17 position-relative h-element\">\n                  <!---->\n                  <!---->\n                  <div class=\"\">\n                    <p>Non manca niente: una cucina attrezzata con un&#8217;ampia sala da pranzo, una parte esterna dove \u00e8 possibile giocare in piena tranquillit\u00e0 con reti da calcetto e da pallavolo, una cappella o una sala polivalente, un parcheggio auto ed un\n                      magnifico panorama con vista a 360\u00b0 dal mare a San Marino<\/p>\n                  <\/div>\n                <\/div>\n                <div data-colibri-id=\"3761-c23\" class=\"h-x-container style-1993 style-local-3761-c23 position-relative h-element\">\n                  <!---->\n                  <div class=\"h-x-container-inner style-dynamic-3761-c23-group style-1993-spacing style-local-3761-c23-spacing\"><span class=\"h-button__outer style-1994-outer style-local-3761-c24-outer d-inline-flex h-element\"><a h-use-smooth-scroll=\"true\" href=\"https:\/\/santagostinorimini.it\/new_sito\/wp-content\/uploads\/2024\/05\/Montecieco-depliant.pdf\"  data-colibri-id=\"3761-c24\" class=\"d-flex w-100 align-items-center h-button justify-content-lg-center justify-content-md-center justify-content-center style-1994 style-local-3761-c24 position-relative\"><!----><!----> <span>Scarica Brochure<\/span><\/a>\n                    <\/span>\n                  <\/div>\n                <\/div>\n                <div data-colibri-id=\"3761-c49\" class=\"h-text h-text-component style-11763 style-local-3761-c49 position-relative h-element\">\n                  <!---->\n                  <!---->\n                  <div class=\"\">\n                    <p><strong style=\"color: rgb(228, 46, 23); font-weight: 700; font-size: 20px; font-family: Lato;\">al momento<br>NON E&#8217; POSSIBILE ACCOGLIERE RICHIESTE<\/strong><\/p>\n                  <\/div>\n                <\/div>\n              <\/div>\n            <\/div>\n          <\/div>\n        <\/div>\n      <\/div>\n    <\/div>\n  <\/div>\n  <div data-colibri-component=\"section\" data-colibri-id=\"3761-c27\" id=\"about-3\" class=\"h-section h-section-global-spacing d-flex align-items-lg-center align-items-md-center align-items-center style-1982 style-local-3761-c27 position-relative\">\n    <!---->\n    <!---->\n    <div class=\"h-section-grid-container h-section-boxed-container\">\n      <!---->\n      <div data-colibri-id=\"3761-c28\" class=\"h-row-container gutters-row-lg-0 gutters-row-md-0 gutters-row-0 gutters-row-v-lg-0 gutters-row-v-md-0 gutters-row-v-0 style-1983 style-local-3761-c28 position-relative\">\n        <!---->\n        <div class=\"h-row justify-content-lg-center justify-content-md-center justify-content-center align-items-lg-stretch align-items-md-stretch align-items-stretch gutters-col-lg-0 gutters-col-md-0 gutters-col-0 gutters-col-v-lg-0 gutters-col-v-md-0 gutters-col-v-0\">\n          <!---->\n          <div class=\"h-column h-column-container d-flex h-col-lg-auto h-col-md-auto h-col-auto style-1984-outer style-local-3761-c29-outer\">\n            <div data-colibri-id=\"3761-c29\" class=\"d-flex h-flex-basis h-column__inner h-px-lg-0 h-px-md-0 h-px-0 v-inner-lg-0 v-inner-md-0 v-inner-0 style-1984 style-local-3761-c29 position-relative\">\n              <!---->\n              <!---->\n              <div class=\"w-100 h-y-container h-column__content h-column__v-align flex-basis-100 align-self-lg-start align-self-md-start align-self-start\">\n                <!---->\n                <div data-colibri-id=\"3761-c30\" class=\"h-global-transition-all h-heading style-1985 style-local-3761-c30 position-relative h-element\">\n                  <!---->\n                  <div class=\"h-heading__outer style-1985 style-local-3761-c30\">\n                    <!---->\n                    <!---->\n                    <h5 class=\"\">COME ARRIVARE<\/h5>\n                  <\/div>\n                <\/div>\n                <div data-colibri-id=\"3761-c31\" class=\"h-global-transition-all h-heading style-1986 style-local-3761-c31 position-relative h-element\">\n                  <!---->\n                  <div class=\"h-heading__outer style-1986 style-local-3761-c31\">\n                    <!---->\n                    <!---->\n                    <h5 class=\"\">IN AUTO<\/h5>\n                  <\/div>\n                <\/div>\n                <div data-colibri-id=\"3761-c32\" class=\"h-text h-text-component style-1987 style-local-3761-c32 position-relative h-element\">\n                  <!---->\n                  <!---->\n                  <div class=\"\">\n                    <p><span style=\"font-size: 20px; font-family: Lato; color: rgb(58, 97, 107);\">Dall&#8217;Autostrada A14 uscita Rimini SUD, seguire le indicazioni per San Marino (ss72), Arrivati al Km 9,800 (le indicazioni chilometriche sono nello spartitraffico centrale) ascoltare a destra; percorrere per circa 100 metri una piccola strada e all&#8217;incrocio svoltare nuovamente a destra per via Monte Cieco.Dopo circa 1.5 Km avrete la casa alla vostra sinistra.<\/span><\/p>\n                  <\/div>\n                <\/div>\n                <div data-colibri-id=\"3761-c33\" class=\"h-global-transition-all h-heading style-1991 style-local-3761-c33 position-relative h-element\">\n                  <!---->\n                  <div class=\"h-heading__outer style-1991 style-local-3761-c33\">\n                    <!---->\n                    <!---->\n                    <h5 class=\"\">CON MEZZI PUBBLLICI<\/h5>\n                  <\/div>\n                <\/div>\n                <div data-colibri-id=\"3761-c34\" class=\"h-text h-text-component style-1992 style-local-3761-c34 position-relative h-element\">\n                  <!---->\n                  <!---->\n                  <div class=\"\">\n                    <p><span style=\"font-size: 20px; font-family: Lato; color: rgb(58, 97, 107);\">Dalla stazione ferroviaria di Rimini, con autobus di linea 16 Rimini stazione FF.SS. &#8211; S.Cristina con corse ogni 40 minuti circa dalle 6.20 alle 19.40.La fermata \u00e8 adiacente alla casa<\/span><\/p>\n                  <\/div>\n                <\/div>\n              <\/div>\n            <\/div>\n          <\/div>\n          <div class=\"h-column h-column-container d-flex h-col-lg-auto h-col-md-auto h-col-auto style-1988-outer style-local-3761-c35-outer\">\n            <div data-colibri-id=\"3761-c35\" class=\"d-flex h-flex-basis h-column__inner h-px-lg-2 h-px-md-2 h-px-2 v-inner-lg-2 v-inner-md-2 v-inner-2 style-1988 style-local-3761-c35 position-relative\">\n              <!---->\n              <!---->\n              <div class=\"w-100 h-y-container h-column__content h-column__v-align flex-basis-100 align-self-lg-center align-self-md-center align-self-center\">\n                <!---->\n                <div data-colibri-id=\"3761-c36\" class=\"style-1990 style-local-3761-c36 position-relative h-element\">\n                  <!---->\n                  <div class=\"h-global-transition-all h-global-transition h-global-transition-all h-contact-form-shortcode\"><iframe src=\"https:\/\/www.google.com\/maps\/embed?pb=!1m18!1m12!1m3!1d10121.162657938974!2d12.487877711126478!3d43.997821029975654!2m3!1f0!2f0!3f0!3m2!1i1024!2i768!4f13.1!3m3!1m2!1s0x132cea5c87b65de3%3A0xa9bff0ac7d064e08!2sCasa%20Maria%20di%20Nazareth!5e0!3m2!1sit!2sit!4v1733158723506!5m2!1sit!2sit\" width=\"600\" height=\"450\" style=\"border:0;\" allowfullscreen=\"\" loading=\"lazy\" referrerpolicy=\"no-referrer-when-downgrade\"><\/iframe><\/div>\n                <\/div>\n              <\/div>\n            <\/div>\n          <\/div>\n        <\/div>\n      <\/div>\n    <\/div>\n  <\/div>\n<\/div>","protected":false},"excerpt":{"rendered":"<p>Casa Maria di Nazareth detta &#8220;Casa di Montecieco&#8221; ATTUALMENTE la Casa \u00e8 affidata ad una Cooperativa ed \u00e8 impegnata per l&#8217;accoglienza ai migranti.&nbsp; NON E&#8217; POSSIBILE ACCOGLIERE ALTRE RICHIESTE DESCRIZIONE DELLA CASA \u00c8 la casa adatta ad ogni gruppo che vuole un ritiro o una vacanza confortevole La &#8220;Casa S.Maria di Nazareth&#8221; \u00e8 di propriet\u00e0 [&hellip;]<\/p>\n","protected":false},"author":1,"featured_media":0,"parent":211,"menu_order":0,"comment_status":"closed","ping_status":"closed","template":"page-templates\/full-width-page.php","meta":{"iawp_total_views":122,"footnotes":""},"class_list":["post-3761","page","type-page","status-publish","hentry"],"_links":{"self":[{"href":"https:\/\/santagostinorimini.it\/new_sito\/wp-json\/wp\/v2\/pages\/3761","targetHints":{"allow":["GET"]}}],"collection":[{"href":"https:\/\/santagostinorimini.it\/new_sito\/wp-json\/wp\/v2\/pages"}],"about":[{"href":"https:\/\/santagostinorimini.it\/new_sito\/wp-json\/wp\/v2\/types\/page"}],"author":[{"embeddable":true,"href":"https:\/\/santagostinorimini.it\/new_sito\/wp-json\/wp\/v2\/users\/1"}],"replies":[{"embeddable":true,"href":"https:\/\/santagostinorimini.it\/new_sito\/wp-json\/wp\/v2\/comments?post=3761"}],"version-history":[{"count":20,"href":"https:\/\/santagostinorimini.it\/new_sito\/wp-json\/wp\/v2\/pages\/3761\/revisions"}],"predecessor-version":[{"id":31912,"href":"https:\/\/santagostinorimini.it\/new_sito\/wp-json\/wp\/v2\/pages\/3761\/revisions\/31912"}],"up":[{"embeddable":true,"href":"https:\/\/santagostinorimini.it\/new_sito\/wp-json\/wp\/v2\/pages\/211"}],"wp:attachment":[{"href":"https:\/\/santagostinorimini.it\/new_sito\/wp-json\/wp\/v2\/media?parent=3761"}],"curies":[{"name":"wp","href":"https:\/\/api.w.org\/{rel}","templated":true}]}}