{"id":4140,"date":"2021-11-11T13:31:40","date_gmt":"2021-11-11T12:31:40","guid":{"rendered":"http:\/\/santagostinorimini.it\/new_sito\/?page_id=4140"},"modified":"2024-04-18T17:18:13","modified_gmt":"2024-04-18T15:18:13","slug":"i-cenacoli-e-i-centri-di-ascolto-del-vangelo","status":"publish","type":"page","link":"https:\/\/santagostinorimini.it\/new_sito\/attivita\/i-cenacoli-e-i-centri-di-ascolto-del-vangelo\/","title":{"rendered":"Cenacoli del Vangelo"},"content":{"rendered":"<div data-colibri-id=\"4140-c1\" class=\"style-2047 style-local-4140-c1 position-relative\">\n  <!---->\n  <div data-colibri-component=\"section\" data-colibri-id=\"4140-c2\" id=\"custom\" class=\"h-section h-section-global-spacing d-flex align-items-lg-center align-items-md-center align-items-center style-2048 style-local-4140-c2 position-relative\">\n    <!---->\n    <!---->\n    <div class=\"h-section-grid-container h-section-boxed-container\">\n      <!---->\n      <div data-colibri-id=\"4140-c3\" class=\"h-row-container gutters-row-lg-0 gutters-row-md-0 gutters-row-0 gutters-row-v-lg-0 gutters-row-v-md-0 gutters-row-v-0 style-2052 style-local-4140-c3 position-relative\">\n        <!---->\n        <div class=\"h-row justify-content-lg-center justify-content-md-center justify-content-center align-items-lg-stretch align-items-md-stretch align-items-stretch gutters-col-lg-0 gutters-col-md-0 gutters-col-0 gutters-col-v-lg-0 gutters-col-v-md-0 gutters-col-v-0\">\n          <!---->\n          <div class=\"h-column h-column-container d-flex h-col-lg-auto h-col-md-auto h-col-auto style-2053-outer style-local-4140-c4-outer\">\n            <div data-colibri-id=\"4140-c4\" class=\"d-flex h-flex-basis h-column__inner h-px-lg-1 h-px-md-1 h-px-1 v-inner-lg-1 v-inner-md-1 v-inner-1 style-2053 style-local-4140-c4 position-relative\">\n              <!---->\n              <!---->\n              <div class=\"w-100 h-y-container h-column__content h-column__v-align flex-basis-100 align-self-lg-center align-self-md-center align-self-center\">\n                <!---->\n                <div data-colibri-id=\"4140-c5\" class=\"h-global-transition-all h-heading style-2054 style-local-4140-c5 position-relative h-element\">\n                  <!---->\n                  <div class=\"h-heading__outer style-2054 style-local-4140-c5\">\n                    <!---->\n                    <!---->\n                    <h2 class=\"\">i Cenacoli del Vangelo<\/h2>\n                  <\/div>\n                <\/div>\n              <\/div>\n            <\/div>\n          <\/div>\n        <\/div>\n      <\/div>\n      <div data-colibri-id=\"4140-c6\" class=\"h-row-container gutters-row-lg-0 gutters-row-md-0 gutters-row-0 gutters-row-v-lg-0 gutters-row-v-md-0 gutters-row-v-0 style-2049 style-local-4140-c6 position-relative\">\n        <!---->\n        <div class=\"h-row justify-content-lg-center justify-content-md-center justify-content-center align-items-lg-stretch align-items-md-stretch align-items-stretch gutters-col-lg-0 gutters-col-md-0 gutters-col-0 gutters-col-v-lg-0 gutters-col-v-md-0 gutters-col-v-0\">\n          <!---->\n          <div class=\"h-column h-column-container d-flex h-col-lg-auto h-col-md-auto h-col-auto style-2050-outer style-local-4140-c7-outer\">\n            <div data-colibri-id=\"4140-c7\" class=\"d-flex h-flex-basis h-column__inner h-px-lg-2 h-px-md-2 h-px-2 v-inner-lg-2 v-inner-md-2 v-inner-2 style-2050 style-local-4140-c7 position-relative\">\n              <!---->\n              <!---->\n              <div class=\"w-100 h-y-container h-column__content h-column__v-align flex-basis-100 align-self-lg-start align-self-md-start align-self-start\">\n                <!---->\n                <div data-colibri-id=\"4140-c8\" class=\"h-text h-text-component style-2051 style-local-4140-c8 position-relative h-element\">\n                  <!---->\n                  <!---->\n                  <div class=\"\">\n                    <p>L&#8217;esperienza dei &#8220;Cenacoli del Vangelo&#8221; \u00e8 nata nella nostra diocesi di Rimini a partire dal gennaio 2015, dopo un periodo di preparazione <span style=\"font-weight: 400; font-size: 20px; font-family: Lato; color: rgb(153, 153, 153);\">di diversi mesi,&nbsp;<\/span>in\n                      Seminario.<\/p>\n                    <p>La preparazione molto accurata, basata essenzialmente sulla Parola di Ges\u00f9, \u00e8 stata portata avanti con l&#8217;aiuto del vescovo Francesco che ha presieduto ogni incontro, di Don Luigi Ricci vicario generale e di Don Davide Arcangeli giovane\n                      prete diocesano docente di &#8220;Introduzione alla Sacra Scrittura&#8221;. Molto entusiasmo aveva suscitato nei partecipanti che, forse per la prima volta, si sono trovati a tu per tu con la Parola di Dio e, con lo stesso entusiasmo, si \u00e8 cercato\n                      di dar vita a piccoli gruppi sparsi nel territorio della Diocesi, per la condivisione del Vangelo.<\/p>\n                    <p>Qual \u00e8 lo scopo dei Cenacoli? Molto semplicemente, era ed \u00e8 questo: \u00e8 necessario e urgente far scoprire o riscoprire la fede alla quale la maggior parte di noi \u00e8 stata educata, ma che \u00e8 stata lasciata, dimenticata, dopo anni di abbandono\n                      dalla Chiesa con la sua vita sacramentale. Lo sguardo doveva essere rivolto agli adulti: come ad esempio ai genitori dei bambini che dovevano ricevere il Santo Battesimo o dei bambini che erano in procinto di ricevere gli altri Sacramenti\n                      dell&#8217;Iniziazione Cristiana. Comunque, a tutti gli adulti e non solo a questi. Era ed \u00e8 una sfida, un&#8217;avventura alla quale eravamo chiamati semplicemente perch\u00e9 battezzati.<\/p>\n                    <p>E il metodo da seguire? Prima di tutto se lo sguardo doveva essere spalancato sugli adulti, si dovevano individuare quelle persone che avevano sete di Dio e della sua Parola. Con un p\u00f2 di coraggio, confidando sull&#8217;aiuto dello Spirito\n                      Santo, si \u00e8 bussato alle porte, invitando ad un incontro sul Vangelo. La risposta \u00e8 stata affermativa e cos\u00ec, si \u00e8 cominciato. <\/p>\n                    <p>Altro particolare importante: gli incontri non sono da tenere nei locali della parrocchia, ma nelle case come piccole &#8220;chiese domestiche&#8221;, sempre in unit\u00e0 con il parroco che di tanto in tanto partecipa ai vari momenti. Per diversi\n                      mesi si sono seguite le tracce che ci sono state suggerite per la lettura dei brani e poi, nel tempo, la Parola \u00e8 diventata sempre pi\u00f9 amica del nostro cuore, ci ha fatti diventare adulti nella fede e pi\u00f9 consapevoli del legame fraterno\n                      che si \u00e8 instaurato fra noi, condividendo e confrontandoci con le esperienze della vita.<\/p>\n                    <p>Gli incontri sono sempre preceduti dall&#8217;accoglienza delle persone e dalla preghiera iniziale con le intenzioni personali e per la comunit\u00e0.<\/p>\n                    <p>\n                      <br>\n                    <\/p>\n                  <\/div>\n                <\/div>\n              <\/div>\n            <\/div>\n          <\/div>\n        <\/div>\n      <\/div>\n    <\/div>\n  <\/div>\n  <div data-colibri-component=\"section\" data-colibri-id=\"4140-c9\" id=\"custom-2\" class=\"h-section h-section-global-spacing d-flex align-items-lg-center align-items-md-center align-items-center style-2056 style-local-4140-c9 position-relative\">\n    <!---->\n    <!---->\n    <div class=\"h-section-grid-container h-section-boxed-container\">\n      <!---->\n      <div data-colibri-id=\"4140-c10\" class=\"h-row-container gutters-row-lg-0 gutters-row-md-0 gutters-row-0 gutters-row-v-lg-0 gutters-row-v-md-0 gutters-row-v-0 style-2057 style-local-4140-c10 position-relative\">\n        <!---->\n        <div class=\"h-row justify-content-lg-center justify-content-md-center justify-content-center align-items-lg-stretch align-items-md-stretch align-items-stretch gutters-col-lg-0 gutters-col-md-0 gutters-col-0 gutters-col-v-lg-0 gutters-col-v-md-0 gutters-col-v-0\">\n          <!---->\n          <div class=\"h-column h-column-container d-flex h-col-lg-auto h-col-md-auto h-col-auto style-2058-outer style-local-4140-c11-outer\">\n            <div data-colibri-id=\"4140-c11\" class=\"d-flex h-flex-basis h-column__inner h-px-lg-2 h-px-md-2 h-px-2 v-inner-lg-2 v-inner-md-2 v-inner-2 style-2058 style-local-4140-c11 position-relative\">\n              <!---->\n              <!---->\n              <div class=\"w-100 h-y-container h-column__content h-column__v-align flex-basis-100 align-self-lg-start align-self-md-start align-self-start\">\n                <!---->\n                <div data-colibri-id=\"4140-c12\" class=\"h-global-transition-all h-heading style-2059 style-local-4140-c12 position-relative h-element\">\n                  <!---->\n                  <div class=\"h-heading__outer style-2059 style-local-4140-c12\">\n                    <!---->\n                    <!---->\n                    <h2 class=\"\">i Centri di ascolto del Vangelo<\/h2>\n                  <\/div>\n                <\/div>\n              <\/div>\n            <\/div>\n          <\/div>\n        <\/div>\n      <\/div>\n      <div data-colibri-id=\"4140-c13\" class=\"h-row-container gutters-row-lg-2 gutters-row-md-2 gutters-row-0 gutters-row-v-lg-2 gutters-row-v-md-2 gutters-row-v-2 style-2060 style-local-4140-c13 position-relative\">\n        <!---->\n        <div class=\"h-row justify-content-lg-center justify-content-md-center justify-content-center align-items-lg-stretch align-items-md-stretch align-items-stretch gutters-col-lg-2 gutters-col-md-2 gutters-col-0 gutters-col-v-lg-2 gutters-col-v-md-2 gutters-col-v-2\">\n          <!---->\n          <div class=\"h-column h-column-container d-flex h-col-lg-auto h-col-md-auto h-col-auto style-2061-outer style-local-4140-c14-outer\">\n            <div data-colibri-id=\"4140-c14\" class=\"d-flex h-flex-basis h-column__inner h-px-lg-2 h-px-md-2 h-px-2 v-inner-lg-2 v-inner-md-2 v-inner-2 style-2061 style-local-4140-c14 position-relative\">\n              <!---->\n              <!---->\n              <div class=\"w-100 h-y-container h-column__content h-column__v-align flex-basis-100 align-self-lg-start align-self-md-start align-self-start\">\n                <!---->\n                <div data-colibri-id=\"4140-c15\" class=\"h-text h-text-component style-2062 style-local-4140-c15 position-relative h-element\">\n                  <!---->\n                  <!---->\n                  <div class=\"\">\n                    <p>I gruppi dei &#8220;Centri di Ascolto del Vangelo&#8221; si sono costituiti negli anni &#8217;70.<\/p>\n                    <p>Per diversi anni il lavoro \u00e8 consistito nella lettura dei documenti della CEI per aiutare i cristiani ad una consapevolezza sulla vita della Chiesa, lettura che veniva fatta in due momenti diversi: in un primo momento sotto la guida\n                      del parroco con lo scopo di preparare gli accompagnatori e poi, in un secondo momento dai singoli accompagnatori nei loro rispettivi gruppi. La partecipazione era numerosa e molto interessata, ma le persone avevano un&#8217;et\u00e0 piuttosto\n                      avanzata e questo ha fatto s\u00ec che i vari gruppi si siano ridotti numericamente per la legge inesorabile della vita.<\/p>\n                    <p>Un evento importante e rivoluzionario per la nostra Chiesa diocesana, si \u00e8 realizzato con l&#8217;inizio della &#8220;Settimana Biblica&#8221; che ha posto fine ad una prassi pure importante, ma per iniziarne una nuova e molto pi\u00f9 interessante rispetto\n                      alla precedente: quella di rendere pi\u00f9 vicina ad ogni persona e pi\u00f9 viva, pi\u00f9 intima, la lettura e la comunione con la Parola di Dio. Cos\u00ec, da pi\u00f9 di vent&#8217;anni, i testi della Sacra Scrittura sono stati resi pi\u00f9 famigliari e sicuramente\n                      pi\u00f9 comprensibili rispetto al passato, proprio quei &#8220;libri&#8221; che prima erano spesso incomprensibili e lontani.<\/p>\n                    <p>Perci\u00f2, dall&#8217;anno in cui \u00e8 partita la &#8220;Settimana Biblica&#8221;, i gruppi dei &#8220;Centri di ascolto del Vangelo&#8221;, si sono confrontati direttamente con la Parola: la Diocesi ha sempre fornito delle schede che servivano per condurre i gruppi\n                      ma anche perch\u00e9 i singoli membri dei vari gruppi potessero, portando a casa quel materiale prezioso, riflettere sulle Parole che erano rimaste scolpite nel loro cuore.<\/p>\n                    <p>Questo, fino alla volta successiva quando, in modo spontaneo, qualcuno rammentava il brano evangelico dell&#8217;incontro precedente e sentiva dentro di s\u00e9 riecheggiare un&#8217;esperienza personale o un fatto accaduto.<\/p>\n                    <p>Ogni incontro era sempre preceduto dalla preghiera iniziale con le intenzioni personali e per la comunit\u00e0.<\/p>\n                  <\/div>\n                <\/div>\n              <\/div>\n            <\/div>\n          <\/div>\n        <\/div>\n      <\/div>\n    <\/div>\n  <\/div>\n<\/div>","protected":false},"excerpt":{"rendered":"<p>i Cenacoli del Vangelo L&#8217;esperienza dei &#8220;Cenacoli del Vangelo&#8221; \u00e8 nata nella nostra diocesi di Rimini a partire dal gennaio 2015, dopo un periodo di preparazione di diversi mesi,&nbsp;in Seminario. La preparazione molto accurata, basata essenzialmente sulla Parola di Ges\u00f9, \u00e8 stata portata avanti con l&#8217;aiuto del vescovo Francesco che ha presieduto ogni incontro, di [&hellip;]<\/p>\n","protected":false},"author":1,"featured_media":0,"parent":214,"menu_order":0,"comment_status":"closed","ping_status":"closed","template":"page-templates\/full-width-page.php","meta":{"iawp_total_views":35,"footnotes":""},"class_list":["post-4140","page","type-page","status-publish","hentry"],"_links":{"self":[{"href":"https:\/\/santagostinorimini.it\/new_sito\/wp-json\/wp\/v2\/pages\/4140","targetHints":{"allow":["GET"]}}],"collection":[{"href":"https:\/\/santagostinorimini.it\/new_sito\/wp-json\/wp\/v2\/pages"}],"about":[{"href":"https:\/\/santagostinorimini.it\/new_sito\/wp-json\/wp\/v2\/types\/page"}],"author":[{"embeddable":true,"href":"https:\/\/santagostinorimini.it\/new_sito\/wp-json\/wp\/v2\/users\/1"}],"replies":[{"embeddable":true,"href":"https:\/\/santagostinorimini.it\/new_sito\/wp-json\/wp\/v2\/comments?post=4140"}],"version-history":[{"count":4,"href":"https:\/\/santagostinorimini.it\/new_sito\/wp-json\/wp\/v2\/pages\/4140\/revisions"}],"predecessor-version":[{"id":16975,"href":"https:\/\/santagostinorimini.it\/new_sito\/wp-json\/wp\/v2\/pages\/4140\/revisions\/16975"}],"up":[{"embeddable":true,"href":"https:\/\/santagostinorimini.it\/new_sito\/wp-json\/wp\/v2\/pages\/214"}],"wp:attachment":[{"href":"https:\/\/santagostinorimini.it\/new_sito\/wp-json\/wp\/v2\/media?parent=4140"}],"curies":[{"name":"wp","href":"https:\/\/api.w.org\/{rel}","templated":true}]}}