{"id":5684,"date":"2023-07-31T10:40:37","date_gmt":"2023-07-31T08:40:37","guid":{"rendered":"http:\/\/santagostinorimini.it\/new_sito\/?page_id=5684"},"modified":"2024-01-25T20:41:21","modified_gmt":"2024-01-25T19:41:21","slug":"don-renato-bartoli","status":"publish","type":"page","link":"https:\/\/santagostinorimini.it\/new_sito\/comunita\/i-nostri-pastori\/don-renato-bartoli\/","title":{"rendered":"Don Renato Bartoli"},"content":{"rendered":"<div data-colibri-id=\"5684-c1\" class=\"style-2548 style-local-5684-c1 position-relative\">\n  <!---->\n  <div data-colibri-component=\"section\" data-colibri-id=\"5684-c2\" id=\"about\" class=\"h-section h-section-global-spacing d-flex align-items-lg-center align-items-md-center align-items-center style-2549 style-local-5684-c2 position-relative\">\n    <!---->\n    <!---->\n    <div class=\"h-section-grid-container h-section-boxed-container\">\n      <!---->\n      <div data-colibri-id=\"5684-c3\" class=\"h-row-container gutters-row-lg-2 gutters-row-md-2 gutters-row-2 gutters-row-v-lg-2 gutters-row-v-md-2 gutters-row-v-2 style-2550 style-local-5684-c3 position-relative\">\n        <!---->\n        <div class=\"h-row justify-content-lg-center justify-content-md-center justify-content-center align-items-lg-stretch align-items-md-stretch align-items-stretch gutters-col-lg-2 gutters-col-md-2 gutters-col-2 gutters-col-v-lg-2 gutters-col-v-md-2 gutters-col-v-2\">\n          <!---->\n          <div class=\"h-column h-column-container d-flex h-col-lg-auto h-col-md-auto h-col-auto style-2551-outer style-local-5684-c4-outer\">\n            <div data-colibri-id=\"5684-c4\" class=\"d-flex h-flex-basis h-column__inner h-px-lg-2 h-px-md-2 h-px-2 v-inner-lg-2 v-inner-md-2 v-inner-2 style-2551 style-local-5684-c4 position-relative\">\n              <!---->\n              <!---->\n              <div class=\"w-100 h-y-container h-column__content h-column__v-align flex-basis-100 align-self-lg-start align-self-md-start align-self-start\">\n                <!---->\n                <div data-colibri-id=\"5684-c5\" class=\"d-block style-2562 style-local-5684-c5 position-relative h-element\">\n                  <!---->\n                  <div class=\"h-image__frame-container-outer\">\n                    <div class=\"h-image__frame-container\">\n                      <!---->\n                      <!---->\n                      <img loading=\"lazy\" decoding=\"async\" width=\"2560\" height=\"1703\" src=\"http:\/\/santagostinorimini.it\/new_sito\/wp-content\/uploads\/2023\/08\/DSC_0351-scaled.jpg\" class=\"wp-image-5784 style-2562-image style-local-5684-c5-image\" alt=\"\" srcset=\"https:\/\/santagostinorimini.it\/new_sito\/wp-content\/uploads\/2023\/08\/DSC_0351-scaled.jpg 2560w, https:\/\/santagostinorimini.it\/new_sito\/wp-content\/uploads\/2023\/08\/DSC_0351-300x200.jpg 300w, https:\/\/santagostinorimini.it\/new_sito\/wp-content\/uploads\/2023\/08\/DSC_0351-1024x681.jpg 1024w, https:\/\/santagostinorimini.it\/new_sito\/wp-content\/uploads\/2023\/08\/DSC_0351-768x511.jpg 768w, https:\/\/santagostinorimini.it\/new_sito\/wp-content\/uploads\/2023\/08\/DSC_0351-391x260.jpg 391w, https:\/\/santagostinorimini.it\/new_sito\/wp-content\/uploads\/2023\/08\/DSC_0351-1536x1022.jpg 1536w, https:\/\/santagostinorimini.it\/new_sito\/wp-content\/uploads\/2023\/08\/DSC_0351-2048x1363.jpg 2048w\" sizes=\"auto, (max-width: 2560px) 100vw, 2560px\" \/>\n                      <div class=\"h-image__frame h-hide-lg h-hide-md h-hide-sm style-2562-frameImage style-local-5684-c5-frameImage\"><\/div>\n                    <\/div>\n                  <\/div>\n                <\/div>\n              <\/div>\n            <\/div>\n          <\/div>\n          <div class=\"h-column h-column-container d-flex h-col-lg-auto h-col-md-auto h-col-auto style-2554-outer style-local-5684-c6-outer\">\n            <div data-colibri-id=\"5684-c6\" class=\"d-flex h-flex-basis h-column__inner h-px-lg-2 h-px-md-2 h-px-2 v-inner-lg-2 v-inner-md-2 v-inner-2 style-2554 style-local-5684-c6 position-relative\">\n              <!---->\n              <!---->\n              <div class=\"w-100 h-y-container h-column__content h-column__v-align flex-basis-100 align-self-lg-center align-self-md-center align-self-center\">\n                <!---->\n                <div data-colibri-id=\"5684-c14\" class=\"d-block style-4086 style-local-5684-c14 position-relative h-element\">\n                  <!---->\n                  <div class=\"h-image__frame-container-outer\">\n                    <a href=\"http:\/\/santagostinorimini.it\/new_sito\/comunita\/i-nostri-pastori\/don-renato-bartoli\/la-pagina-del-parroco\/\" h-use-smooth-scroll=\"true\" class=\"image-link\">\n                      <div class=\"h-image__frame-container\">\n                        <!---->\n                        <!---->\n                        <img loading=\"lazy\" decoding=\"async\" width=\"1080\" height=\"1920\" src=\"http:\/\/santagostinorimini.it\/new_sito\/wp-content\/uploads\/2024\/01\/la-voce-del-parroco.jpg\" class=\"wp-image-9641 style-4086-image style-local-5684-c14-image\" alt=\"\" srcset=\"https:\/\/santagostinorimini.it\/new_sito\/wp-content\/uploads\/2024\/01\/la-voce-del-parroco.jpg 1080w, https:\/\/santagostinorimini.it\/new_sito\/wp-content\/uploads\/2024\/01\/la-voce-del-parroco-169x300.jpg 169w, https:\/\/santagostinorimini.it\/new_sito\/wp-content\/uploads\/2024\/01\/la-voce-del-parroco-576x1024.jpg 576w, https:\/\/santagostinorimini.it\/new_sito\/wp-content\/uploads\/2024\/01\/la-voce-del-parroco-768x1365.jpg 768w, https:\/\/santagostinorimini.it\/new_sito\/wp-content\/uploads\/2024\/01\/la-voce-del-parroco-864x1536.jpg 864w\" sizes=\"auto, (max-width: 1080px) 100vw, 1080px\" \/>\n                        <div class=\"h-image__frame h-hide-lg h-hide-md h-hide-sm style-4086-frameImage style-local-5684-c14-frameImage\"><\/div>\n                      <\/div>\n                    <\/a>\n                  <\/div>\n                <\/div>\n              <\/div>\n            <\/div>\n          <\/div>\n        <\/div>\n      <\/div>\n      <div data-colibri-id=\"5684-c7\" class=\"h-row-container gutters-row-lg-2 gutters-row-md-2 gutters-row-0 gutters-row-v-lg-2 gutters-row-v-md-2 gutters-row-v-2 style-2556 style-local-5684-c7 position-relative\">\n        <!---->\n        <div class=\"h-row justify-content-lg-center justify-content-md-center justify-content-center align-items-lg-stretch align-items-md-stretch align-items-stretch gutters-col-lg-2 gutters-col-md-2 gutters-col-0 gutters-col-v-lg-2 gutters-col-v-md-2 gutters-col-v-2\">\n          <!---->\n          <div class=\"h-column h-column-container d-flex h-col-lg-auto h-col-md-auto h-col-auto style-2557-outer style-local-5684-c8-outer\">\n            <div data-colibri-id=\"5684-c8\" class=\"d-flex h-flex-basis h-column__inner h-px-lg-2 h-px-md-2 h-px-2 v-inner-lg-2 v-inner-md-2 v-inner-2 style-2557 style-local-5684-c8 position-relative\">\n              <!---->\n              <!---->\n              <div class=\"w-100 h-y-container h-column__content h-column__v-align flex-basis-100 align-self-lg-start align-self-md-start align-self-start\">\n                <!---->\n                <div data-colibri-id=\"5684-c9\" class=\"h-text h-text-component style-2563 style-local-5684-c9 position-relative h-element\">\n                  <!---->\n                  <!---->\n                  <div class=\"\">\n                    <p><span style=\"font-family: sans-serif; font-size: 20px;\">Sono nato a Misano Monte il 13 ottobre del 1953 e ho vissuto i primi tre anni in campagna con i genitori e i nonni. Quindi ci siamo trasferiti alle Fontanelle di Riccione e l\u00ec sono cresciuto. Ho frequentato il catechismo per la Prima Comunione e la Cresima presso le suore Maestre Pie, a Riccione Paese, nella parrocchia di San Martino, alla chiesa vecchia. In quegli anni ho visto con gli occhi di bambino la nascita della nuova parrocchia delle Fontanelle e, come ministrante, ho seguito l\u2019impegno del parroco incaricato, don Gino. Ho iniziato il mio percorso al Seminario minore di Rimini (per gli studenti delle medie e delle superiori), l\u2019edificio dove ci sono oggi le scuole Marvelli, dal 1964 al 1972. Un&#8217;esperienza fantastica. Ho studiato al liceo classico Giulio Cesare. Tra i miei coetanei c&#8217;erano don Danilo Manduchi, don Paolo Donati.<\/span><\/p>\n                    <p><span style=\"font-family: sans-serif; font-size: 20px;\">Una volta divenuto sacerdote, ho fatto per tre anni l\u2019assistente in Seminario ai gruppi dei piccoli. Poi, per 18 anni sono stato parroco a Borghi e frazioni vicine, facendo anche i primi esperimenti di zona pastorale. Dopo, per 17 anni sono stato parroco a Marina Centro, nella parrocchia di San Girolamo, e per un biennio ho abitato anche a San Nicol\u00f2 con don Dino Paesani, don Vittorio Metalli e don Alessandro Zavattini. Sette anni fa sono stato mandato al Crocifisso, la parrocchia di S. Andrea dell\u2019Ausa.<\/span><\/p>\n                  <\/div>\n                <\/div>\n              <\/div>\n            <\/div>\n          <\/div>\n        <\/div>\n      <\/div>\n      <div data-colibri-id=\"5684-c10\" class=\"h-row-container gutters-row-lg-2 gutters-row-md-2 gutters-row-0 gutters-row-v-lg-2 gutters-row-v-md-2 gutters-row-v-2 style-2559 style-local-5684-c10 position-relative\">\n        <!---->\n        <div class=\"h-row justify-content-lg-center justify-content-md-center justify-content-center align-items-lg-stretch align-items-md-stretch align-items-stretch gutters-col-lg-2 gutters-col-md-2 gutters-col-0 gutters-col-v-lg-2 gutters-col-v-md-2 gutters-col-v-2\">\n          <!---->\n          <div class=\"h-column h-column-container d-flex h-col-lg-auto h-col-md-auto h-col-auto style-2560-outer style-local-5684-c11-outer\">\n            <div data-colibri-id=\"5684-c11\" class=\"d-flex h-flex-basis h-column__inner h-px-lg-2 h-px-md-2 h-px-2 v-inner-lg-2 v-inner-md-2 v-inner-2 style-2560 style-local-5684-c11 position-relative\">\n              <!---->\n              <!---->\n              <div class=\"w-100 h-y-container h-column__content h-column__v-align flex-basis-100 align-self-lg-start align-self-md-start align-self-start\">\n                <!---->\n                <div data-colibri-id=\"5684-c12\" class=\"d-block style-2564 style-local-5684-c12 position-relative h-element\">\n                  <!---->\n                  <div class=\"h-image__frame-container-outer\">\n                    <div class=\"h-image__frame-container\">\n                      <!---->\n                      <!---->\n                      <img loading=\"lazy\" decoding=\"async\" width=\"1703\" height=\"1056\" src=\"http:\/\/santagostinorimini.it\/new_sito\/wp-content\/uploads\/2023\/08\/cropped-DSC_0691-scaled-1.jpg\" class=\"wp-image-5786 style-2564-image style-local-5684-c12-image\" alt=\"\" srcset=\"https:\/\/santagostinorimini.it\/new_sito\/wp-content\/uploads\/2023\/08\/cropped-DSC_0691-scaled-1.jpg 1703w, https:\/\/santagostinorimini.it\/new_sito\/wp-content\/uploads\/2023\/08\/cropped-DSC_0691-scaled-1-300x186.jpg 300w, https:\/\/santagostinorimini.it\/new_sito\/wp-content\/uploads\/2023\/08\/cropped-DSC_0691-scaled-1-1024x635.jpg 1024w, https:\/\/santagostinorimini.it\/new_sito\/wp-content\/uploads\/2023\/08\/cropped-DSC_0691-scaled-1-768x476.jpg 768w, https:\/\/santagostinorimini.it\/new_sito\/wp-content\/uploads\/2023\/08\/cropped-DSC_0691-scaled-1-1536x952.jpg 1536w\" sizes=\"auto, (max-width: 1703px) 100vw, 1703px\" \/>\n                      <div class=\"h-image__frame h-hide-lg h-hide-md h-hide-sm style-2564-frameImage style-local-5684-c12-frameImage\"><\/div>\n                    <\/div>\n                  <\/div>\n                <\/div>\n                <div data-colibri-id=\"5684-c13\" class=\"h-text h-text-component style-2565 style-local-5684-c13 position-relative h-element\">\n                  <!---->\n                  <!---->\n                  <div class=\"\">\n                    <p><span style=\"font-family: sans-serif; font-size: 20px;\">Vengo dalla campagna, dalla periferia. Un\u2019inclinazione al lavoro &#8216;manuale&#8217; mi ha sempre accompagnato e mi stimola anche oggi. Ho insegnato due anni religione all&#8217;Einstein, e qualche anno nelle scuole Medie ed Elementari del tempo. Mentre ero parroco a Borghi mi \u00e8 stato chiesto anche di accompagnare per alcuni anni i seminaristi di teologia al Seminario regionale di Bologna. Per un certo periodo sono stato responsabile dei diaconi permanenti della nostra Diocesi e incaricato del GRIS, il gruppo di informazione sulle sette. Rimane, al di l\u00e0 di tutto questo, che mi piace &#8216;fare&#8217;, produrre qualcosa.<\/span><\/p>\n                    <p><span style=\"font-family: sans-serif; font-size: 20px;\">Quando mi sono trovato a Borghi avevo 28 anni: era una parrocchia di campagna e cercavo di tessere una rete di relazioni con le persone e altri sacerdoti. Come facevo? Andavo nel bar a parlare con la gente, ho provato anche a giocare a carte con loro. Oppure andavo nei campi ad aiutare la gente a lavorare la terra. Non era il mio posto, ovviamente, me lo facevano capire. Ma era un periodo nel quale cercavo, con ogni mezzo, e ogni strada, di costruire una comunit\u00e0 viva.<\/span><\/p>\n                    <p><span style=\"font-family: sans-serif; font-size: 20px;\">Il mio impegno \u00e8 quello a portare la vita buona del vangelo nel territorio e negli ambienti di vita. E poi certamente la corresponsabilit\u00e0 nella vita comunitaria, anche se oggi le persone non sono cos\u00ec attive come in passato e tendono a defilarsi. Purtroppo, molti vivono la parrocchia come un centro sociale, un&#8217;elargizione di servizi, ma si mettono poco in gioco. Ecco, la parrocchia \u00e8 di tutti ed \u00e8 un luogo vitale se ciascuno si coinvolge. \u00c8 questo lo stile con il quale desidero continuare il mio impegno di parroco. <\/span><\/p>\n                    <p><span style=\"font-family: sans-serif; font-size: 20px;\">La parrocchia \u00e8 \u201cchiesa presso le case\u201d, come dice l&#8217;etimologia greca della parola. Dobbiamo essere una comunit\u00e0 missionaria.<\/span><\/p>\n                    <p>\n                      <br>\n                    <\/p>\n                  <\/div>\n                <\/div>\n              <\/div>\n            <\/div>\n          <\/div>\n        <\/div>\n      <\/div>\n    <\/div>\n  <\/div>\n<\/div>","protected":false},"excerpt":{"rendered":"<p>Sono nato a Misano Monte il 13 ottobre del 1953 e ho vissuto i primi tre anni in campagna con i genitori e i nonni. Quindi ci siamo trasferiti alle Fontanelle di Riccione e l\u00ec sono cresciuto. Ho frequentato il catechismo per la Prima Comunione e la Cresima presso le suore Maestre Pie, a Riccione [&hellip;]<\/p>\n","protected":false},"author":1,"featured_media":0,"parent":302,"menu_order":0,"comment_status":"closed","ping_status":"closed","template":"page-templates\/full-width-page.php","meta":{"iawp_total_views":22,"footnotes":""},"class_list":["post-5684","page","type-page","status-publish","hentry"],"_links":{"self":[{"href":"https:\/\/santagostinorimini.it\/new_sito\/wp-json\/wp\/v2\/pages\/5684","targetHints":{"allow":["GET"]}}],"collection":[{"href":"https:\/\/santagostinorimini.it\/new_sito\/wp-json\/wp\/v2\/pages"}],"about":[{"href":"https:\/\/santagostinorimini.it\/new_sito\/wp-json\/wp\/v2\/types\/page"}],"author":[{"embeddable":true,"href":"https:\/\/santagostinorimini.it\/new_sito\/wp-json\/wp\/v2\/users\/1"}],"replies":[{"embeddable":true,"href":"https:\/\/santagostinorimini.it\/new_sito\/wp-json\/wp\/v2\/comments?post=5684"}],"version-history":[{"count":5,"href":"https:\/\/santagostinorimini.it\/new_sito\/wp-json\/wp\/v2\/pages\/5684\/revisions"}],"predecessor-version":[{"id":9644,"href":"https:\/\/santagostinorimini.it\/new_sito\/wp-json\/wp\/v2\/pages\/5684\/revisions\/9644"}],"up":[{"embeddable":true,"href":"https:\/\/santagostinorimini.it\/new_sito\/wp-json\/wp\/v2\/pages\/302"}],"wp:attachment":[{"href":"https:\/\/santagostinorimini.it\/new_sito\/wp-json\/wp\/v2\/media?parent=5684"}],"curies":[{"name":"wp","href":"https:\/\/api.w.org\/{rel}","templated":true}]}}