{"id":8234,"date":"2023-12-20T12:21:11","date_gmt":"2023-12-20T11:21:11","guid":{"rendered":"http:\/\/santagostinorimini.it\/new_sito\/?page_id=8234"},"modified":"2024-04-18T18:40:30","modified_gmt":"2024-04-18T16:40:30","slug":"il-rosario","status":"publish","type":"page","link":"https:\/\/santagostinorimini.it\/new_sito\/per-la-preghiera\/il-rosario\/","title":{"rendered":"Il Rosario"},"content":{"rendered":"\n<p>O Dio, vieni a salvarmi.<br><strong>Signore, vieni presto in mio aiuto.<\/strong><\/p>\n\n\n\n<p>Gloria al Padre e al Figlio e allo Spirito Santo,<br>come era nel principio e ora e sempre<br>nei secoli dei secoli. Amen.<\/p>\n\n\n\n<p><em>Ges\u00f9 mio, perdona le nostre colpe,<\/em><br><em>preservaci dal fuoco dell\u2019inferno,\u00a0<\/em><br><em>porta in cielo tutte le anime,<\/em><br><em>specialmente le pi\u00f9 bisognose<\/em><br><em>della tua misericordia.<\/em><\/p>\n\n\n\n<p class=\"has-text-color has-background has-link-color wp-elements-68da67b10172be6f2d1581882ea46324\" style=\"color:#166e53;background-color:#eeeeee\">(&nbsp;<em>Si prosegue cos\u00ec<\/em>: Annuncio del mistero \u2013 eventuali intenzioni personali \u2013 Padre nostro \u2013 10 Ave Maria \u2013 Gloria \u2013 Ges\u00f9 mio<em>.&nbsp;&nbsp;Poi di nuovo:<\/em>&nbsp;Annuncio\u2026. )<\/p>\n\n\n\n<h2 class=\"wp-block-heading has-colibri-color-6-color has-text-color has-background has-link-color wp-elements-5876b1bfec2c99bbd051da60f42b9ae7\" style=\"background-color:#d3f0ff\">MISTERI DELLA GIOIA (luned\u00ec e sabato)<\/h2>\n\n\n\n<p><strong>1\u00b0 Contempliamo l\u2019annuncio dell\u2019angelo a Maria Vergine.<\/strong><br>\u00abNon temere, Maria, perch\u00e9 hai trovato grazia presso Dio. Ecco concepirai un figlio, lo darai alla luce e lo chiamerai Ges\u00f9\u00bb.\u00a0<em>(Lc 1,30-31)<\/em><br><em>Con te, o Maria, anche noi diciamo: \u201cSi compia in me la tua Parola\u201d.<\/em><\/p>\n\n\n\n<p><strong>2\u00b0 Contempliamo la visita di Maria Vergine ad Elisabetta.<\/strong><br>Elisabetta fu piena di Spirito Santo ed esclam\u00f2 a gran voce: \u00abBenedetta tu fra le donne e benedetto il frutto del tuo grembo!\u00bb. (Lc 1,41-42)<br><em>Con te, o Maria, l\u2019anima nostra magnifica il Signore.<\/em><\/p>\n\n\n\n<p><strong>3\u00b0 Contempliamo la nascita di Ges\u00f9 a Betlemme.<\/strong><br>Maria diede alla luce il suo figlio primogenito, lo avvolse in fasce e lo depose in una mangiatoia, perch\u00e9 non c\u2019era posto per loro nell\u2019albergo. (Lc 2,6)<br><em>Con te, o Maria, adoriamo il Figlio di Dio nato per noi.<\/em><\/p>\n\n\n\n<p><strong>4\u00b0 Contempliamo la presentazione di Ges\u00f9 al Tempio.<\/strong><br>Quando venne il tempo della loro purificazione secondo la Legge di Mos\u00e8, portarono il bambino a Gerusalemme per offrirlo al Signore, come \u00e8 scritto nella Legge del Signore. (Luca 2,22-23)<br><em>Con te, o Maria, portiamo agli altri Ges\u00f9, luce del mondo.<\/em><\/p>\n\n\n\n<p><strong>5\u00b0 Contempliamo Ges\u00f9 ritrovato fra i dottori del Tempio.<\/strong><br>Tutti quelli che lo udivano erano pieni di stupore per la sua intelligenza e le sue risposte. (Luca 2,46)<br><em>Come te, o Maria, meditiamo le opere del Signore<\/em><\/p>\n\n\n\n<h2 class=\"wp-block-heading has-colibri-color-6-color has-text-color has-background has-link-color wp-elements-3e8002772c9db930c678c09b0db7fc75\" style=\"background-color:#c8eafa\">MISTERI DELLA LUCE (gioved\u00ec)<\/h2>\n\n\n\n<p><strong>1\u00b0 Contempliamo il battesimo di Ges\u00f9 al Giordano.<\/strong><br>Una voce dal cielo disse: \u00abQuesti \u00e8 il Figlio mio prediletto, nel quale mi sono compiaciuto\u00bb. (Mt 3,17)<br><em>Con te, o Maria, figlia prediletta del Padre, ascoltiamo Ges\u00f9.<\/em><\/p>\n\n\n\n<p><strong>2\u00b0 Contempliamo Ges\u00f9 che cambia l\u2019acqua in vino alle nozze di Cana.<\/strong><br>Cos\u00ec Ges\u00f9 diede inizio ai suoi miracoli, manifest\u00f2 la sua gloria e i suoi discepoli credettero in lui. (Gv 2,11)<br><em>Con te, o Maria, vogliamo fare tutto quello che Ges\u00f9 ci dir\u00e0.<\/em><\/p>\n\n\n\n<p><strong>3\u00b0 Contempliamo Ges\u00f9 che annuncia il regno di Dio e chiama alla conversione.<\/strong><br>Ges\u00f9 diceva: \u00abIl tempo \u00e8 compiuto e il regno di Dio \u00e8 vicino; convertitevi e credete al vangelo\u00bb. (Mc 1,14)<br><em>Tu sei beata, o Maria, perch\u00e8 hai creduto.<\/em><\/p>\n\n\n\n<p><strong>4\u00b0 Contempliamo la trasfigurazione di Ges\u00f9 sul monte Tabor.<\/strong><br>E, mentre pregava, il suo volto cambi\u00f2 d\u2019aspetto e la sua veste divenne candida e sfolgorante. (Lc 9,29)<br><em>Tu, o Maria, hai conosciuto il vero volto di Ges\u00f9, Figlio di Dio.<\/em><\/p>\n\n\n\n<p><strong>5\u00b0 Contempliamo l\u2019istituzione dell\u2019Eucaristia.<\/strong><br>Noi, pur essendo molti, siamo un corpo solo: tutti infatti partecipiamo dell\u2019unico pane. (1Cor 10,17)<br><em>Tu, o Maria, sei la madre della Chiesa e di tutti i credenti.<\/em><\/p>\n\n\n\n<h2 class=\"wp-block-heading has-colibri-color-6-color has-text-color has-background has-link-color wp-elements-9f33d4d22b48f22c260a0498507efdee\" style=\"background-color:#cdeefd\">MISTERI DEL DOLORE (marted\u00ec, venerd\u00ec)<\/h2>\n\n\n\n<p><strong>1\u00b0 Contempliamo Ges\u00f9 in preghiera nell\u2019Orto degli ulivi.<\/strong> <br>In preda all\u2019angoscia, pregava pi\u00f9 intensamente; e il suo sudore divent\u00f2 come gocce di sangue. (Lc 22,44)<br><em>Come te, o Maria, vogliamo compiere in tutto la volont\u00e0 del Padre.<\/em><\/p>\n\n\n\n<p><strong>2\u00b0 Contempliamo Ges\u00f9 crudelmente flagellato.<\/strong><br>Pilato fece prendere Ges\u00f9 e lo fece flagellare. (Lc 19,1)<br><em>Con te, o Maria, vogliamo accogliere la \u201cspada\u201d del dolore.<\/em><\/p>\n\n\n\n<p><strong>3\u00b0 Contempliamo Ges\u00f9 incoronato di spine e insultato.<\/strong><br>I soldati, intrecciata una corona di spine, gliela posero sul capo e lo deridevano. (Lc 19,2)<br><em>Con te, Maria, affidiamo a Dio le nostre umiliazioni.<\/em><\/p>\n\n\n\n<p><strong>4\u00b0 Contempliamo Ges\u00f9 che percorre la via del Calvario.<\/strong><br>Egli, portando la croce, si avvi\u00f2 verso il luogo del Cranio, detto in ebraico G\u00f2lgota. (Lc 19,16)<br><em>Con te, o Maria, seguiamo Ges\u00f9 portando la nostra croce.<\/em><\/p>\n\n\n\n<p><strong>5\u00b0 Contempliamo la crocifissione e morte di Ges\u00f9.<\/strong> <br>Lo crocifissero e con lui altri due, uno da una parte e uno dall\u2019altra, e Ges\u00f9 nel mezzo. (Lc 19,18)<br><em>Da Ges\u00f9 in croce ti accogliamo, o Maria, come\u00a0nostra\u00a0Madre.<\/em><\/p>\n\n\n\n<h2 class=\"wp-block-heading has-background\" style=\"background-color:#c8eef9\">MISTERI DELLA GLORIA <strong>(mercoled\u00ec, domenica)<\/strong><\/h2>\n\n\n\n<p><strong>1\u00b0Contempliamo la risurrezione di Ges\u00f9 da morte.<\/strong><br>L\u2019angelo disse alle donne: \u00abNon abbiate paura, voi! So che cercate Ges\u00f9 il crocifisso. Non \u00e8 qui. \u00c8 risorto, come aveva detto\u00bb. (Mt 28,5-6)<br><em>Con te, o Maria, riconosciamo che Ges\u00f9 \u00e8 il vivente.<\/em><\/p>\n\n\n\n<p><strong>2\u00b0 Contempliamo l\u2019ascensione di Ges\u00f9 al cielo.<\/strong> <br>Sotto i loro occhi Ges\u00f9 fu elevato in alto e una nube lo sottrasse al loro sguardo. (At 1,9)<br><em>Con te, o Maria, condividiamo la speranza del Regno.<\/em><\/p>\n\n\n\n<p><strong>3\u00b0 Contempliamo la discesa dello Spirito Santo.<\/strong> <br>Apparvero loro lingue come di fuoco che si dividevano e si posarono su ciascuno di loro; ed essi furono tutti pieni di Spirito Santo. (At 2,3-4)<br><em>In preghiera con te, o Maria, attendiamo una rinnovata effusione dello Spirito Santo.<\/em><\/p>\n\n\n\n<p><strong>4\u00b0 Contempliamo Maria assunta in cielo.<\/strong> <br>Ges\u00f9 ha detto: \u00abQuando sar\u00f2 andato e vi avr\u00f2 preparato un posto, ritorner\u00f2 e vi prender\u00f2 con me, perch\u00e9 siate anche voi dove sono io\u00bb. (Gv 14,2-3)<br><em>Come te, o Maria, siamo uniti a Ges\u00f9 nella vita e nella morte.<\/em><\/p>\n\n\n\n<p><strong>5\u00b0 Contempliamo Maria, Regina del cielo e della terra.<\/strong><br>Nel cielo apparve poi un segno grandioso: una donna vestita di sole, con la luna sotto i suoi piedi e sul suo capo una corona di dodici stelle. (Ap 12,1)<br><em>Con te, o Maria, desideriamo partecipare per sempre alla Comunione dei Santi.<\/em><\/p>\n\n\n\n<h2 class=\"wp-block-heading has-background\" style=\"background-color:#feebff\">LITANIE DELLA BEATA VERGINE MARIA<\/h2>\n\n\n\n<p>Signore piet\u00e0<br>Cristo piet\u00e0<br>Signore piet\u00e0<br>Cristo ascoltaci<br>Cristo esaudiscici<br>Padre del Cielo, che sei Dio<br>Figlio, Redentore del mondo, che sei Dio<br>Spirito Santo, che sei Dio<br>Santa Trinit\u00e0, unico Dio<\/p>\n\n\n\n<p>Santa Maria<br>Santa Madre di Dio<br>Santa Vergine delle vergini<br>Madre di Cristo<br>Madre della Chiesa<br>Madre della divina grazia<br>Madre purissima<br>Madre castissima<br>Madre sempre vergine<br>Madre immacolata<br>Madre degna d\u2019amore<br>Madre ammirabile<br>Madre del buon consiglio<br>Madre del Creatore<br>Madre del Salvatore<br>Vergine prudente<br>Vergine degna di onore<br>Vergine degna di lode<br>Vergine potente<br>Vergine fedele<br>Modello di santit\u00e0<br>Sede della Sapienza<br>Fonte della nostra gioia<br>Tempio dello Spirito Santo<br>Tabernacolo dell\u2019eterna gloria<br>Dimora consacrata a Dio<br>Rosa mistica<br>Gloria della stirpe di Davide<br>Fortezza inespugnabile<br>Santuario della divina presenza<br>Arca della nuova alleanza<br>Porta del cielo<br>Stella del mattino<br>Salute degli infermi<br>Rifugio dei peccatori<br>Consolatrice degli afflitti<br>Aiuto dei cristiani<br>Regina degli Angeli<br>Regina dei patriarchi<br>Regina dei profeti<br>Regina degli Apostoli<br>Regina del martiri<br>Regina dei confessori della fede<br>Regina delle vergini<br>Regina di tutti i santi<br>Regina concepita senza peccato<br>Regina assunta in cielo<br>Regina del rosario<br>Regina della famiglia<br>Regina della pace<\/p>\n\n\n\n<p>Agnello di Dio che togli i peccati del mondo<br>\u2013 perdonaci, Signore.<\/p>\n\n\n\n<p>Agnello di Dio che togli i peccati del mondo<br>\u2013 esaudiscici, Signore.<\/p>\n\n\n\n<p>Agnello di Dio che togli i peccati del mondo<br>\u2013 abbi piet\u00e0 di noi,<\/p>\n\n\n\n<p>Prega per noi santa Madre di Dio<br>\u2013 Perch\u00e9 siamo resi degni delle promesse di Cristo<\/p>\n\n\n\n<p>Preghiamo:<br>Concedi ai tuoi fedeli, o Signore, di godere sempre la salute del corpo e dello spirito e, per la gloriosa intercessione della beata sempre vergine Maria, salvaci dai mali presenti e guidaci alla gioia senza fine. Per Cristo nostro Signore. Amen.<\/p>\n","protected":false},"excerpt":{"rendered":"<p>O Dio, vieni a salvarmi.Signore, vieni presto in mio aiuto. Gloria al Padre e al Figlio e allo Spirito Santo,come era nel principio e ora e semprenei secoli dei secoli. Amen. Ges\u00f9 mio, perdona le nostre colpe,preservaci dal fuoco dell\u2019inferno,\u00a0porta in cielo tutte le anime,specialmente le pi\u00f9 bisognosedella tua misericordia. (&nbsp;Si prosegue cos\u00ec: Annuncio del [&hellip;]<\/p>\n","protected":false},"author":5,"featured_media":0,"parent":11076,"menu_order":0,"comment_status":"closed","ping_status":"closed","template":"","meta":{"iawp_total_views":10,"footnotes":""},"class_list":["post-8234","page","type-page","status-publish","hentry"],"_links":{"self":[{"href":"https:\/\/santagostinorimini.it\/new_sito\/wp-json\/wp\/v2\/pages\/8234","targetHints":{"allow":["GET"]}}],"collection":[{"href":"https:\/\/santagostinorimini.it\/new_sito\/wp-json\/wp\/v2\/pages"}],"about":[{"href":"https:\/\/santagostinorimini.it\/new_sito\/wp-json\/wp\/v2\/types\/page"}],"author":[{"embeddable":true,"href":"https:\/\/santagostinorimini.it\/new_sito\/wp-json\/wp\/v2\/users\/5"}],"replies":[{"embeddable":true,"href":"https:\/\/santagostinorimini.it\/new_sito\/wp-json\/wp\/v2\/comments?post=8234"}],"version-history":[{"count":3,"href":"https:\/\/santagostinorimini.it\/new_sito\/wp-json\/wp\/v2\/pages\/8234\/revisions"}],"predecessor-version":[{"id":8240,"href":"https:\/\/santagostinorimini.it\/new_sito\/wp-json\/wp\/v2\/pages\/8234\/revisions\/8240"}],"up":[{"embeddable":true,"href":"https:\/\/santagostinorimini.it\/new_sito\/wp-json\/wp\/v2\/pages\/11076"}],"wp:attachment":[{"href":"https:\/\/santagostinorimini.it\/new_sito\/wp-json\/wp\/v2\/media?parent=8234"}],"curies":[{"name":"wp","href":"https:\/\/api.w.org\/{rel}","templated":true}]}}