{"id":9019,"date":"2024-01-12T11:47:44","date_gmt":"2024-01-12T10:47:44","guid":{"rendered":"http:\/\/santagostinorimini.it\/new_sito\/?page_id=9019"},"modified":"2025-12-21T10:37:11","modified_gmt":"2025-12-21T09:37:11","slug":"preghiere-al-beato-alberto-marvelli","status":"publish","type":"page","link":"https:\/\/santagostinorimini.it\/new_sito\/beato-alberto-marvelli\/preghiere-al-beato-alberto-marvelli\/","title":{"rendered":"Preghiere al beato Alberto Marvelli"},"content":{"rendered":"<div data-colibri-id=\"9019-c1\" class=\"style-3917 style-local-9019-c1 position-relative\">\n  <!---->\n  <div data-colibri-component=\"section\" data-colibri-id=\"9019-c2\" id=\"initial-content\" class=\"h-section h-section-global-spacing d-flex align-items-lg-start align-items-md-start align-items-start style-3918 style-local-9019-c2 position-relative\">\n    <!---->\n    <!---->\n    <div class=\"h-section-grid-container h-section-boxed-container\">\n      <!---->\n      <div data-colibri-id=\"9019-c3\" class=\"h-row-container gutters-row-lg-0 gutters-row-md-0 gutters-row-0 gutters-row-v-lg-0 gutters-row-v-md-0 gutters-row-v-0 style-3935 style-local-9019-c3 position-relative\">\n        <!---->\n        <div class=\"h-row justify-content-lg-center justify-content-md-center justify-content-center align-items-lg-stretch align-items-md-stretch align-items-stretch gutters-col-lg-0 gutters-col-md-0 gutters-col-0 gutters-col-v-lg-0 gutters-col-v-md-0 gutters-col-v-0\">\n          <!---->\n          <div class=\"h-column h-column-container d-flex h-col-lg-auto h-col-md-auto h-col-auto style-3936-outer style-local-9019-c4-outer\">\n            <div data-colibri-id=\"9019-c4\" class=\"d-flex h-flex-basis h-column__inner h-px-lg-0 h-px-md-0 h-px-0 v-inner-lg-0 v-inner-md-0 v-inner-0 style-3936 style-local-9019-c4 position-relative\">\n              <!---->\n              <!---->\n              <div class=\"w-100 h-y-container h-column__content h-column__v-align flex-basis-100 align-self-lg-start align-self-md-start align-self-start\">\n                <!---->\n                <div data-colibri-id=\"9019-c5\" class=\"d-block style-3937 style-local-9019-c5 position-relative h-element\">\n                  <!---->\n                  <div class=\"h-image__frame-container-outer\">\n                    <div class=\"h-image__frame-container\">\n                      <!---->\n                      <!---->\n                      <img loading=\"lazy\" decoding=\"async\" width=\"1280\" height=\"434\" src=\"http:\/\/santagostinorimini.it\/new_sito\/wp-content\/uploads\/2024\/01\/quadernomarvelli.jpg\" class=\"wp-image-9126 style-3937-image style-local-9019-c5-image\" alt=\"\" srcset=\"https:\/\/santagostinorimini.it\/new_sito\/wp-content\/uploads\/2024\/01\/quadernomarvelli.jpg 1280w, https:\/\/santagostinorimini.it\/new_sito\/wp-content\/uploads\/2024\/01\/quadernomarvelli-300x102.jpg 300w, https:\/\/santagostinorimini.it\/new_sito\/wp-content\/uploads\/2024\/01\/quadernomarvelli-1024x347.jpg 1024w, https:\/\/santagostinorimini.it\/new_sito\/wp-content\/uploads\/2024\/01\/quadernomarvelli-768x260.jpg 768w\" sizes=\"auto, (max-width: 1280px) 100vw, 1280px\" \/>\n                      <div class=\"h-image__frame h-hide-lg h-hide-md h-hide-sm style-3937-frameImage style-local-9019-c5-frameImage\"><\/div>\n                    <\/div>\n                  <\/div>\n                <\/div>\n              <\/div>\n            <\/div>\n          <\/div>\n        <\/div>\n      <\/div>\n      <div data-colibri-id=\"9019-c6\" class=\"h-row-container gutters-row-lg-0 gutters-row-md-0 gutters-row-0 gutters-row-v-lg-0 gutters-row-v-md-0 gutters-row-v-0 style-3919 style-local-9019-c6 position-relative\">\n        <!---->\n        <div class=\"h-row justify-content-lg-center justify-content-md-center justify-content-center align-items-lg-stretch align-items-md-stretch align-items-stretch gutters-col-lg-0 gutters-col-md-0 gutters-col-0 gutters-col-v-lg-0 gutters-col-v-md-0 gutters-col-v-0\">\n          <!---->\n          <div class=\"h-column h-column-container d-flex h-col-lg-auto h-col-md-auto h-col-auto style-3920-outer style-local-9019-c7-outer\">\n            <div data-colibri-id=\"9019-c7\" class=\"d-flex h-flex-basis h-column__inner h-px-lg-0 h-px-md-0 h-px-0 v-inner-lg-0 v-inner-md-0 v-inner-0 style-3920 style-local-9019-c7 position-relative\">\n              <!---->\n              <!---->\n              <div class=\"w-100 h-y-container h-column__content h-column__v-align flex-basis-100 align-self-lg-start align-self-md-start align-self-start\">\n                <!---->\n                <div data-colibri-id=\"9019-c8\" class=\"h-text h-text-component style-3923 style-local-9019-c8 position-relative h-element\">\n                  <!---->\n                  <!---->\n                  <div class=\"\">\n                    <p>ALCUNE DELLE PREGHIERE SCRITTE PRESSO LA TOMBA DEL BEATO ALBERTO.&nbsp;UNIAMOCI A&nbsp;QUESTE INVOCAZIONI.<\/p>\n                  <\/div>\n                <\/div>\n                <div data-colibri-id=\"9019-c9\" class=\"h-divider style-3928 style-local-9019-c9 position-relative h-element\">\n                  <!----><span class=\"h-divider__line style-3928-line style-local-9019-c9-line style-3928-line style-local-9019-c9-line\"><\/span> <span class=\"h-svg-icon h-divider__icon style-3928-icon style-local-9019-c9-icon\"><!--Icon by Font Awesome (https:\/\/fontawesome.com)-->\n    <svg version=\"1.1\" xmlns=\"http:\/\/www.w3.org\/2000\/svg\" xmlns:xlink=\"http:\/\/www.w3.org\/1999\/xlink\" id=\"edit\" viewBox=\"0 0 1792 1896.0833\">\n      <path d=\"M888 1184l116-116-152-152-116 116v56h96v96h56zm440-720q-16-16-33 1L945 815q-17 17-1 33t33-1l350-350q17-17 1-33zm80 594v190q0 119-84.5 203.5T1120 1536H288q-119 0-203.5-84.5T0 1248V416q0-119 84.5-203.5T288 128h832q63 0 117 25 15 7 18 23 3 17-9 29l-49 49q-14 14-32 8-23-6-45-6H288q-66 0-113 47t-47 113v832q0 66 47 113t113 47h832q66 0 113-47t47-113v-126q0-13 9-22l64-64q15-15 35-7t20 29zm-96-738l288 288-672 672H640V992zm444 132l-92 92-288-288 92-92q28-28 68-28t68 28l152 152q28 28 28 68t-28 68z\"><\/path>\n    <\/svg><\/span> <span class=\"h-divider__line style-3928-line style-local-9019-c9-line style-3928-line style-local-9019-c9-line\"><\/span><\/div>\n              <\/div>\n            <\/div>\n          <\/div>\n        <\/div>\n      <\/div>\n      <div data-colibri-id=\"9019-c10\" class=\"h-row-container gutters-row-lg-1 gutters-row-md-1 gutters-row-0 gutters-row-v-lg-1 gutters-row-v-md-1 gutters-row-v-1 style-12126 style-local-9019-c10 position-relative\">\n        <!---->\n        <div class=\"h-row justify-content-lg-center justify-content-md-center justify-content-center align-items-lg-stretch align-items-md-stretch align-items-stretch gutters-col-lg-1 gutters-col-md-1 gutters-col-0 gutters-col-v-lg-1 gutters-col-v-md-1 gutters-col-v-1\">\n          <!---->\n          <div class=\"h-column h-column-container d-flex h-col-lg-4 h-col-md-4 h-col-12 style-12127-outer style-local-9019-c11-outer\">\n            <div data-colibri-id=\"9019-c11\" class=\"d-flex h-flex-basis h-column__inner h-ui-empty-state-container h-px-lg-2 h-px-md-2 h-px-2 v-inner-lg-2 v-inner-md-2 v-inner-2 style-12127 style-local-9019-c11 position-relative\">\n              <!---->\n              <!---->\n              <div class=\"w-100 h-y-container h-column__content h-column__v-align flex-basis-100\">\n                <!---->\n              <\/div>\n            <\/div>\n          <\/div>\n          <div class=\"h-column h-column-container d-flex h-col-lg-4 h-col-md-4 h-col-12 style-12128-outer style-local-9019-c12-outer\">\n            <div data-colibri-id=\"9019-c12\" class=\"d-flex h-flex-basis h-column__inner h-ui-empty-state-container h-px-lg-3 h-px-md-3 h-px-3 v-inner-lg-3 v-inner-md-3 v-inner-3 style-12128 style-local-9019-c12 position-relative\">\n              <!---->\n              <!---->\n              <div class=\"w-100 h-y-container h-column__content h-column__v-align flex-basis-100\">\n                <!---->\n              <\/div>\n            <\/div>\n          <\/div>\n          <div class=\"h-column h-column-container d-flex h-col-lg-4 h-col-md-4 h-col-12 style-12129-outer style-local-9019-c14-outer\">\n            <div data-colibri-id=\"9019-c14\" class=\"d-flex h-flex-basis h-column__inner h-px-lg-3 h-px-md-3 h-px-3 v-inner-lg-3 v-inner-md-3 v-inner-3 style-12129 style-local-9019-c14 position-relative\">\n              <!---->\n              <!---->\n              <div class=\"w-100 h-y-container h-column__content h-column__v-align flex-basis-100 align-self-lg-start align-self-md-start align-self-start\">\n                <!---->\n                <div data-colibri-id=\"9019-c13\" class=\"h-text h-text-component style-12138 style-local-9019-c13 position-relative h-element\">\n                  <!---->\n                  <!---->\n                  <div class=\"\">\n                    <p><em style=\"font-weight: 400; font-size: 16px; font-family: Lato; color: rgb(23, 37, 42);\">5 ottobre 2025<br>59 anni fa lasciavi il corpo caro Alberto. In questo giorno di grazia ti chiedo di accrescere la mia forza per lasciare andare ci\u00f2 che non piace a Ges\u00f9. A volte ho avuto dubbi su ci\u00f2 che \u00e8 giusto o sbagliato, ora sempre meno grazie a Dio! Aiutami a mantenermi salda nella FEDE, nella SPERANZA e nell\u2019AMORE con spirito di forza, carit\u00e0 e prudenza! Grazie.<\/em><\/p>\n                    <p>\n                      <br>\n                    <\/p>\n                  <\/div>\n                <\/div>\n                <div data-colibri-id=\"9019-c15\" class=\"h-text h-text-component style-12144 style-local-9019-c15 position-relative h-element\">\n                  <!---->\n                  <!---->\n                  <div class=\"\">\n                    <p><em>22 febbraio 2025<br>Preghiamo che questo Beato interceda presso Dio di benedire la nostra diocesi di Zhengding affinch\u00e9 sia liberata dalla persecuzione del governo e riacquisti la libert\u00e0 religiosa. Preghiamo anche che Dio conceda la grazia alla Chiesa affinch\u00e9 possa tornare sulla retta via. O Beato, prega per me e concedi alla mia famiglia la felicit\u00e0. Cattolico della diocesi di Zhengding a Shijiazhuang, provincia di Hebei, Cina<\/em><\/p>\n                  <\/div>\n                <\/div>\n                <div data-colibri-id=\"9019-c16\" class=\"d-block style-12139 style-local-9019-c16 position-relative h-element\">\n                  <!---->\n                  <div class=\"h-image__frame-container-outer\">\n                    <div class=\"h-image__frame-container\">\n                      <!---->\n                      <!---->\n                      <img loading=\"lazy\" decoding=\"async\" width=\"1200\" height=\"583\" src=\"https:\/\/santagostinorimini.it\/new_sito\/wp-content\/uploads\/2025\/03\/20250222-cineseDUE.jpg\" class=\"wp-image-28641 style-12139-image style-local-9019-c16-image\" alt=\"\" srcset=\"https:\/\/santagostinorimini.it\/new_sito\/wp-content\/uploads\/2025\/03\/20250222-cineseDUE.jpg 1200w, https:\/\/santagostinorimini.it\/new_sito\/wp-content\/uploads\/2025\/03\/20250222-cineseDUE-300x146.jpg 300w, https:\/\/santagostinorimini.it\/new_sito\/wp-content\/uploads\/2025\/03\/20250222-cineseDUE-1024x497.jpg 1024w, https:\/\/santagostinorimini.it\/new_sito\/wp-content\/uploads\/2025\/03\/20250222-cineseDUE-768x373.jpg 768w\" sizes=\"auto, (max-width: 1200px) 100vw, 1200px\" \/>\n                      <div class=\"h-image__frame h-hide-lg h-hide-md h-hide-sm style-12139-frameImage style-local-9019-c16-frameImage\"><\/div>\n                    <\/div>\n                  <\/div>\n                <\/div>\n              <\/div>\n            <\/div>\n          <\/div>\n        <\/div>\n      <\/div>\n      <div data-colibri-id=\"9019-c17\" class=\"h-row-container gutters-row-lg-1 gutters-row-md-1 gutters-row-0 gutters-row-v-lg-1 gutters-row-v-md-1 gutters-row-v-1 style-9480 style-local-9019-c17 position-relative\">\n        <!---->\n        <div class=\"h-row justify-content-lg-center justify-content-md-center justify-content-center align-items-lg-stretch align-items-md-stretch align-items-stretch gutters-col-lg-1 gutters-col-md-1 gutters-col-0 gutters-col-v-lg-1 gutters-col-v-md-1 gutters-col-v-1\">\n          <!---->\n          <div class=\"h-column h-column-container d-flex h-col-lg-4 h-col-md-4 h-col-12 style-9481-outer style-local-9019-c18-outer\">\n            <div data-colibri-id=\"9019-c18\" class=\"d-flex h-flex-basis h-column__inner h-ui-empty-state-container h-px-lg-3 h-px-md-3 h-px-3 v-inner-lg-3 v-inner-md-3 v-inner-3 style-9481 style-local-9019-c18 position-relative\">\n              <!---->\n              <!---->\n              <div class=\"w-100 h-y-container h-column__content h-column__v-align flex-basis-100\">\n                <!---->\n              <\/div>\n            <\/div>\n          <\/div>\n          <div class=\"h-column h-column-container d-flex h-col-lg-4 h-col-md-4 h-col-12 style-9484-outer style-local-9019-c20-outer\">\n            <div data-colibri-id=\"9019-c20\" class=\"d-flex h-flex-basis h-column__inner h-px-lg-3 h-px-md-3 h-px-3 v-inner-lg-3 v-inner-md-3 v-inner-3 style-9484 style-local-9019-c20 position-relative\">\n              <!---->\n              <!---->\n              <div class=\"w-100 h-y-container h-column__content h-column__v-align flex-basis-100 align-self-lg-start align-self-md-start align-self-start\">\n                <!---->\n                <div data-colibri-id=\"9019-c19\" class=\"h-text h-text-component style-9483 style-local-9019-c19 position-relative h-element\">\n                  <!---->\n                  <!---->\n                  <div class=\"\">\n                    <p>20 agosto 2024\n                      <br>Ti affido l&#8217;Azione Cattolica diocesana di Foggia-Bovino.&nbsp;Sia segno e profumo dell&#8217;amore di Cristo. Ci sia unit\u00e0, dimori l&#8217;amore, ci sorregga la grazia divina per meglio rispondere alla nostra chiamata.&nbsp;<\/p>\n                  <\/div>\n                <\/div>\n                <div data-colibri-id=\"9019-c21\" class=\"h-text h-text-component style-9486 style-local-9019-c21 position-relative h-element\">\n                  <!---->\n                  <!---->\n                  <div class=\"\">\n                    <p>24 febbraio 2024\n                      <br>Carissimo Alberto, finalmente oggi sono venuto a conoscerti personalmente grazie ad un mio carissimo amico che ti conosce molto bene e mi ha parlato spesso di te. Oggi mi hanno colpito molto&nbsp;le parole tratte dai tuoi scritti\n                      , segno di profondissima fede e carit\u00e0.&nbsp;Ti prego intercedi presso nostro Signore affinch\u00e8 riesca a seguire il progetto della mia vita. Aiutami a realizzare i miei obiettivi. Un affettuoso abbraccio .<\/p>\n                  <\/div>\n                <\/div>\n              <\/div>\n            <\/div>\n          <\/div>\n          <div class=\"h-column h-column-container d-flex h-col-lg-4 h-col-md-4 h-col-12 style-9482-outer style-local-9019-c22-outer\">\n            <div data-colibri-id=\"9019-c22\" class=\"d-flex h-flex-basis h-column__inner h-px-lg-3 h-px-md-3 h-px-3 v-inner-lg-3 v-inner-md-3 v-inner-3 style-9482 style-local-9019-c22 position-relative\">\n              <!---->\n              <!---->\n              <div class=\"w-100 h-y-container h-column__content h-column__v-align flex-basis-100 align-self-lg-start align-self-md-start align-self-start\">\n                <!---->\n                <div data-colibri-id=\"9019-c23\" class=\"h-text h-text-component style-9485 style-local-9019-c23 position-relative h-element\">\n                  <!---->\n                  <!---->\n                  <div class=\"\">\n                    <p>16 febbraio 2024\n                      <br>Caro Alberto, sono qui a raccomandarmi come sempre a te per il mio cammino, la mia vita e infine la mia responsabilit\u00e0 come marito, padre, figlio, fratello e uomo che cerca la volont\u00e0 di Dio. Oggi mi raccomando a te insieme lass\u00f9\n                      a Cinzia, don Fausto e tutti i tuoi amicie e amici di Dio, collaboratori nell&#8217;edificare la citt\u00e0 di Dio qui in terra. Chiedete misericordia per me nelle mie situazioni attuali a Dio, una preghiera. Grazie come sempre.&nbsp;<\/p>\n                  <\/div>\n                <\/div>\n              <\/div>\n            <\/div>\n          <\/div>\n        <\/div>\n      <\/div>\n      <div data-colibri-id=\"9019-c24\" class=\"h-row-container gutters-row-lg-1 gutters-row-md-1 gutters-row-0 gutters-row-v-lg-1 gutters-row-v-md-1 gutters-row-v-1 style-3931 style-local-9019-c24 position-relative\">\n        <!---->\n        <div class=\"h-row justify-content-lg-center justify-content-md-center justify-content-center align-items-lg-stretch align-items-md-stretch align-items-stretch gutters-col-lg-1 gutters-col-md-1 gutters-col-0 gutters-col-v-lg-1 gutters-col-v-md-1 gutters-col-v-1\">\n          <!---->\n          <div class=\"h-column h-column-container d-flex h-col-lg-4 h-col-md-4 h-col-12 style-3938-outer style-local-9019-c25-outer\">\n            <div data-colibri-id=\"9019-c25\" class=\"d-flex h-flex-basis h-column__inner h-px-lg-3 h-px-md-3 h-px-3 v-inner-lg-3 v-inner-md-3 v-inner-3 style-3938 style-local-9019-c25 position-relative\">\n              <!---->\n              <!---->\n              <div class=\"w-100 h-y-container h-column__content h-column__v-align flex-basis-100 align-self-lg-start align-self-md-start align-self-start\">\n                <!---->\n                <div data-colibri-id=\"9019-c26\" class=\"h-text h-text-component style-3952 style-local-9019-c26 position-relative h-element\">\n                  <!---->\n                  <!---->\n                  <div class=\"\">\n                    <p>8 gennaio 2024\n                      <br>Prego e mi rifugio a volte nella preghiera, non sono brava ad essere costante, ma il dolore che mi ha reso buia la vita, che mi ha tolto il sole, non si pu\u00f2 spiegare a parole.&nbsp;Pregare mi d\u00e0 pace in alcuni momenti, ma il buco\n                      nero dove sono, mi lascia tanto dolore. Mi affido a Maria, madre di tutti noi e spero che mi aiuti a tornare nella vita meravigliosa che viviamo.&nbsp;<\/p>\n                  <\/div>\n                <\/div>\n              <\/div>\n            <\/div>\n          <\/div>\n          <div class=\"h-column h-column-container d-flex h-col-lg-4 h-col-md-4 h-col-12 style-3932-outer style-local-9019-c27-outer\">\n            <div data-colibri-id=\"9019-c27\" class=\"d-flex h-flex-basis h-column__inner h-px-lg-3 h-px-md-3 h-px-3 v-inner-lg-3 v-inner-md-3 v-inner-3 style-3932 style-local-9019-c27 position-relative\">\n              <!---->\n              <!---->\n              <div class=\"w-100 h-y-container h-column__content h-column__v-align flex-basis-100 align-self-lg-start align-self-md-start align-self-start\">\n                <!---->\n                <div data-colibri-id=\"9019-c28\" class=\"h-text h-text-component style-3922 style-local-9019-c28 position-relative h-element\">\n                  <!---->\n                  <!---->\n                  <div class=\"\">\n                    <p>21 dicembre 2023&nbsp;\n                      <br>A te, Alberto, chiedo la grazia della conversione di mio figlio, cos\u00ec che il suo cuore possa essere pieno di quella gioia che da sempre desidera. Per tua intercessione.<\/p>\n                  <\/div>\n                <\/div>\n              <\/div>\n            <\/div>\n          <\/div>\n          <div class=\"h-column h-column-container d-flex h-col-lg-4 h-col-md-4 h-col-12 style-3933-outer style-local-9019-c29-outer\">\n            <div data-colibri-id=\"9019-c29\" class=\"d-flex h-flex-basis h-column__inner h-px-lg-3 h-px-md-3 h-px-3 v-inner-lg-3 v-inner-md-3 v-inner-3 style-3933 style-local-9019-c29 position-relative\">\n              <!---->\n              <!---->\n              <div class=\"w-100 h-y-container h-column__content h-column__v-align flex-basis-100 align-self-lg-start align-self-md-start align-self-start\">\n                <!---->\n                <div data-colibri-id=\"9019-c30\" class=\"h-text h-text-component style-3926 style-local-9019-c30 position-relative h-element\">\n                  <!---->\n                  <!---->\n                  <div class=\"\">\n                    <p>21 dicembre 2023\n                      <br>Carissimo Alberto, ti ringrazio perch\u00e8 ho avuto il coraggio di confessarmi, ma la via per la serenit\u00e0 \u00e8 ancora lunga. Il prossimo mese mi aspetta una prova durissima ed io ho deciso di affidarmi alla volont\u00e0 del Signore. Un pensiero\n                      alla Vergine Maria cui consegno il mio cuore lacerato da tante delusioni.&nbsp;<\/p>\n                  <\/div>\n                <\/div>\n              <\/div>\n            <\/div>\n          <\/div>\n        <\/div>\n      <\/div>\n      <div data-colibri-id=\"9019-c31\" class=\"h-row-container gutters-row-lg-0 gutters-row-md-0 gutters-row-0 gutters-row-v-lg-0 gutters-row-v-md-0 gutters-row-v-0 style-3943 style-local-9019-c31 position-relative\">\n        <!---->\n        <div class=\"h-row justify-content-lg-center justify-content-md-center justify-content-center align-items-lg-stretch align-items-md-stretch align-items-stretch gutters-col-lg-0 gutters-col-md-0 gutters-col-0 gutters-col-v-lg-0 gutters-col-v-md-0 gutters-col-v-0\">\n          <!---->\n          <div class=\"h-column h-column-container d-flex h-col-lg-auto h-col-md-auto h-col-auto style-3945-outer style-local-9019-c32-outer\">\n            <div data-colibri-id=\"9019-c32\" class=\"d-flex h-flex-basis h-column__inner h-px-lg-0 h-px-md-0 h-px-0 v-inner-lg-0 v-inner-md-0 v-inner-0 style-3945 style-local-9019-c32 position-relative\">\n              <!---->\n              <!---->\n              <div class=\"w-100 h-y-container h-column__content h-column__v-align flex-basis-100 align-self-lg-start align-self-md-start align-self-start\">\n                <!---->\n                <div data-colibri-id=\"9019-c33\" class=\"d-block style-3946 style-local-9019-c33 position-relative h-element\">\n                  <!---->\n                  <div class=\"h-image__frame-container-outer\">\n                    <div class=\"h-image__frame-container\">\n                      <!---->\n                      <!---->\n                      <img loading=\"lazy\" decoding=\"async\" width=\"1278\" height=\"799\" src=\"http:\/\/santagostinorimini.it\/new_sito\/wp-content\/uploads\/2024\/01\/cropped-IMG_0419.jpg\" class=\"wp-image-9103 style-3946-image style-local-9019-c33-image\" alt=\"\" srcset=\"https:\/\/santagostinorimini.it\/new_sito\/wp-content\/uploads\/2024\/01\/cropped-IMG_0419.jpg 1278w, https:\/\/santagostinorimini.it\/new_sito\/wp-content\/uploads\/2024\/01\/cropped-IMG_0419-300x188.jpg 300w, https:\/\/santagostinorimini.it\/new_sito\/wp-content\/uploads\/2024\/01\/cropped-IMG_0419-1024x640.jpg 1024w, https:\/\/santagostinorimini.it\/new_sito\/wp-content\/uploads\/2024\/01\/cropped-IMG_0419-768x480.jpg 768w\" sizes=\"auto, (max-width: 1278px) 100vw, 1278px\" \/>\n                      <div class=\"h-image__frame h-hide-lg h-hide-md h-hide-sm style-3946-frameImage style-local-9019-c33-frameImage\"><\/div>\n                    <\/div>\n                  <\/div>\n                <\/div>\n              <\/div>\n            <\/div>\n          <\/div>\n        <\/div>\n      <\/div>\n    <\/div>\n  <\/div>\n<\/div>","protected":false},"excerpt":{"rendered":"<p>ALCUNE DELLE PREGHIERE SCRITTE PRESSO LA TOMBA DEL BEATO ALBERTO.&nbsp;UNIAMOCI A&nbsp;QUESTE INVOCAZIONI. 5 ottobre 202559 anni fa lasciavi il corpo caro Alberto. In questo giorno di grazia ti chiedo di accrescere la mia forza per lasciare andare ci\u00f2 che non piace a Ges\u00f9. A volte ho avuto dubbi su ci\u00f2 che \u00e8 giusto o sbagliato, [&hellip;]<\/p>\n","protected":false},"author":5,"featured_media":0,"parent":9712,"menu_order":0,"comment_status":"closed","ping_status":"closed","template":"page-templates\/full-width-page.php","meta":{"iawp_total_views":15,"footnotes":""},"class_list":["post-9019","page","type-page","status-publish","hentry"],"_links":{"self":[{"href":"https:\/\/santagostinorimini.it\/new_sito\/wp-json\/wp\/v2\/pages\/9019","targetHints":{"allow":["GET"]}}],"collection":[{"href":"https:\/\/santagostinorimini.it\/new_sito\/wp-json\/wp\/v2\/pages"}],"about":[{"href":"https:\/\/santagostinorimini.it\/new_sito\/wp-json\/wp\/v2\/types\/page"}],"author":[{"embeddable":true,"href":"https:\/\/santagostinorimini.it\/new_sito\/wp-json\/wp\/v2\/users\/5"}],"replies":[{"embeddable":true,"href":"https:\/\/santagostinorimini.it\/new_sito\/wp-json\/wp\/v2\/comments?post=9019"}],"version-history":[{"count":20,"href":"https:\/\/santagostinorimini.it\/new_sito\/wp-json\/wp\/v2\/pages\/9019\/revisions"}],"predecessor-version":[{"id":33994,"href":"https:\/\/santagostinorimini.it\/new_sito\/wp-json\/wp\/v2\/pages\/9019\/revisions\/33994"}],"up":[{"embeddable":true,"href":"https:\/\/santagostinorimini.it\/new_sito\/wp-json\/wp\/v2\/pages\/9712"}],"wp:attachment":[{"href":"https:\/\/santagostinorimini.it\/new_sito\/wp-json\/wp\/v2\/media?parent=9019"}],"curies":[{"name":"wp","href":"https:\/\/api.w.org\/{rel}","templated":true}]}}