{"id":956,"date":"2021-01-21T14:22:24","date_gmt":"2021-01-21T13:22:24","guid":{"rendered":"http:\/\/santagostinorimini.it\/new_sito\/?page_id=956"},"modified":"2024-05-27T18:27:54","modified_gmt":"2024-05-27T16:27:54","slug":"articoli","status":"publish","type":"page","link":"https:\/\/santagostinorimini.it\/new_sito\/pubblicazioni\/articoli\/","title":{"rendered":"Articoli"},"content":{"rendered":"<div data-colibri-id=\"956-c1\" class=\"style-724 style-local-956-c1 position-relative\">\n  <!---->\n  <div data-colibri-component=\"section\" data-colibri-id=\"956-c2\" id=\"reusable-sections\" class=\"h-section h-section-global-spacing d-flex align-items-lg-center align-items-md-center align-items-center style-725 style-local-956-c2 position-relative\">\n    <!---->\n    <!---->\n    <div class=\"h-section-grid-container h-section-boxed-container\">\n      <!---->\n      <div data-colibri-id=\"956-c17\" class=\"h-row-container gutters-row-lg-2 gutters-row-md-2 gutters-row-0 gutters-row-v-lg-2 gutters-row-v-md-2 gutters-row-v-2 style-7980 style-local-956-c17 position-relative\">\n        <!---->\n        <div class=\"h-row justify-content-lg-center justify-content-md-center justify-content-center align-items-lg-stretch align-items-md-stretch align-items-stretch gutters-col-lg-2 gutters-col-md-2 gutters-col-0 gutters-col-v-lg-2 gutters-col-v-md-2 gutters-col-v-2\">\n          <!---->\n          <div class=\"h-column h-column-container d-flex h-col-lg-auto h-col-md-auto h-col-auto style-7981-outer style-local-956-c18-outer\">\n            <div data-colibri-id=\"956-c18\" class=\"d-flex h-flex-basis h-column__inner h-px-lg-2 h-px-md-2 h-px-2 v-inner-lg-2 v-inner-md-2 v-inner-2 style-7981 style-local-956-c18 position-relative\">\n              <!---->\n              <!---->\n              <div class=\"w-100 h-y-container h-column__content h-column__v-align flex-basis-100 align-self-lg-start align-self-md-start align-self-start\">\n                <!---->\n                <div data-colibri-id=\"956-c21\" class=\"h-text h-text-component style-7984 style-local-956-c21 position-relative h-element\">\n                  <!---->\n                  <!---->\n                  <div class=\"\">\n                    <style>.wp-show-posts-columns#wpsp-19845 {margin-left: -2em; }.wp-show-posts-columns#wpsp-19845 .wp-show-posts-inner {margin: 0 0 2em 2em; }<\/style><section id=\"wpsp-19845\" class=\" wp-show-posts-columns wp-show-posts\" style=\"\"><article class=\" wp-show-posts-single post-36607 post type-post status-publish format-standard has-post-thumbnail hentry category-approfondimento category-articolo category-catechismo category-parrocchia wpsp-col-4\" itemtype=\"http:\/\/schema.org\/CreativeWork\" itemscope><div class=\"wp-show-posts-inner\" style=\"\">\t\t<div class=\"wp-show-posts-image  wpsp-image-center \">\n\t\t\t<a href=\"https:\/\/santagostinorimini.it\/new_sito\/2026\/04\/12\/diciamoci-cio-che-e-ora-di-dirci-essere-irrilevanti-e-una-fortuna\/\"  title=\"Diciamoci ci\u00f2 che \u00e8 ora di dirci: essere irrilevanti \u00e8 una fortuna.\">\t\t\t\t\t<img decoding=\"async\" src=\"https:\/\/santagostinorimini.it\/new_sito\/wp-content\/uploads\/2026\/04\/genteinchiesa-600x400.jpg\" alt=\"Diciamoci ci\u00f2 che \u00e8 ora di dirci: essere irrilevanti \u00e8 una fortuna.\" itemprop=\"image\" class=\"center\" \/>\n\t\t\t\t<\/a>\t\t<\/div>\n\t\t\t\t\t\t\t\t<header class=\"wp-show-posts-entry-header\">\n\t\t\t\t\t\t\t<h4 class=\"wp-show-posts-entry-title\" itemprop=\"headline\"><a href=\"https:\/\/santagostinorimini.it\/new_sito\/2026\/04\/12\/diciamoci-cio-che-e-ora-di-dirci-essere-irrilevanti-e-una-fortuna\/\" rel=\"bookmark\">Diciamoci ci\u00f2 che \u00e8 ora di dirci: essere irrilevanti \u00e8 una fortuna.<\/a><\/h4>\t\t\t\t\t\t<\/header><!-- .entry-header -->\n\t\t\t\t\t\t\t\t\t\t\t<div class=\"wp-show-posts-entry-summary\" itemprop=\"text\">\n\t\t\t\t\t\t\t<p>Per onorare la responsabilit\u00e0 che, come credenti, ci compete, quella di tenere acceso a disposizione di chiunque il fuoco di amore e di misericordia che Ges\u00f9 \u00e8 venuto a gettare&#8230;<\/p>\n\t\t\t\t\t\t<\/div><!-- .entry-summary -->\n\t\t\t\t\t<\/div><!-- wp-show-posts-inner --><\/article><article class=\" wp-show-posts-single post-34038 post type-post status-publish format-standard has-post-thumbnail hentry category-articolo category-don-renato category-news category-parroco wpsp-col-4\" itemtype=\"http:\/\/schema.org\/CreativeWork\" itemscope><div class=\"wp-show-posts-inner\" style=\"\">\t\t<div class=\"wp-show-posts-image  wpsp-image-center \">\n\t\t\t<a href=\"https:\/\/santagostinorimini.it\/new_sito\/2025\/12\/23\/oltre-la-porta-santa\/\"  title=\"Oltre la Porta Santa\">\t\t\t\t\t<img decoding=\"async\" src=\"https:\/\/santagostinorimini.it\/new_sito\/wp-content\/uploads\/2025\/12\/porta-600x400.jpg\" alt=\"Oltre la Porta Santa\" itemprop=\"image\" class=\"center\" \/>\n\t\t\t\t<\/a>\t\t<\/div>\n\t\t\t\t\t\t\t\t<header class=\"wp-show-posts-entry-header\">\n\t\t\t\t\t\t\t<h4 class=\"wp-show-posts-entry-title\" itemprop=\"headline\"><a href=\"https:\/\/santagostinorimini.it\/new_sito\/2025\/12\/23\/oltre-la-porta-santa\/\" rel=\"bookmark\">Oltre la Porta Santa<\/a><\/h4>\t\t\t\t\t\t<\/header><!-- .entry-header -->\n\t\t\t\t\t\t\t\t\t\t\t<div class=\"wp-show-posts-entry-summary\" itemprop=\"text\">\n\t\t\t\t\t\t\t<p>Volge al termine questo Anno Giubilare 2025 che abbiamo conosciuto come un anno di grazia. Certo, non una grazia di Dio a buon mercato, ma un&#8217;apertura del cuore a Dio&#8230;<\/p>\n\t\t\t\t\t\t<\/div><!-- .entry-summary -->\n\t\t\t\t\t<\/div><!-- wp-show-posts-inner --><\/article><article class=\" wp-show-posts-single post-33881 post type-post status-publish format-standard has-post-thumbnail hentry category-approfondimento category-articolo category-parrocchia wpsp-col-4\" itemtype=\"http:\/\/schema.org\/CreativeWork\" itemscope><div class=\"wp-show-posts-inner\" style=\"\">\t\t<div class=\"wp-show-posts-image  wpsp-image-center \">\n\t\t\t<a href=\"https:\/\/santagostinorimini.it\/new_sito\/2025\/12\/20\/giubileo-dei-cori-e-delle-corali\/\"  title=\"Giubileo dei Cori e delle Corali\">\t\t\t\t\t<img decoding=\"async\" src=\"https:\/\/santagostinorimini.it\/new_sito\/wp-content\/uploads\/2025\/12\/coro1-600x400.jpg\" alt=\"Giubileo dei Cori e delle Corali\" itemprop=\"image\" class=\"center\" \/>\n\t\t\t\t<\/a>\t\t<\/div>\n\t\t\t\t\t\t\t\t<header class=\"wp-show-posts-entry-header\">\n\t\t\t\t\t\t\t<h4 class=\"wp-show-posts-entry-title\" itemprop=\"headline\"><a href=\"https:\/\/santagostinorimini.it\/new_sito\/2025\/12\/20\/giubileo-dei-cori-e-delle-corali\/\" rel=\"bookmark\">Giubileo dei Cori e delle Corali<\/a><\/h4>\t\t\t\t\t\t<\/header><!-- .entry-header -->\n\t\t\t\t\t\t\t\t\t\t\t<div class=\"wp-show-posts-entry-summary\" itemprop=\"text\">\n\t\t\t\t\t\t\t<p>[&#8230;] Carissimi coristi e musicisti, oggi celebrate il vostro giubileo e ringraziate il Signore per avervi concesso il dono e la grazia di servirlo offrendo le vostre voci e i&#8230;<\/p>\n\t\t\t\t\t\t<\/div><!-- .entry-summary -->\n\t\t\t\t\t<\/div><!-- wp-show-posts-inner --><\/article><article class=\" wp-show-posts-single post-31132 post type-post status-publish format-standard has-post-thumbnail hentry category-articolo category-don-renato category-news category-parroco wpsp-col-4\" itemtype=\"http:\/\/schema.org\/CreativeWork\" itemscope><div class=\"wp-show-posts-inner\" style=\"\">\t\t<div class=\"wp-show-posts-image  wpsp-image-center \">\n\t\t\t<a href=\"https:\/\/santagostinorimini.it\/new_sito\/2025\/10\/21\/famiglia-e-vita\/\"  title=\"Famiglia \u00e8 vita\">\t\t\t\t\t<img decoding=\"async\" src=\"https:\/\/santagostinorimini.it\/new_sito\/wp-content\/uploads\/2025\/10\/famiglia-600x400.jpg\" alt=\"Famiglia \u00e8 vita\" itemprop=\"image\" class=\"center\" \/>\n\t\t\t\t<\/a>\t\t<\/div>\n\t\t\t\t\t\t\t\t<header class=\"wp-show-posts-entry-header\">\n\t\t\t\t\t\t\t<h4 class=\"wp-show-posts-entry-title\" itemprop=\"headline\"><a href=\"https:\/\/santagostinorimini.it\/new_sito\/2025\/10\/21\/famiglia-e-vita\/\" rel=\"bookmark\">Famiglia \u00e8 vita<\/a><\/h4>\t\t\t\t\t\t<\/header><!-- .entry-header -->\n\t\t\t\t\t\t\t\t\t\t\t<div class=\"wp-show-posts-entry-summary\" itemprop=\"text\">\n\t\t\t\t\t\t\t<p>Dalla Lettera Pastorale del Vescovo Nicol\u00f2 ricaviamo l\u2019orientamento per il cammino spirituale e pastorale della Diocesi di Rimini e della nostra comunit\u00e0 parrocchiale per l\u2019anno 2025-26. A proposito di \u201cFamiglia&#8230;<\/p>\n\t\t\t\t\t\t<\/div><!-- .entry-summary -->\n\t\t\t\t\t<\/div><!-- wp-show-posts-inner --><\/article><article class=\" wp-show-posts-single post-30891 post type-post status-publish format-standard has-post-thumbnail hentry category-approfondimento category-catechismo wpsp-col-4\" itemtype=\"http:\/\/schema.org\/CreativeWork\" itemscope><div class=\"wp-show-posts-inner\" style=\"\">\t\t<div class=\"wp-show-posts-image  wpsp-image-center \">\n\t\t\t<a href=\"https:\/\/santagostinorimini.it\/new_sito\/2025\/10\/01\/aaa-cercasi-catechiste\/\"  title=\"Dove va il catechismo\">\t\t\t\t\t<img decoding=\"async\" src=\"https:\/\/santagostinorimini.it\/new_sito\/wp-content\/uploads\/2025\/10\/cercasi-catechiste-600x400.jpg\" alt=\"Dove va il catechismo\" itemprop=\"image\" class=\"center\" \/>\n\t\t\t\t<\/a>\t\t<\/div>\n\t\t\t\t\t\t\t\t<header class=\"wp-show-posts-entry-header\">\n\t\t\t\t\t\t\t<h4 class=\"wp-show-posts-entry-title\" itemprop=\"headline\"><a href=\"https:\/\/santagostinorimini.it\/new_sito\/2025\/10\/01\/aaa-cercasi-catechiste\/\" rel=\"bookmark\">Dove va il catechismo<\/a><\/h4>\t\t\t\t\t\t<\/header><!-- .entry-header -->\n\t\t\t\t\t\t\t\t\t\t\t<div class=\"wp-show-posts-entry-summary\" itemprop=\"text\">\n\t\t\t\t\t\t\t<p>[\u2026] L\u2019iniziazione cristiana \u00e8 il settore che divora pi\u00f9 tempo e \u00abrisorse umane\u00bb di una comunit\u00e0; \u00e8 l\u2019ambito in cui le persone, soprattutto le donne, si spendono con generosit\u00e0; eppure,&#8230;<\/p>\n\t\t\t\t\t\t<\/div><!-- .entry-summary -->\n\t\t\t\t\t<\/div><!-- wp-show-posts-inner --><\/article><article class=\" wp-show-posts-single post-30639 post type-post status-publish format-standard has-post-thumbnail hentry category-approfondimento category-articolo wpsp-col-4\" itemtype=\"http:\/\/schema.org\/CreativeWork\" itemscope><div class=\"wp-show-posts-inner\" style=\"\">\t\t<div class=\"wp-show-posts-image  wpsp-image-center \">\n\t\t\t<a href=\"https:\/\/santagostinorimini.it\/new_sito\/2025\/09\/15\/le-foto-delle-vacanze-possono-passare-dai-social-ai-tribunali\/\"  title=\"Le foto delle vacanze possono passare dai social ai tribunali\">\t\t\t\t\t<img decoding=\"async\" src=\"https:\/\/santagostinorimini.it\/new_sito\/wp-content\/uploads\/2025\/09\/52-smartphone-cropped-56-600x400.jpg\" alt=\"Le foto delle vacanze possono passare dai social ai tribunali\" itemprop=\"image\" class=\"center\" \/>\n\t\t\t\t<\/a>\t\t<\/div>\n\t\t\t\t\t\t\t\t<header class=\"wp-show-posts-entry-header\">\n\t\t\t\t\t\t\t<h4 class=\"wp-show-posts-entry-title\" itemprop=\"headline\"><a href=\"https:\/\/santagostinorimini.it\/new_sito\/2025\/09\/15\/le-foto-delle-vacanze-possono-passare-dai-social-ai-tribunali\/\" rel=\"bookmark\">Le foto delle vacanze possono passare dai social ai tribunali<\/a><\/h4>\t\t\t\t\t\t<\/header><!-- .entry-header -->\n\t\t\t\t\t\t\t\t\t\t\t<div class=\"wp-show-posts-entry-summary\" itemprop=\"text\">\n\t\t\t\t\t\t\t<p>(Famiglia Cristiana 32\/2025) &#8211; Scattare fotografie al paesaggio e ai luoghi visitati durante le vacanze \u00e8 sicuramente un&#8217;attivit\u00e0 molto gratificante. Molto spesso le fotografie vengono poi pubblicate sui social, per&#8230;<\/p>\n\t\t\t\t\t\t<\/div><!-- .entry-summary -->\n\t\t\t\t\t<\/div><!-- wp-show-posts-inner --><\/article><div class=\"wpsp-clear\"><\/div><\/section><!-- .wp-show-posts --><div class=\"wpsp-load-more\"><span aria-current=\"page\" class=\"page-numbers current\">1<\/span>\n<a class=\"page-numbers\" href=\"https:\/\/santagostinorimini.it\/new_sito\/wp-json\/wp\/v2\/pages\/956\/page\/2\/\">2<\/a>\n<span class=\"page-numbers dots\">&hellip;<\/span>\n<a class=\"page-numbers\" href=\"https:\/\/santagostinorimini.it\/new_sito\/wp-json\/wp\/v2\/pages\/956\/page\/8\/\">8<\/a>\n<a class=\"next page-numbers\" href=\"https:\/\/santagostinorimini.it\/new_sito\/wp-json\/wp\/v2\/pages\/956\/page\/2\/\">Next &rarr;<\/a><\/div>\n                  <\/div>\n                <\/div>\n              <\/div>\n            <\/div>\n          <\/div>\n        <\/div>\n      <\/div>\n    <\/div>\n  <\/div>\n<\/div>","protected":false},"excerpt":{"rendered":"","protected":false},"author":1,"featured_media":0,"parent":216,"menu_order":3,"comment_status":"closed","ping_status":"closed","template":"page-templates\/full-width-page.php","meta":{"iawp_total_views":85,"footnotes":""},"class_list":["post-956","page","type-page","status-publish","hentry"],"_links":{"self":[{"href":"https:\/\/santagostinorimini.it\/new_sito\/wp-json\/wp\/v2\/pages\/956","targetHints":{"allow":["GET"]}}],"collection":[{"href":"https:\/\/santagostinorimini.it\/new_sito\/wp-json\/wp\/v2\/pages"}],"about":[{"href":"https:\/\/santagostinorimini.it\/new_sito\/wp-json\/wp\/v2\/types\/page"}],"author":[{"embeddable":true,"href":"https:\/\/santagostinorimini.it\/new_sito\/wp-json\/wp\/v2\/users\/1"}],"replies":[{"embeddable":true,"href":"https:\/\/santagostinorimini.it\/new_sito\/wp-json\/wp\/v2\/comments?post=956"}],"version-history":[{"count":17,"href":"https:\/\/santagostinorimini.it\/new_sito\/wp-json\/wp\/v2\/pages\/956\/revisions"}],"predecessor-version":[{"id":19863,"href":"https:\/\/santagostinorimini.it\/new_sito\/wp-json\/wp\/v2\/pages\/956\/revisions\/19863"}],"up":[{"embeddable":true,"href":"https:\/\/santagostinorimini.it\/new_sito\/wp-json\/wp\/v2\/pages\/216"}],"wp:attachment":[{"href":"https:\/\/santagostinorimini.it\/new_sito\/wp-json\/wp\/v2\/media?parent=956"}],"curies":[{"name":"wp","href":"https:\/\/api.w.org\/{rel}","templated":true}]}}